{"id":904,"date":"2018-12-18T09:49:52","date_gmt":"2018-12-18T08:49:52","guid":{"rendered":"https:\/\/go-comida.com\/?page_id=904"},"modified":"2020-03-30T14:23:03","modified_gmt":"2020-03-30T12:23:03","slug":"wine-and-food-experiences","status":"publish","type":"page","link":"https:\/\/go-comida.com\/it\/wine-and-food-experiences\/","title":{"rendered":"<h1 style=\"text-align: center;\">Enogastronomia"},"content":{"rendered":"<p><\/p>\n\n\n\n<h2 class=\"has-text-align-center wp-block-heading\">I&nbsp;migliori piaceri della Sardegna<\/h2>\n\n\n\n<h2 class=\"has-text-align-center wp-block-heading\">Avete mai provato un potente Cannonau? Un fruttato e minerale Vermentino? Un vino Orange?<\/h2>\n\n\n\n<h2 class=\"has-text-align-center wp-block-heading\">Questa \u00e8 la vostra occasione!<\/h2>\n\n\n\n<p>I vini sardi non sono esportati fuori dall\u2019isola in grande quantit\u00e0 e di conseguenza non sono ampiamente conosciuti. Nonostante ci\u00f2, il clima e il terroir sono in grado di creare, con l\u2019aiuto delle mani esperte dei produttori, dei vini di elevato gradimento. La variet\u00e0 \u00e8 ampia e i produttori (oltre il centinaio) anche. Questo significa che \u00e8 possibile spaziare dai bianchi ai rossi passando per i ros\u00e9 e gli orange, dolci o secchi, fermi o spumantizzati.<\/p>\n\n\n\n<p>Abbiamo avuto il piacere di esplorare varie aree per scoprire alcuni dei migliori produttori, dalle piccole vigne a conduzione familiare a quelle di dimensioni pi\u00f9 importanti. Lavoriamo con persone che condividendo la nostra stessa passione e cultura per il vino ci accompagneranno a fare una passeggiata in vigna e una visita in cantina, dove la sapiente arte dei viticoltori&nbsp;trasforma il prodotto delle vigne nell\u2019accompagnamento ideale per le nostre tavole.<\/p>\n\n\n\n<p>Durante la primavera sar\u00e0 possibile vedere l\u2019inizio della formazione dei grappoli che arriveranno a maturazione durante il mese di agosto e settembre per essere poi raccolti con la vendemmia che avverr\u00e0 in tarda estate o nei primi giorni d\u2019autunno. Scoprirete come ci si prende cura della vigna, dei vitigni e come si svolge il processo della vendemmia e magari prenderne parte.<\/p>\n\n\n\n<div class=\"wp-block-media-text alignwide\"><figure class=\"wp-block-media-text__media\"><img loading=\"lazy\" decoding=\"async\" width=\"785\" height=\"1024\" src=\"https:\/\/go-comida.com\/wp-content\/uploads\/2018\/12\/20181028_191715-785x1024.jpg\" alt=\"\" class=\"wp-image-1167\" srcset=\"https:\/\/go-comida.com\/wp-content\/uploads\/2018\/12\/20181028_191715-785x1024.jpg 785w, https:\/\/go-comida.com\/wp-content\/uploads\/2018\/12\/20181028_191715-230x300.jpg 230w, https:\/\/go-comida.com\/wp-content\/uploads\/2018\/12\/20181028_191715-768x1002.jpg 768w, https:\/\/go-comida.com\/wp-content\/uploads\/2018\/12\/20181028_191715-1170x1526.jpg 1170w\" sizes=\"auto, (max-width: 785px) 100vw, 785px\" \/><\/figure><div class=\"wp-block-media-text__content\">\n<h2 class=\"wp-block-heading\">Volete immergervi nella cultura del vino per tutto il giorno?<\/h2>\n\n\n\n<p>Se volete fare una giornata di degustazioni, possiamo selezionare per voi una lista di Cantine che vi mostreranno i diversi aspetti che la tradizione vitivinicola sarda pu\u00f2 esprimere.<\/p>\n\n\n\n<h2 class=\"wp-block-heading\">Un tour veloce alla fine della giornata?<\/h2>\n\n\n\n<p>Se preferite concludere una giornata in escursione con una degustazione in cantina, sar\u00e0 nostro piacere aggiungerla alla fine della giornata con noi.<\/p>\n\n\n\n<h2 class=\"wp-block-heading\">Vuoi scoprire come si fa il formaggio, la pasta fatta in casa, il pane o l&#8217;olio d&#8217;oliva?<\/h2>\n\n\n\n<p>A seconda del periodo dell&#8217;anno pu\u00f2 essere possibile organizzare una visita ad un frutteto per vedere e\/o dare una mano nella raccolta delle arance, delle olive o delle pesche. O magari una visita al pastore per vedere come si fa il formaggio? O magari una visita in un&#8217;abitazione locale per vedere come si fa la pasta fatta in casa o il pane. <\/p>\n\n\n\n<div class=\"wp-block-button aligncenter is-style-outline is-style-outline--2\"><a class=\"wp-block-button__link has-text-color has-background\" href=\"https:\/\/go-comida.com\/it\/contact-us\/\" style=\"background-color:#f39200;color:#3d2d17;border-radius:22px\">Contattaci per scoprire di pi\u00f9<\/a><\/div>\n<\/div><\/div>\n\n\n\n<div class=\"wp-block-media-text alignwide has-media-on-the-right\"><figure class=\"wp-block-media-text__media\"><img loading=\"lazy\" decoding=\"async\" width=\"1024\" height=\"576\" src=\"https:\/\/go-comida.com\/wp-content\/uploads\/2018\/12\/Wine-tasting-1024x576.jpg\" alt=\"\" class=\"wp-image-1196\" srcset=\"https:\/\/go-comida.com\/wp-content\/uploads\/2018\/12\/Wine-tasting-1024x576.jpg 1024w, https:\/\/go-comida.com\/wp-content\/uploads\/2018\/12\/Wine-tasting-300x169.jpg 300w, https:\/\/go-comida.com\/wp-content\/uploads\/2018\/12\/Wine-tasting-768x432.jpg 768w, https:\/\/go-comida.com\/wp-content\/uploads\/2018\/12\/Wine-tasting-1170x658.jpg 1170w\" sizes=\"auto, (max-width: 1024px) 100vw, 1024px\" \/><\/figure><div class=\"wp-block-media-text__content\">\n<h2 class=\"wp-block-heading\">Siete alla ricerca di qualcosa di diverso per la serata?<\/h2>\n\n\n\n<p>Avete delle bottiglie che vorreste aprire e degustare, apprezzandone a pieno le caratteristiche? Avete bisogno di un Sommelier che guidi voi e i vostri amici alla comprensione dell\u2019esperienza degustativa, per un\u2019occasione speciale, nella comodit\u00e0 della vostra casa? Contattateci e saremo in grado di rendere la vostra serata con gli amici in una esperienza sensoriale e di cultura enologica.<\/p>\n\n\n\n<h2 class=\"wp-block-heading\">Siete amanti del buon cibo?<\/h2>\n\n\n\n<p>Volete fare un pranzo, una cena o una degustazione di prodotti tipici a complemento di una giornata di escursione. Fidatevi della nostra esperienza e con l\u2019aiuto dei nostri partner selezionati vi faremo scoprire il meglio delle tipicit\u00e0 nostrane.<\/p>\n<\/div><\/div>\n\n\n\n<p><\/p>\n\n\n\n<figure class=\"wp-block-gallery columns-3 is-cropped wp-block-gallery-3 is-layout-flex wp-block-gallery-is-layout-flex\"><ul class=\"blocks-gallery-grid\"><li class=\"blocks-gallery-item\"><figure><img loading=\"lazy\" decoding=\"async\" width=\"1024\" height=\"576\" src=\"https:\/\/go-comida.com\/wp-content\/uploads\/2018\/12\/20181110_175848-1024x576.jpg\" alt=\"\" data-id=\"1169\" data-link=\"https:\/\/go-comida.com\/20181110_175848\/\" class=\"wp-image-1169\" srcset=\"https:\/\/go-comida.com\/wp-content\/uploads\/2018\/12\/20181110_175848-1024x576.jpg 1024w, https:\/\/go-comida.com\/wp-content\/uploads\/2018\/12\/20181110_175848-300x169.jpg 300w, https:\/\/go-comida.com\/wp-content\/uploads\/2018\/12\/20181110_175848-768x432.jpg 768w, https:\/\/go-comida.com\/wp-content\/uploads\/2018\/12\/20181110_175848-1170x658.jpg 1170w\" sizes=\"auto, (max-width: 1024px) 100vw, 1024px\" \/><figcaption class=\"blocks-gallery-item__caption\">Scoprite il mondo dei formaggi e dei salumi sardi<\/figcaption><\/figure><\/li><li class=\"blocks-gallery-item\"><figure><img loading=\"lazy\" decoding=\"async\" width=\"1024\" height=\"576\" src=\"https:\/\/go-comida.com\/wp-content\/uploads\/2018\/12\/20181014_193452-1024x576.jpg\" alt=\"\" data-id=\"1160\" data-link=\"https:\/\/go-comida.com\/20181014_193452\/\" class=\"wp-image-1160\" srcset=\"https:\/\/go-comida.com\/wp-content\/uploads\/2018\/12\/20181014_193452-1024x576.jpg 1024w, https:\/\/go-comida.com\/wp-content\/uploads\/2018\/12\/20181014_193452-300x169.jpg 300w, https:\/\/go-comida.com\/wp-content\/uploads\/2018\/12\/20181014_193452-768x432.jpg 768w, https:\/\/go-comida.com\/wp-content\/uploads\/2018\/12\/20181014_193452-1170x658.jpg 1170w\" sizes=\"auto, (max-width: 1024px) 100vw, 1024px\" \/><figcaption class=\"blocks-gallery-item__caption\">Il vino \u00e8 una parte forte della cultura sarda<\/figcaption><\/figure><\/li><li class=\"blocks-gallery-item\"><figure><img loading=\"lazy\" decoding=\"async\" width=\"1024\" height=\"576\" src=\"https:\/\/go-comida.com\/wp-content\/uploads\/2018\/12\/20180422_144250-1024x576.jpg\" alt=\"\" data-id=\"1145\" data-link=\"https:\/\/go-comida.com\/20180422_144250\/\" class=\"wp-image-1145\" srcset=\"https:\/\/go-comida.com\/wp-content\/uploads\/2018\/12\/20180422_144250-1024x576.jpg 1024w, https:\/\/go-comida.com\/wp-content\/uploads\/2018\/12\/20180422_144250-300x169.jpg 300w, https:\/\/go-comida.com\/wp-content\/uploads\/2018\/12\/20180422_144250-768x432.jpg 768w, https:\/\/go-comida.com\/wp-content\/uploads\/2018\/12\/20180422_144250-1170x658.jpg 1170w\" sizes=\"auto, (max-width: 1024px) 100vw, 1024px\" \/><figcaption class=\"blocks-gallery-item__caption\">Un semplice pranzo sardo tra amici<\/figcaption><\/figure><\/li><li class=\"blocks-gallery-item\"><figure><img loading=\"lazy\" decoding=\"async\" width=\"1024\" height=\"576\" src=\"https:\/\/go-comida.com\/wp-content\/uploads\/2018\/12\/c1-1024x576.jpg\" alt=\"\" data-id=\"929\" data-link=\"https:\/\/go-comida.com\/c1\/\" class=\"wp-image-929\" srcset=\"https:\/\/go-comida.com\/wp-content\/uploads\/2018\/12\/c1-1024x576.jpg 1024w, https:\/\/go-comida.com\/wp-content\/uploads\/2018\/12\/c1-300x169.jpg 300w, https:\/\/go-comida.com\/wp-content\/uploads\/2018\/12\/c1-768x432.jpg 768w, https:\/\/go-comida.com\/wp-content\/uploads\/2018\/12\/c1-1170x658.jpg 1170w\" sizes=\"auto, (max-width: 1024px) 100vw, 1024px\" \/><figcaption class=\"blocks-gallery-item__caption\">Visita in vigna a vedere le uve in maturazione<\/figcaption><\/figure><\/li><li class=\"blocks-gallery-item\"><figure><img loading=\"lazy\" decoding=\"async\" width=\"1024\" height=\"768\" src=\"https:\/\/go-comida.com\/wp-content\/uploads\/2018\/07\/20180516_184836-1024x768.jpg\" alt=\"\" data-id=\"640\" data-link=\"https:\/\/go-comida.com\/20180516_184836\/\" class=\"wp-image-640\" srcset=\"https:\/\/go-comida.com\/wp-content\/uploads\/2018\/07\/20180516_184836-1024x768.jpg 1024w, https:\/\/go-comida.com\/wp-content\/uploads\/2018\/07\/20180516_184836-300x225.jpg 300w, https:\/\/go-comida.com\/wp-content\/uploads\/2018\/07\/20180516_184836-768x576.jpg 768w, https:\/\/go-comida.com\/wp-content\/uploads\/2018\/07\/20180516_184836-1170x878.jpg 1170w\" sizes=\"auto, (max-width: 1024px) 100vw, 1024px\" \/><figcaption class=\"blocks-gallery-item__caption\">Un aperitivo fronte spiaggia<\/figcaption><\/figure><\/li><\/ul><\/figure>\n\n\n\n<p><br><\/p>","protected":false},"excerpt":{"rendered":"<p>I&nbsp;migliori piaceri della Sardegna Avete mai provato un potente Cannonau? Un fruttato e minerale Vermentino? Un vino Orange? Questa \u00e8 la vostra occasione! I vini sardi non sono esportati fuori dall\u2019isola in grande quantit\u00e0 e di conseguenza non sono ampiamente conosciuti. Nonostante ci\u00f2, il clima e il terroir sono in grado di creare, con l\u2019aiuto&hellip; <a href=\"https:\/\/go-comida.com\/it\/wine-and-food-experiences\/\">Continue reading&#8230;<\/a><\/p>\n","protected":false},"author":1,"featured_media":0,"parent":0,"menu_order":0,"comment_status":"closed","ping_status":"closed","template":"","meta":{"nf_dc_page":"","footnotes":""},"class_list":["post-904","page","type-page","status-publish","hentry"],"_links":{"self":[{"href":"https:\/\/go-comida.com\/it\/wp-json\/wp\/v2\/pages\/904","targetHints":{"allow":["GET"]}}],"collection":[{"href":"https:\/\/go-comida.com\/it\/wp-json\/wp\/v2\/pages"}],"about":[{"href":"https:\/\/go-comida.com\/it\/wp-json\/wp\/v2\/types\/page"}],"author":[{"embeddable":true,"href":"https:\/\/go-comida.com\/it\/wp-json\/wp\/v2\/users\/1"}],"replies":[{"embeddable":true,"href":"https:\/\/go-comida.com\/it\/wp-json\/wp\/v2\/comments?post=904"}],"version-history":[{"count":0,"href":"https:\/\/go-comida.com\/it\/wp-json\/wp\/v2\/pages\/904\/revisions"}],"wp:attachment":[{"href":"https:\/\/go-comida.com\/it\/wp-json\/wp\/v2\/media?parent=904"}],"curies":[{"name":"wp","href":"https:\/\/api.w.org\/{rel}","templated":true}]}}