{"id":4200,"date":"2020-07-15T09:39:19","date_gmt":"2020-07-15T07:39:19","guid":{"rendered":"https:\/\/go-comida.com\/?page_id=4200"},"modified":"2022-09-22T23:31:25","modified_gmt":"2022-09-22T21:31:25","slug":"tortoli-antica-al-tramonto","status":"publish","type":"page","link":"https:\/\/go-comida.com\/it\/tortoli-antica-al-tramonto\/","title":{"rendered":"<h1 style=\"text-align: center;\">Tortol\u00ec Antica al Tramonto"},"content":{"rendered":"<h3 class=\"has-text-align-center wp-block-heading\">Tour Storico-Culturale al Tramonto<\/h3>\r\n\r\n<p>&nbsp;<\/p>\r\n\r\n<div class=\"wp-block-media-text alignwide has-media-on-the-right is-stacked-on-mobile\">\r\n<figure class=\"wp-block-media-text__media\"><img loading=\"lazy\" decoding=\"async\" width=\"886\" height=\"638\" class=\"wp-image-4251 size-full\" src=\"https:\/\/go-comida.com\/wp-content\/uploads\/2020\/07\/Foto-tortoli-antica-new.jpg\" alt=\"\" srcset=\"https:\/\/go-comida.com\/wp-content\/uploads\/2020\/07\/Foto-tortoli-antica-new.jpg 886w, https:\/\/go-comida.com\/wp-content\/uploads\/2020\/07\/Foto-tortoli-antica-new-300x216.jpg 300w, https:\/\/go-comida.com\/wp-content\/uploads\/2020\/07\/Foto-tortoli-antica-new-768x553.jpg 768w\" sizes=\"auto, (max-width: 886px) 100vw, 886px\" \/><\/figure>\r\n<div class=\"wp-block-media-text__content\">\r\n<p>&nbsp;<\/p>\r\n\r\n\r\n\r\n<p>Il territorio di Tortol\u00ec si fregia di una storia che inizia in un passato lontano del quale abbiamo testimonianze risalenti ad almeno 6000 anni fa. Allora il granito rappresentava il materiale capace di garantire una lunghissima durata nel tempo e quindi era usato per creare manufatti che avevano un\u2019importanza fondamentale per la vita dell\u2019epoca, specialmente a scopo rituale. Tali testimonianze sono sparse per il nostro territorio, a volte nascoste e a volte ben visibili ma tutte capaci di raccontare tante storie di un\u2019epoca lontana. Questo stesso territorio dal passato glorioso \u00e8 ora diventato anche il luogo del turismo moderno in un contrasto che a volte non si riesce a cogliere.<\/p>\r\n\r\n\r\n\r\n<p>Questa passeggiata si svolge tra la campagna e le spiagge alla scoperta delle testimonianze della storia antica di Tortol\u00ec. Avremo modo di vedere i Menhir di Perda Longa \u2013 qui chiamati \u201cis perdas fittas\u201d \u2013 le Domus de Janas e le incisioni rupestri nel granito. Cammineremo anche in spiaggia (lungo la battigia e gli scogli) per poi concederci una pausa finale per goderci il tramonto.<\/p>\r\n\r\n\r\n\r\n<p>&nbsp;<\/p>\r\n\r\n\r\n\r\n<div class=\"wp-block-buttons is-content-justification-center is-layout-flex wp-container-core-buttons-is-layout-16018d1d wp-block-buttons-is-layout-flex\">\r\n<div class=\"wp-block-button has-custom-width wp-block-button__width-50\"><a class=\"wp-block-button__link has-text-color has-background\" style=\"border-radius: 50px; background-color: #f39200; color: #ffffff;\" href=\"https:\/\/go-comida.com\/events\/tortoli-antica\" target=\"_blank\" rel=\"noreferrer noopener\"><strong>Prenota<\/strong><\/a><\/div>\r\n<\/div>\r\n\r\n\r\n\r\n<p>&nbsp;<\/p>\r\n\r\n\r\n\r\n<div class=\"wp-block-buttons is-content-justification-center is-layout-flex wp-container-core-buttons-is-layout-16018d1d wp-block-buttons-is-layout-flex\">\r\n<div class=\"wp-block-button has-custom-width wp-block-button__width-50\"><a class=\"wp-block-button__link has-text-color has-background\" style=\"border-radius: 50px; background-color: #f39200; color: #ffffff;\" href=\"https:\/\/go-comida.com\/monthly_cal\/\" target=\"_blank\" rel=\"noreferrer noopener\"><strong>Calendario Completo<\/strong><\/a><\/div>\r\n<\/div>\r\n\r\n\r\n\r\n<p>&nbsp;<\/p>\r\n\r\n\r\n\r\n<p>&nbsp;<\/p>\r\n<\/div>\r\n<\/div>\r\n\r\n<p>&nbsp;<\/p>\r\n\r\n<h3 class=\"wp-block-heading\">Partenza e arrivo:<\/h3>\r\n\r\n<p>&nbsp;<\/p>\r\n\r\n<p><a href=\"https:\/\/goo.gl\/maps\/y93xyTbRq9fcLqfR9\">Chiesa Campestre San Salvatore &#8211; Tortol\u00ec<\/a><br \/>Google Maps: <a href=\"https:\/\/goo.gl\/maps\/y93xyTbRq9fcLqfR9\">https:\/\/goo.gl\/maps\/y93xyTbRq9fcLqfR9<\/a> <br \/>\u00c8 anche possibile concordare un luogo d&#8217;incontro alternativo.<\/p>\r\n\r\n<p>&nbsp;<\/p>\r\n\r\n<h3 class=\"wp-block-heading\">Orari e dettagli:<\/h3>\r\n\r\n<p>&nbsp;<\/p>\r\n\r\n<p>Orario: 17:30 \u2013 21:00<br \/>Lunghezza percorso: 6,5 km<br \/>Totale camminata: 2,5 ore circa<br \/>Dislivello: +\/- 70 m <br \/>Difficolt\u00e0: T \u2013 semplice (adatto a tutti)<\/p>\r\n\r\n<p>&nbsp;<\/p>\r\n\r\n<h3 class=\"wp-block-heading\">Di cosa hai bisogno?<\/h3>\r\n\r\n<p>&nbsp;<\/p>\r\n\r\n<p>Abbigliamento comodo adeguato alla stagione, scarpe chiuse (da trekking o da ginnastica), asciugamano, merenda e acqua.<\/p>\r\n\r\n<p>&nbsp;<\/p>\r\n\r\n<h3 class=\"wp-block-heading\">Guida<\/h3>\r\n\r\n<p>&nbsp;<\/p>\r\n\r\n<p>L&#8217;escursione \u00e8 condotta da Gianfranco Comida, Guida Ambientale Escursionistica iscritta al Registro GAE della Regione Autonoma della Sardegna n.799, e al Registro GAE Nazionale presso AIGAE n. SA496. La guida \u00e8 coperta da assicurazione RC.<\/p>\r\n\r\n<p>&nbsp;<\/p>\r\n\r\n<h3 class=\"wp-block-heading\">Come prenotare:<\/h3>\r\n\r\n<p>&nbsp;<\/p>\r\n\r\n<p>Questo tour si svolge nei pomeriggi di mercoled\u00ec e domenica. Su richiesta e salvo disponibilit\u00e0 \u00e8 possibile prenotare anche in giorni diversi. Contattaci per maggiori dettagli e info sui costi.<\/p>\r\n\r\n<p>&nbsp;<\/p>\r\n\r\n<figure class=\"wp-block-gallery has-nested-images columns-4 is-cropped wp-block-gallery-2 is-layout-flex wp-block-gallery-is-layout-flex\">\r\n<figure class=\"wp-block-image size-thumbnail\"><img loading=\"lazy\" decoding=\"async\" width=\"150\" height=\"150\" data-id=\"4217\" class=\"wp-image-4217\" src=\"https:\/\/go-comida.com\/wp-content\/uploads\/2020\/07\/Tortol\u00ec-antica-al-Tramonto-7-150x150.png\" alt=\"\" \/><\/figure>\r\n\r\n\r\n\r\n<figure class=\"wp-block-image size-thumbnail\"><img loading=\"lazy\" decoding=\"async\" width=\"150\" height=\"150\" data-id=\"4215\" class=\"wp-image-4215\" src=\"https:\/\/go-comida.com\/wp-content\/uploads\/2020\/07\/Tortol\u00ec-antica-al-Tramonto-5-150x150.jpg\" alt=\"\" \/><\/figure>\r\n\r\n\r\n\r\n<figure class=\"wp-block-image size-thumbnail\"><img loading=\"lazy\" decoding=\"async\" width=\"150\" height=\"150\" data-id=\"4214\" class=\"wp-image-4214\" src=\"https:\/\/go-comida.com\/wp-content\/uploads\/2020\/07\/Tortol\u00ec-antica-al-Tramonto-4-150x150.jpg\" alt=\"\" \/><\/figure>\r\n\r\n\r\n\r\n<figure class=\"wp-block-image size-thumbnail\"><img loading=\"lazy\" decoding=\"async\" width=\"150\" height=\"150\" data-id=\"4213\" class=\"wp-image-4213\" src=\"https:\/\/go-comida.com\/wp-content\/uploads\/2020\/07\/Tortol\u00ec-antica-al-Tramonto-3-150x150.jpg\" alt=\"\" \/><\/figure>\r\n<\/figure>\r\n\r\n<p>&nbsp;<\/p>\r\n\r\n<h4 class=\"wp-block-heading\"><a href=\"https:\/\/go-comida.com\/it\/contact-us\/\">Contattaci<\/a> per informazioni, prenotazioni e dettagli per il pagamento via telefono, Whatsapp o mail.<\/h4>\r\n\r\n<p>&nbsp;<\/p>\r\n<hr class=\"wp-block-separator has-text-color has-background is-style-wide\" style=\"background-color: #f39200; color: #f39200;\" \/>\r\n<p>&nbsp;<\/p>\r\n\r\n<h2 class=\"wp-block-heading\"><a href=\"https:\/\/go-comida.com\/it\/what-we-offer\/\">Altre escursioni settimanali:<\/a><\/h2>\r\n\r\n<p>&nbsp;<\/p>\r\n\r\n<p>&nbsp;<\/p>\r\n\r\n<p>&nbsp;<\/p>\r\n\r\n<div class=\"wp-block-columns are-vertically-aligned-center is-layout-flex wp-container-core-columns-is-layout-9d6595d7 wp-block-columns-is-layout-flex\">\r\n<div class=\"wp-block-column is-vertically-aligned-center is-layout-flow wp-block-column-is-layout-flow\" style=\"flex-basis: 33.33%;\">\r\n<figure class=\"wp-block-image size-large\"><a href=\"https:\/\/go-comida.com\/it\/sentiero-dei-tacchi\/\"><img loading=\"lazy\" decoding=\"async\" width=\"886\" height=\"638\" class=\"wp-image-4256\" src=\"https:\/\/go-comida.com\/wp-content\/uploads\/2020\/07\/Foto-Ulassai-breve-new.jpg\" alt=\"\" srcset=\"https:\/\/go-comida.com\/wp-content\/uploads\/2020\/07\/Foto-Ulassai-breve-new.jpg 886w, https:\/\/go-comida.com\/wp-content\/uploads\/2020\/07\/Foto-Ulassai-breve-new-300x216.jpg 300w, https:\/\/go-comida.com\/wp-content\/uploads\/2020\/07\/Foto-Ulassai-breve-new-768x553.jpg 768w\" sizes=\"auto, (max-width: 886px) 100vw, 886px\" \/><\/a><\/figure>\r\n<\/div>\r\n\r\n\r\n\r\n<div class=\"wp-block-column is-vertically-aligned-center is-layout-flow wp-block-column-is-layout-flow\" style=\"flex-basis: 66.66%;\">\r\n<h2 class=\"wp-block-heading\"><a href=\"https:\/\/go-comida.com\/it\/sentiero-dei-tacchi\/\">Sentiero dei Tacchi d&#8217;Ogliastra<\/a><\/h2>\r\n\r\n\r\n\r\n<h4 class=\"wp-block-heading\">Ogni Luned\u00ec<\/h4>\r\n\r\n\r\n\r\n<h4 class=\"wp-block-heading\">08:30-13:30<\/h4>\r\n<\/div>\r\n<\/div>\r\n\r\n<p>&nbsp;<\/p>\r\n\r\n<div class=\"wp-block-columns are-vertically-aligned-center is-layout-flex wp-container-core-columns-is-layout-9d6595d7 wp-block-columns-is-layout-flex\">\r\n<div class=\"wp-block-column is-vertically-aligned-center is-layout-flow wp-block-column-is-layout-flow\" style=\"flex-basis: 33.33%;\">\r\n<figure class=\"wp-block-image size-large\"><a href=\"https:\/\/go-comida.com\/it\/terra-dei-centenari\/\"><img loading=\"lazy\" decoding=\"async\" width=\"886\" height=\"638\" class=\"wp-image-3999\" src=\"https:\/\/go-comida.com\/wp-content\/uploads\/2020\/06\/Foto-Terra-dei-centenari-flipped-no-words-no-price.jpg\" alt=\"\" srcset=\"https:\/\/go-comida.com\/wp-content\/uploads\/2020\/06\/Foto-Terra-dei-centenari-flipped-no-words-no-price.jpg 886w, https:\/\/go-comida.com\/wp-content\/uploads\/2020\/06\/Foto-Terra-dei-centenari-flipped-no-words-no-price-300x216.jpg 300w, https:\/\/go-comida.com\/wp-content\/uploads\/2020\/06\/Foto-Terra-dei-centenari-flipped-no-words-no-price-768x553.jpg 768w\" sizes=\"auto, (max-width: 886px) 100vw, 886px\" \/><\/a><\/figure>\r\n<\/div>\r\n\r\n\r\n\r\n<div class=\"wp-block-column is-vertically-aligned-center is-layout-flow wp-block-column-is-layout-flow\" style=\"flex-basis: 66.66%;\">\r\n<h2 class=\"wp-block-heading\"><a href=\"https:\/\/go-comida.com\/it\/terra-dei-centenari\/\">Alla scoperta della Terra dei Centenari<\/a><\/h2>\r\n\r\n\r\n\r\n<h4 class=\"wp-block-heading\">Ogni Mercoled\u00ec<\/h4>\r\n\r\n\r\n\r\n<h4 class=\"wp-block-heading\">08:30-13:00<\/h4>\r\n<\/div>\r\n<\/div>\r\n\r\n<p>&nbsp;<\/p>\r\n\r\n<div class=\"wp-block-columns are-vertically-aligned-center is-layout-flex wp-container-core-columns-is-layout-9d6595d7 wp-block-columns-is-layout-flex\">\r\n<div class=\"wp-block-column is-vertically-aligned-center is-layout-flow wp-block-column-is-layout-flow\" style=\"flex-basis: 33.33%;\">\r\n<figure class=\"wp-block-image size-large\"><a href=\"https:\/\/go-comida.com\/it\/sentiero-dei-pastori\/\"><img loading=\"lazy\" decoding=\"async\" width=\"886\" height=\"638\" class=\"wp-image-4259\" src=\"https:\/\/go-comida.com\/wp-content\/uploads\/2020\/07\/Foto-Bosco-di-Pastori-Villagrande-new.jpg\" alt=\"\" srcset=\"https:\/\/go-comida.com\/wp-content\/uploads\/2020\/07\/Foto-Bosco-di-Pastori-Villagrande-new.jpg 886w, https:\/\/go-comida.com\/wp-content\/uploads\/2020\/07\/Foto-Bosco-di-Pastori-Villagrande-new-300x216.jpg 300w, https:\/\/go-comida.com\/wp-content\/uploads\/2020\/07\/Foto-Bosco-di-Pastori-Villagrande-new-768x553.jpg 768w\" sizes=\"auto, (max-width: 886px) 100vw, 886px\" \/><\/a><\/figure>\r\n<\/div>\r\n\r\n\r\n\r\n<div class=\"wp-block-column is-vertically-aligned-center is-layout-flow wp-block-column-is-layout-flow\" style=\"flex-basis: 66.66%;\">\r\n<h2 class=\"wp-block-heading\"><a href=\"https:\/\/go-comida.com\/it\/sentiero-dei-pastori\/\">Sentiero dei Pastori<\/a><\/h2>\r\n\r\n\r\n\r\n<h4 class=\"wp-block-heading\">Ogni Venerd\u00ec<\/h4>\r\n\r\n\r\n\r\n<h4 class=\"wp-block-heading\">08:30-13:00<\/h4>\r\n<\/div>\r\n<\/div>\r\n\r\n<p>&nbsp;<\/p>\r\n\r\n<div class=\"wp-block-columns is-layout-flex wp-container-core-columns-is-layout-9d6595d7 wp-block-columns-is-layout-flex\">\r\n<div class=\"wp-block-column is-vertically-aligned-center is-layout-flow wp-block-column-is-layout-flow\" style=\"flex-basis: 33.33%;\">\r\n<figure class=\"wp-block-image size-large\"><a href=\"https:\/\/go-comida.com\/it\/tortoli-antica-al-tramonto\/\"><img loading=\"lazy\" decoding=\"async\" width=\"886\" height=\"638\" class=\"wp-image-4251\" src=\"https:\/\/go-comida.com\/wp-content\/uploads\/2020\/07\/Foto-tortoli-antica-new.jpg\" alt=\"\" srcset=\"https:\/\/go-comida.com\/wp-content\/uploads\/2020\/07\/Foto-tortoli-antica-new.jpg 886w, https:\/\/go-comida.com\/wp-content\/uploads\/2020\/07\/Foto-tortoli-antica-new-300x216.jpg 300w, https:\/\/go-comida.com\/wp-content\/uploads\/2020\/07\/Foto-tortoli-antica-new-768x553.jpg 768w\" sizes=\"auto, (max-width: 886px) 100vw, 886px\" \/><\/a><\/figure>\r\n<\/div>\r\n\r\n\r\n\r\n<div class=\"wp-block-column is-vertically-aligned-center is-layout-flow wp-block-column-is-layout-flow\" style=\"flex-basis: 66.66%;\">\r\n<h2 class=\"wp-block-heading\"><a href=\"https:\/\/go-comida.com\/it\/tortoli-antica-al-tramonto\/\">Tortol\u00ec Antica al Tramonto<\/a><\/h2>\r\n\r\n\r\n\r\n<h4 class=\"wp-block-heading\">Ogni Mercoled\u00ec e Domencia<\/h4>\r\n\r\n\r\n\r\n<h4 class=\"wp-block-heading\">17:30-21:00<\/h4>\r\n<\/div>\r\n<\/div>\r\n\r\n<p>&nbsp;<\/p>\r\n\r\n<div class=\"wp-block-columns are-vertically-aligned-center is-layout-flex wp-container-core-columns-is-layout-9d6595d7 wp-block-columns-is-layout-flex\">\r\n<div class=\"wp-block-column is-vertically-aligned-center is-layout-flow wp-block-column-is-layout-flow\" style=\"flex-basis: 33.33%;\">\r\n<figure class=\"wp-block-image size-large\"><a href=\"https:\/\/go-comida.com\/it\/tour-tortoli-arbatax\/\"><img loading=\"lazy\" decoding=\"async\" width=\"1024\" height=\"737\" class=\"wp-image-3993\" src=\"https:\/\/go-comida.com\/wp-content\/uploads\/2020\/06\/Foto-Tortoli-tour-english-thumbnail-no-words-1024x737.jpg\" alt=\"\" srcset=\"https:\/\/go-comida.com\/wp-content\/uploads\/2020\/06\/Foto-Tortoli-tour-english-thumbnail-no-words-1024x737.jpg 1024w, https:\/\/go-comida.com\/wp-content\/uploads\/2020\/06\/Foto-Tortoli-tour-english-thumbnail-no-words-300x216.jpg 300w, https:\/\/go-comida.com\/wp-content\/uploads\/2020\/06\/Foto-Tortoli-tour-english-thumbnail-no-words-768x553.jpg 768w, https:\/\/go-comida.com\/wp-content\/uploads\/2020\/06\/Foto-Tortoli-tour-english-thumbnail-no-words-1536x1105.jpg 1536w, https:\/\/go-comida.com\/wp-content\/uploads\/2020\/06\/Foto-Tortoli-tour-english-thumbnail-no-words-1170x842.jpg 1170w, https:\/\/go-comida.com\/wp-content\/uploads\/2020\/06\/Foto-Tortoli-tour-english-thumbnail-no-words.jpg 1772w\" sizes=\"auto, (max-width: 1024px) 100vw, 1024px\" \/><\/a><\/figure>\r\n\r\n\r\n\r\n<p>&nbsp;<\/p>\r\n<\/div>\r\n\r\n\r\n\r\n<div class=\"wp-block-column is-vertically-aligned-center is-layout-flow wp-block-column-is-layout-flow\" style=\"flex-basis: 66.66%;\">\r\n<h2 class=\"wp-block-heading\"><a href=\"https:\/\/go-comida.com\/it\/tour-tortoli-arbatax\/\">Tour di Tortol\u00ec-Arbatax<\/a><\/h2>\r\n\r\n\r\n\r\n<h4 class=\"wp-block-heading\">Su richiesta<\/h4>\r\n\r\n\r\n\r\n<h4 class=\"wp-block-heading\">17:45-20:00<\/h4>\r\n\r\n\r\n\r\n<p>&nbsp;<\/p>\r\n<\/div>\r\n<\/div>\r\n\r\n<p>&nbsp;<\/p>\r\n\r\n<div class=\"wp-block-columns are-vertically-aligned-center is-layout-flex wp-container-core-columns-is-layout-9d6595d7 wp-block-columns-is-layout-flex\">\r\n<div class=\"wp-block-column is-vertically-aligned-center is-layout-flow wp-block-column-is-layout-flow\" style=\"flex-basis: 33.33%;\">\r\n<figure class=\"wp-block-image size-large\"><a href=\"https:\/\/go-comida.com\/it\/tour-ogliastra\/\"><img loading=\"lazy\" decoding=\"async\" width=\"1024\" height=\"737\" class=\"wp-image-3995\" src=\"https:\/\/go-comida.com\/wp-content\/uploads\/2020\/06\/Foto-Ogliastra-tour-italian-thumbnail-no-words-1024x737.jpg\" alt=\"\" srcset=\"https:\/\/go-comida.com\/wp-content\/uploads\/2020\/06\/Foto-Ogliastra-tour-italian-thumbnail-no-words-1024x737.jpg 1024w, https:\/\/go-comida.com\/wp-content\/uploads\/2020\/06\/Foto-Ogliastra-tour-italian-thumbnail-no-words-300x216.jpg 300w, https:\/\/go-comida.com\/wp-content\/uploads\/2020\/06\/Foto-Ogliastra-tour-italian-thumbnail-no-words-768x553.jpg 768w, https:\/\/go-comida.com\/wp-content\/uploads\/2020\/06\/Foto-Ogliastra-tour-italian-thumbnail-no-words-1536x1105.jpg 1536w, https:\/\/go-comida.com\/wp-content\/uploads\/2020\/06\/Foto-Ogliastra-tour-italian-thumbnail-no-words-1170x842.jpg 1170w, https:\/\/go-comida.com\/wp-content\/uploads\/2020\/06\/Foto-Ogliastra-tour-italian-thumbnail-no-words.jpg 1772w\" sizes=\"auto, (max-width: 1024px) 100vw, 1024px\" \/><\/a><\/figure>\r\n<\/div>\r\n\r\n\r\n\r\n<div class=\"wp-block-column is-vertically-aligned-center is-layout-flow wp-block-column-is-layout-flow\" style=\"flex-basis: 66.66%;\">\r\n<h2 class=\"wp-block-heading\"><a href=\"https:\/\/go-comida.com\/it\/tour-ogliastra\/\">Tour dell&#8217;Ogliastra<\/a><\/h2>\r\n\r\n\r\n\r\n<h4 class=\"wp-block-heading\">Su richiesta<\/h4>\r\n\r\n\r\n\r\n<h4 class=\"wp-block-heading\">15:00-20:00<\/h4>\r\n<\/div>\r\n<\/div>\r\n\r\n<p>&nbsp;<\/p>\r\n\r\n<div class=\"wp-block-columns are-vertically-aligned-center is-layout-flex wp-container-core-columns-is-layout-9d6595d7 wp-block-columns-is-layout-flex\">\r\n<div class=\"wp-block-column is-vertically-aligned-center is-layout-flow wp-block-column-is-layout-flow\" style=\"flex-basis: 33.33%;\">\r\n<figure class=\"wp-block-image size-large\"><a href=\"https:\/\/go-comida.com\/it\/domus-de-janas\/\"><img loading=\"lazy\" decoding=\"async\" width=\"886\" height=\"638\" class=\"wp-image-3996\" src=\"https:\/\/go-comida.com\/wp-content\/uploads\/2020\/06\/Foto-Domus-de-janas-no-words-no-prices.jpg\" alt=\"\" srcset=\"https:\/\/go-comida.com\/wp-content\/uploads\/2020\/06\/Foto-Domus-de-janas-no-words-no-prices.jpg 886w, https:\/\/go-comida.com\/wp-content\/uploads\/2020\/06\/Foto-Domus-de-janas-no-words-no-prices-300x216.jpg 300w, https:\/\/go-comida.com\/wp-content\/uploads\/2020\/06\/Foto-Domus-de-janas-no-words-no-prices-768x553.jpg 768w\" sizes=\"auto, (max-width: 886px) 100vw, 886px\" \/><\/a><\/figure>\r\n<\/div>\r\n\r\n\r\n\r\n<div class=\"wp-block-column is-vertically-aligned-center is-layout-flow wp-block-column-is-layout-flow\" style=\"flex-basis: 66.66%;\">\r\n<h2 class=\"wp-block-heading\"><a href=\"https:\/\/go-comida.com\/it\/domus-de-janas\/\">Alla scoperta delle Case delle Fate<\/a><\/h2>\r\n\r\n\r\n\r\n<h4 class=\"wp-block-heading\">Su richiesta<\/h4>\r\n\r\n\r\n\r\n<h4 class=\"wp-block-heading\">08:30-15:00<\/h4>\r\n<\/div>\r\n<\/div>\r\n\r\n<p>&nbsp;<\/p>\r\n\r\n<div class=\"wp-block-columns are-vertically-aligned-center is-layout-flex wp-container-core-columns-is-layout-9d6595d7 wp-block-columns-is-layout-flex\">\r\n<div class=\"wp-block-column is-vertically-aligned-center is-layout-flow wp-block-column-is-layout-flow\" style=\"flex-basis: 33.33%;\">\r\n<figure class=\"wp-block-image size-large\"><a href=\"https:\/\/go-comida.com\/it\/gorropu-canyon\/\"><img loading=\"lazy\" decoding=\"async\" width=\"1024\" height=\"737\" class=\"wp-image-3997\" src=\"https:\/\/go-comida.com\/wp-content\/uploads\/2020\/06\/Foto-Gorroppu-no-words-no-price-1024x737.jpg\" alt=\"\" srcset=\"https:\/\/go-comida.com\/wp-content\/uploads\/2020\/06\/Foto-Gorroppu-no-words-no-price-1024x737.jpg 1024w, https:\/\/go-comida.com\/wp-content\/uploads\/2020\/06\/Foto-Gorroppu-no-words-no-price-300x216.jpg 300w, https:\/\/go-comida.com\/wp-content\/uploads\/2020\/06\/Foto-Gorroppu-no-words-no-price-768x553.jpg 768w, https:\/\/go-comida.com\/wp-content\/uploads\/2020\/06\/Foto-Gorroppu-no-words-no-price-1536x1105.jpg 1536w, https:\/\/go-comida.com\/wp-content\/uploads\/2020\/06\/Foto-Gorroppu-no-words-no-price-1170x842.jpg 1170w, https:\/\/go-comida.com\/wp-content\/uploads\/2020\/06\/Foto-Gorroppu-no-words-no-price.jpg 1772w\" sizes=\"auto, (max-width: 1024px) 100vw, 1024px\" \/><\/a><\/figure>\r\n<\/div>\r\n\r\n\r\n\r\n<div class=\"wp-block-column is-vertically-aligned-center is-layout-flow wp-block-column-is-layout-flow\" style=\"flex-basis: 66.66%;\">\r\n<h2 class=\"wp-block-heading\"><a href=\"https:\/\/go-comida.com\/it\/gorropu-canyon\/\">Canyon Gorropu<\/a><\/h2>\r\n\r\n\r\n\r\n<h4 class=\"wp-block-heading\">Su richiesta<\/h4>\r\n\r\n\r\n\r\n<h4 class=\"wp-block-heading\">08:30-18:30<\/h4>\r\n<\/div>\r\n<\/div>\r\n\r\n<p>&nbsp;<\/p>\r\n\r\n<div class=\"wp-block-columns are-vertically-aligned-center is-layout-flex wp-container-core-columns-is-layout-9d6595d7 wp-block-columns-is-layout-flex\">\r\n<div class=\"wp-block-column is-vertically-aligned-center is-layout-flow wp-block-column-is-layout-flow\" style=\"flex-basis: 33.33%;\">\r\n<figure class=\"wp-block-image size-large\"><a href=\"https:\/\/go-comida.com\/monthly_cal\/\" target=\"_blank\" rel=\"noopener\"><img loading=\"lazy\" decoding=\"async\" width=\"886\" height=\"638\" class=\"wp-image-4000\" src=\"https:\/\/go-comida.com\/wp-content\/uploads\/2020\/06\/Foto-Sunday-walk-no-words-no-prices.jpg\" alt=\"\" srcset=\"https:\/\/go-comida.com\/wp-content\/uploads\/2020\/06\/Foto-Sunday-walk-no-words-no-prices.jpg 886w, https:\/\/go-comida.com\/wp-content\/uploads\/2020\/06\/Foto-Sunday-walk-no-words-no-prices-300x216.jpg 300w, https:\/\/go-comida.com\/wp-content\/uploads\/2020\/06\/Foto-Sunday-walk-no-words-no-prices-768x553.jpg 768w\" sizes=\"auto, (max-width: 886px) 100vw, 886px\" \/><\/a><\/figure>\r\n<\/div>\r\n\r\n\r\n\r\n<div class=\"wp-block-column is-vertically-aligned-center is-layout-flow wp-block-column-is-layout-flow\" style=\"flex-basis: 66.66%;\">\r\n<h2 class=\"wp-block-heading\"><a href=\"https:\/\/go-comida.com\/it\/monthly_cal\/\" target=\"_blank\" rel=\"noreferrer noopener\">Escursioni Domenicali<\/a><\/h2>\r\n\r\n\r\n\r\n<h4 class=\"wp-block-heading\">Un&#8217;escursione diversa ogni settimana<\/h4>\r\n\r\n\r\n\r\n<h4 class=\"wp-block-heading\">Dalle 08:00<\/h4>\r\n\r\n\r\n\r\n<p>&nbsp;<\/p>\r\n<\/div>\r\n<\/div>\r\n\r\n<p>&nbsp;<\/p>\r\n\r\n<div class=\"wp-block-columns are-vertically-aligned-center is-layout-flex wp-container-core-columns-is-layout-9d6595d7 wp-block-columns-is-layout-flex\">\r\n<div class=\"wp-block-column is-vertically-aligned-center is-layout-flow wp-block-column-is-layout-flow\" style=\"flex-basis: 33.33%;\">\r\n<figure class=\"wp-block-image size-full\"><img loading=\"lazy\" decoding=\"async\" width=\"886\" height=\"638\" class=\"wp-image-3469\" src=\"https:\/\/go-comida.com\/wp-content\/uploads\/2020\/03\/private-hikes-no-words.jpg\" alt=\"\" srcset=\"https:\/\/go-comida.com\/wp-content\/uploads\/2020\/03\/private-hikes-no-words.jpg 886w, https:\/\/go-comida.com\/wp-content\/uploads\/2020\/03\/private-hikes-no-words-300x216.jpg 300w, https:\/\/go-comida.com\/wp-content\/uploads\/2020\/03\/private-hikes-no-words-768x553.jpg 768w\" sizes=\"auto, (max-width: 886px) 100vw, 886px\" \/><\/figure>\r\n<\/div>\r\n\r\n\r\n\r\n<div class=\"wp-block-column is-vertically-aligned-center is-layout-flow wp-block-column-is-layout-flow\" style=\"flex-basis: 66.66%;\">\r\n<h2 class=\"wp-block-heading\">Escursioni Private<\/h2>\r\n\r\n\r\n\r\n<h4 class=\"wp-block-heading\">Prenota un&#8217;esperienza per un gruppo di qualsiasi dimensione<\/h4>\r\n\r\n\r\n\r\n<p>&nbsp;<\/p>\r\n<\/div>\r\n<\/div>\r\n\r\n<p>&nbsp;<\/p>\r\n\r\n<p>&nbsp;<\/p>","protected":false},"excerpt":{"rendered":"<p>Tour Storico-Culturale al Tramonto &nbsp; &nbsp; Partenza e arrivo: &nbsp; Chiesa Campestre San Salvatore &#8211; Tortol\u00ecGoogle Maps: https:\/\/goo.gl\/maps\/y93xyTbRq9fcLqfR9 \u00c8 anche possibile concordare un luogo d&#8217;incontro alternativo. &nbsp; Orari e dettagli: &nbsp; Orario: 17:30 \u2013 21:00Lunghezza percorso: 6,5 kmTotale camminata: 2,5 ore circaDislivello: +\/- 70 m Difficolt\u00e0: T \u2013 semplice (adatto a tutti) &nbsp; Di cosa&hellip; <a href=\"https:\/\/go-comida.com\/it\/tortoli-antica-al-tramonto\/\">Continue reading&#8230;<\/a><\/p>\n","protected":false},"author":1,"featured_media":0,"parent":0,"menu_order":0,"comment_status":"closed","ping_status":"closed","template":"","meta":{"nf_dc_page":"","footnotes":""},"class_list":["post-4200","page","type-page","status-publish","hentry"],"_links":{"self":[{"href":"https:\/\/go-comida.com\/it\/wp-json\/wp\/v2\/pages\/4200","targetHints":{"allow":["GET"]}}],"collection":[{"href":"https:\/\/go-comida.com\/it\/wp-json\/wp\/v2\/pages"}],"about":[{"href":"https:\/\/go-comida.com\/it\/wp-json\/wp\/v2\/types\/page"}],"author":[{"embeddable":true,"href":"https:\/\/go-comida.com\/it\/wp-json\/wp\/v2\/users\/1"}],"replies":[{"embeddable":true,"href":"https:\/\/go-comida.com\/it\/wp-json\/wp\/v2\/comments?post=4200"}],"version-history":[{"count":2,"href":"https:\/\/go-comida.com\/it\/wp-json\/wp\/v2\/pages\/4200\/revisions"}],"predecessor-version":[{"id":6703,"href":"https:\/\/go-comida.com\/it\/wp-json\/wp\/v2\/pages\/4200\/revisions\/6703"}],"wp:attachment":[{"href":"https:\/\/go-comida.com\/it\/wp-json\/wp\/v2\/media?parent=4200"}],"curies":[{"name":"wp","href":"https:\/\/api.w.org\/{rel}","templated":true}]}}