{"id":3637,"date":"2020-03-30T19:06:25","date_gmt":"2020-03-30T17:06:25","guid":{"rendered":"https:\/\/go-comida.com\/?page_id=3637"},"modified":"2022-04-13T08:54:54","modified_gmt":"2022-04-13T06:54:54","slug":"terra-dei-centenari","status":"publish","type":"page","link":"https:\/\/go-comida.com\/it\/terra-dei-centenari\/","title":{"rendered":"<h1 style=\"text-align: center;\">Alla scoperta della Terra dei Centenari"},"content":{"rendered":"<div class=\"wp-block-media-text alignwide has-media-on-the-right is-stacked-on-mobile\">\r\n<figure class=\"wp-block-media-text__media\"><img loading=\"lazy\" decoding=\"async\" width=\"886\" height=\"638\" class=\"wp-image-3999 size-full\" src=\"https:\/\/go-comida.com\/wp-content\/uploads\/2020\/06\/Foto-Terra-dei-centenari-flipped-no-words-no-price.jpg\" alt=\"\" srcset=\"https:\/\/go-comida.com\/wp-content\/uploads\/2020\/06\/Foto-Terra-dei-centenari-flipped-no-words-no-price.jpg 886w, https:\/\/go-comida.com\/wp-content\/uploads\/2020\/06\/Foto-Terra-dei-centenari-flipped-no-words-no-price-300x216.jpg 300w, https:\/\/go-comida.com\/wp-content\/uploads\/2020\/06\/Foto-Terra-dei-centenari-flipped-no-words-no-price-768x553.jpg 768w\" sizes=\"auto, (max-width: 886px) 100vw, 886px\" \/><\/figure>\r\n<div class=\"wp-block-media-text__content\">\r\n<p>&nbsp;<\/p>\r\n\r\n\r\n\r\n<p>L\u2019Ogliastra \u00e8 una delle 5 \u201cWorld Blue Zones\u201d, cio\u00e8 quelle aree del mondo che hanno la pi\u00f9 elevata presenza di centenari in rapporto alla popolazione. Ricerche sono ancora in corso sulla genetica della popolazione locale nel tentativo di scoprire il \u201cgene della giovinezza\u201d. A prescindere dall\u2019esistenza di tale gene, tra ci\u00f2 che influisce sulla longevit\u00e0 Ogliastrina ci sono dei fattori che talvolta non ricevono le dovute attenzioni: uno stile di vita attivo, una dieta bilanciata e la disponibilit\u00e0 di risorse naturali. La profonda conoscenza di queste ultime, tramandata nei secoli e nei millenni, ha permesso di sfruttarle in funzione alimentare, curativa e non solo. La conseguenza \u00e8 che i nostri nonni hanno potuto vivere una vita in equilibrio con la natura e ottenere, anche se al prezzo di tanta fatica, il beneficio della longevit\u00e0 e della salute.<\/p>\r\n\r\n\r\n\r\n<p>&nbsp;<\/p>\r\n\r\n\r\n\r\n<div class=\"wp-block-buttons is-content-justification-center is-layout-flex wp-container-core-buttons-is-layout-16018d1d wp-block-buttons-is-layout-flex\">\r\n<div class=\"wp-block-button has-custom-width wp-block-button__width-50\" style=\"text-align: center;\"><a class=\"wp-block-button__link has-text-color has-background\" style=\"border-radius: 50px; background-color: #f39200; color: #ffffff;\" href=\"https:\/\/go-comida.com\/events\/terra-centenari\/\" target=\"_blank\" rel=\"noreferrer noopener\"><strong>Prenota<\/strong><\/a><\/div>\r\n<\/div>\r\n\r\n\r\n\r\n<p style=\"text-align: center;\">\u00a0<\/p>\r\n\r\n\r\n\r\n<div class=\"wp-block-buttons is-content-justification-center is-layout-flex wp-container-core-buttons-is-layout-16018d1d wp-block-buttons-is-layout-flex\">\r\n<div class=\"wp-block-button has-custom-width wp-block-button__width-50\" style=\"text-align: center;\"><a class=\"wp-block-button__link has-text-color has-background\" style=\"border-radius: 50px; background-color: #f39200; color: #ffffff;\" href=\"https:\/\/go-comida.com\/monthly_cal\/\" target=\"_blank\" rel=\"noreferrer noopener\"><strong>Calendario Completo<\/strong><\/a><\/div>\r\n<\/div>\r\n<\/div>\r\n<\/div>\r\n\r\n<p>&nbsp;<\/p>\r\n\r\n<p>&nbsp;<\/p>\r\n\r\n<p>&nbsp;<\/p>\r\n\r\n<p>Il percorso di questa escursione a piedi si svolge prevalentemente in pianura con un leggero dislivello nella parte centrale. \u00c8 adatto a tutti coloro che sono in buono stato di salute e non hanno disabilit\u00e0 o impedimenti motori. Il cammino su sentiero e carrareccia attraversa una vegetazione tipica composta da alberi e arbusti tra cui lecci, ginepri, carrubi, olivastri, lentisco, mirto e cisto ma anche erbe caratteristiche della macchia mediterranea quali lavanda, rosmarino, camedrio maro e stachis glutinosa, solo per citarne alcuni.<\/p>\r\n\r\n<p>&nbsp;<\/p>\r\n\r\n<p>Una passeggiata dove la montagna \u00e8 baciata dal mare e dove lo scorrere delle acque del torrente hanno scavato la roccia viva per creare uno spettacolare teatro di piscine naturali nelle quali sar\u00e0 possibile trovare refrigerio dalla calura estiva.<\/p>\r\n\r\n<p>&nbsp;<\/p>\r\n\r\n<p>Scopriremo cos\u00ec gli aneddoti, la storia, la cultura e le tradizioni che i centenari si tramandano gelosamente.<\/p>\r\n\r\n<p>&nbsp;<\/p>\r\n\r\n<h3 class=\"wp-block-heading\">Dettagli del percorso:<\/h3>\r\n\r\n<p>&nbsp;<\/p>\r\n\r\n<p>Lunghezza percorso: 6 km Totale camminata: 2 ore circa<br \/>Dislivello: +\/- 80 m<br \/>Punto pi\u00f9 basso\/alto: 1m\/80m slm<br \/>Difficolt\u00e0: E &#8211; semplice (adatto a tutti)<\/p>\r\n\r\n<p>&nbsp;<\/p>\r\n\r\n<h3 class=\"wp-block-heading\">Trasporto:<\/h3>\r\n\r\n<p>&nbsp;<\/p>\r\n\r\n<p>Auto propria (ma \u00e8 anche possibile concordare il prelevamento presso il vostro hotel, resort o B&amp;B)<\/p>\r\n\r\n<p>&nbsp;<\/p>\r\n\r\n<h3 class=\"wp-block-heading\">Partenza e arrivo:<\/h3>\r\n\r\n<p>&nbsp;<\/p>\r\n\r\n<p>ore 8.30 Piazza Fra\u2019 Locci &#8211; Tortol\u00ec<br \/>Google Maps: https:\/\/goo.gl\/maps\/4JUeusypJxNYdF5C6<br \/>\u00c8 possibile concordare un luogo di incontro alternativo<\/p>\r\n\r\n<p>&nbsp;<\/p>\r\n\r\n<h3 class=\"wp-block-heading\">Il necessaire dell\u2019escursionista responsabile:<\/h3>\r\n\r\n<p>&nbsp;<\/p>\r\n\r\n<p>Scarpe da trekking alte alla caviglia<br \/>Abbigliamento comodo e a strati adeguato alla stagione<br \/>Una giacca impermeabile<br \/>Almeno 1,5 litri d\u2019acqua a testa<br \/>Pranzo al sacco, frutta fresca, merenda<br \/>Un sacchetto per portar via eventuali rifiuti<br \/>Costume da bagno e telo per asciugarsi (per chi volesse fare un breve bagno)<br \/>Cambio di vestiti da lasciare in auto<br \/>Voglia di passare una bella giornata in compagnia<\/p>\r\n\r\n<p>&nbsp;<\/p>\r\n\r\n<p>Inoltre, nei mesi pi\u00f9 caldi, sar\u00e0 importante portare con s\u00e9:<br \/>Protezione solare<br \/>Cappello<br \/>Integratori di Sali minerali<\/p>\r\n\r\n<p>&nbsp;<\/p>\r\n\r\n<h3 class=\"wp-block-heading\">Guida<\/h3>\r\n\r\n<p>&nbsp;<\/p>\r\n\r\n<p>L&#8217;escursione \u00e8 condotta da Gianfranco Comida, Guida Ambientale Escursionistica iscritta al Registro GAE della Regione Autonoma della Sardegna n.799, e al Registro GAE Nazionale presso AIGAE n. SA496. La guida \u00e8 coperta da assicurazione RC.<\/p>\r\n\r\n<p>&nbsp;<\/p>\r\n\r\n<h3 class=\"wp-block-heading\">Come prenotare:<\/h3>\r\n\r\n<p>&nbsp;<\/p>\r\n\r\n<p>Questa escursione ricorre ogni mercoled\u00ec, da Maggio a Ottobre. Contattaci per scoprire di pi\u00f9 sui costi. Questa escursione pu\u00f2 anche essere offerta come esperienza privata per gruppi di qualsiasi dimensione, previa richiesta.<\/p>\r\n\r\n<p>&nbsp;<\/p>\r\n\r\n<p>Lo svolgimento dell&#8217;escursione \u00e8 soggetto ad un numero minimo e massimo di partecipanti. Per tale motivo la prenotazione \u00e8 necessaria. In caso di condizioni meteorologiche avverse, l&#8217;escursione potrebbe subire variazioni o essere cancellata. Tali eventualit\u00e0 verranno debitamente comunicate.<\/p>\r\n\r\n<p>&nbsp;<\/p>\r\n\r\n<h4 class=\"wp-block-heading\"><a href=\"https:\/\/go-comida.com\/it\/contact-us\/\">Contattaci<\/a> per informazioni, prenotazioni e dettagli per il pagamento via telefono, Whatsapp o mail.<\/h4>\r\n\r\n<p>&nbsp;<\/p>\r\n<hr class=\"wp-block-separator has-text-color has-background is-style-wide\" style=\"background-color: #f39200; color: #f39200;\" \/>\r\n<p>&nbsp;<\/p>\r\n\r\n<h2 class=\"wp-block-heading\"><a href=\"https:\/\/go-comida.com\/it\/what-we-offer\/\">Altre escursioni settimanali:<\/a><\/h2>\r\n\r\n<p>&nbsp;<\/p>\r\n\r\n<p>&nbsp;<\/p>\r\n\r\n<p>&nbsp;<\/p>\r\n\r\n<div class=\"wp-block-columns are-vertically-aligned-center is-layout-flex wp-container-core-columns-is-layout-9d6595d7 wp-block-columns-is-layout-flex\">\r\n<div class=\"wp-block-column is-vertically-aligned-center is-layout-flow wp-block-column-is-layout-flow\" style=\"flex-basis: 33.33%;\">\r\n<figure class=\"wp-block-image size-large\"><a href=\"https:\/\/go-comida.com\/it\/sentiero-dei-tacchi\/\"><img loading=\"lazy\" decoding=\"async\" width=\"886\" height=\"638\" class=\"wp-image-4256\" src=\"https:\/\/go-comida.com\/wp-content\/uploads\/2020\/07\/Foto-Ulassai-breve-new.jpg\" alt=\"\" srcset=\"https:\/\/go-comida.com\/wp-content\/uploads\/2020\/07\/Foto-Ulassai-breve-new.jpg 886w, https:\/\/go-comida.com\/wp-content\/uploads\/2020\/07\/Foto-Ulassai-breve-new-300x216.jpg 300w, https:\/\/go-comida.com\/wp-content\/uploads\/2020\/07\/Foto-Ulassai-breve-new-768x553.jpg 768w\" sizes=\"auto, (max-width: 886px) 100vw, 886px\" \/><\/a><\/figure>\r\n<\/div>\r\n\r\n\r\n\r\n<div class=\"wp-block-column is-vertically-aligned-center is-layout-flow wp-block-column-is-layout-flow\" style=\"flex-basis: 66.66%;\">\r\n<h2 class=\"wp-block-heading\"><a href=\"https:\/\/go-comida.com\/it\/sentiero-dei-tacchi\/\">Sentiero dei Tacchi d&#8217;Ogliastra<\/a><\/h2>\r\n\r\n\r\n\r\n<h4 class=\"wp-block-heading\">Ogni Luned\u00ec<\/h4>\r\n\r\n\r\n\r\n<h4 class=\"wp-block-heading\">08:30-13:30<\/h4>\r\n<\/div>\r\n<\/div>\r\n\r\n<p>&nbsp;<\/p>\r\n\r\n<div class=\"wp-block-columns are-vertically-aligned-center is-layout-flex wp-container-core-columns-is-layout-9d6595d7 wp-block-columns-is-layout-flex\">\r\n<div class=\"wp-block-column is-vertically-aligned-center is-layout-flow wp-block-column-is-layout-flow\" style=\"flex-basis: 33.33%;\">\r\n<figure class=\"wp-block-image size-large\"><a href=\"https:\/\/go-comida.com\/it\/terra-dei-centenari\/\"><img loading=\"lazy\" decoding=\"async\" width=\"886\" height=\"638\" class=\"wp-image-3999\" src=\"https:\/\/go-comida.com\/wp-content\/uploads\/2020\/06\/Foto-Terra-dei-centenari-flipped-no-words-no-price.jpg\" alt=\"\" srcset=\"https:\/\/go-comida.com\/wp-content\/uploads\/2020\/06\/Foto-Terra-dei-centenari-flipped-no-words-no-price.jpg 886w, https:\/\/go-comida.com\/wp-content\/uploads\/2020\/06\/Foto-Terra-dei-centenari-flipped-no-words-no-price-300x216.jpg 300w, https:\/\/go-comida.com\/wp-content\/uploads\/2020\/06\/Foto-Terra-dei-centenari-flipped-no-words-no-price-768x553.jpg 768w\" sizes=\"auto, (max-width: 886px) 100vw, 886px\" \/><\/a><\/figure>\r\n<\/div>\r\n\r\n\r\n\r\n<div class=\"wp-block-column is-vertically-aligned-center is-layout-flow wp-block-column-is-layout-flow\" style=\"flex-basis: 66.66%;\">\r\n<h2 class=\"wp-block-heading\"><a href=\"https:\/\/go-comida.com\/it\/terra-dei-centenari\/\">Alla scoperta della Terra dei Centenari<\/a><\/h2>\r\n\r\n\r\n\r\n<h4 class=\"wp-block-heading\">Ogni Mercoled\u00ec<\/h4>\r\n\r\n\r\n\r\n<h4 class=\"wp-block-heading\">08:30-13:00<\/h4>\r\n<\/div>\r\n<\/div>\r\n\r\n<p>&nbsp;<\/p>\r\n\r\n<div class=\"wp-block-columns are-vertically-aligned-center is-layout-flex wp-container-core-columns-is-layout-9d6595d7 wp-block-columns-is-layout-flex\">\r\n<div class=\"wp-block-column is-vertically-aligned-center is-layout-flow wp-block-column-is-layout-flow\" style=\"flex-basis: 33.33%;\">\r\n<figure class=\"wp-block-image size-large\"><a href=\"https:\/\/go-comida.com\/it\/sentiero-dei-pastori\/\"><img loading=\"lazy\" decoding=\"async\" width=\"886\" height=\"638\" class=\"wp-image-4259\" src=\"https:\/\/go-comida.com\/wp-content\/uploads\/2020\/07\/Foto-Bosco-di-Pastori-Villagrande-new.jpg\" alt=\"\" srcset=\"https:\/\/go-comida.com\/wp-content\/uploads\/2020\/07\/Foto-Bosco-di-Pastori-Villagrande-new.jpg 886w, https:\/\/go-comida.com\/wp-content\/uploads\/2020\/07\/Foto-Bosco-di-Pastori-Villagrande-new-300x216.jpg 300w, https:\/\/go-comida.com\/wp-content\/uploads\/2020\/07\/Foto-Bosco-di-Pastori-Villagrande-new-768x553.jpg 768w\" sizes=\"auto, (max-width: 886px) 100vw, 886px\" \/><\/a><\/figure>\r\n<\/div>\r\n\r\n\r\n\r\n<div class=\"wp-block-column is-vertically-aligned-center is-layout-flow wp-block-column-is-layout-flow\" style=\"flex-basis: 66.66%;\">\r\n<h2 class=\"wp-block-heading\"><a href=\"https:\/\/go-comida.com\/it\/sentiero-dei-pastori\/\">Sentiero dei Pastori<\/a><\/h2>\r\n\r\n\r\n\r\n<h4 class=\"wp-block-heading\">Ogni Venerd\u00ec<\/h4>\r\n\r\n\r\n\r\n<h4 class=\"wp-block-heading\">08:30-13:00<\/h4>\r\n<\/div>\r\n<\/div>\r\n\r\n<p>&nbsp;<\/p>\r\n\r\n<div class=\"wp-block-columns is-layout-flex wp-container-core-columns-is-layout-9d6595d7 wp-block-columns-is-layout-flex\">\r\n<div class=\"wp-block-column is-vertically-aligned-center is-layout-flow wp-block-column-is-layout-flow\" style=\"flex-basis: 33.33%;\">\r\n<figure class=\"wp-block-image size-large\"><a href=\"https:\/\/go-comida.com\/it\/tortoli-antica-al-tramonto\/\"><img loading=\"lazy\" decoding=\"async\" width=\"886\" height=\"638\" class=\"wp-image-4251\" src=\"https:\/\/go-comida.com\/wp-content\/uploads\/2020\/07\/Foto-tortoli-antica-new.jpg\" alt=\"\" srcset=\"https:\/\/go-comida.com\/wp-content\/uploads\/2020\/07\/Foto-tortoli-antica-new.jpg 886w, https:\/\/go-comida.com\/wp-content\/uploads\/2020\/07\/Foto-tortoli-antica-new-300x216.jpg 300w, https:\/\/go-comida.com\/wp-content\/uploads\/2020\/07\/Foto-tortoli-antica-new-768x553.jpg 768w\" sizes=\"auto, (max-width: 886px) 100vw, 886px\" \/><\/a><\/figure>\r\n<\/div>\r\n\r\n\r\n\r\n<div class=\"wp-block-column is-vertically-aligned-center is-layout-flow wp-block-column-is-layout-flow\" style=\"flex-basis: 66.66%;\">\r\n<h2 class=\"wp-block-heading\"><a href=\"https:\/\/go-comida.com\/it\/tortoli-antica-al-tramonto\/\">Tortol\u00ec Antica al Tramonto<\/a><\/h2>\r\n\r\n\r\n\r\n<h4 class=\"wp-block-heading\">Ogni Mercoled\u00ec e Domencia<\/h4>\r\n\r\n\r\n\r\n<h4 class=\"wp-block-heading\">17:30-21:00<\/h4>\r\n<\/div>\r\n<\/div>\r\n\r\n<p>&nbsp;<\/p>\r\n\r\n<div class=\"wp-block-columns are-vertically-aligned-center is-layout-flex wp-container-core-columns-is-layout-9d6595d7 wp-block-columns-is-layout-flex\">\r\n<div class=\"wp-block-column is-vertically-aligned-center is-layout-flow wp-block-column-is-layout-flow\" style=\"flex-basis: 33.33%;\">\r\n<figure class=\"wp-block-image size-large\"><a href=\"https:\/\/go-comida.com\/it\/tour-tortoli-arbatax\/\"><img loading=\"lazy\" decoding=\"async\" width=\"1024\" height=\"737\" class=\"wp-image-3993\" src=\"https:\/\/go-comida.com\/wp-content\/uploads\/2020\/06\/Foto-Tortoli-tour-english-thumbnail-no-words-1024x737.jpg\" alt=\"\" srcset=\"https:\/\/go-comida.com\/wp-content\/uploads\/2020\/06\/Foto-Tortoli-tour-english-thumbnail-no-words-1024x737.jpg 1024w, https:\/\/go-comida.com\/wp-content\/uploads\/2020\/06\/Foto-Tortoli-tour-english-thumbnail-no-words-300x216.jpg 300w, https:\/\/go-comida.com\/wp-content\/uploads\/2020\/06\/Foto-Tortoli-tour-english-thumbnail-no-words-768x553.jpg 768w, https:\/\/go-comida.com\/wp-content\/uploads\/2020\/06\/Foto-Tortoli-tour-english-thumbnail-no-words-1536x1105.jpg 1536w, https:\/\/go-comida.com\/wp-content\/uploads\/2020\/06\/Foto-Tortoli-tour-english-thumbnail-no-words-1170x842.jpg 1170w, https:\/\/go-comida.com\/wp-content\/uploads\/2020\/06\/Foto-Tortoli-tour-english-thumbnail-no-words.jpg 1772w\" sizes=\"auto, (max-width: 1024px) 100vw, 1024px\" \/><\/a><\/figure>\r\n\r\n\r\n\r\n<p>&nbsp;<\/p>\r\n<\/div>\r\n\r\n\r\n\r\n<div class=\"wp-block-column is-vertically-aligned-center is-layout-flow wp-block-column-is-layout-flow\" style=\"flex-basis: 66.66%;\">\r\n<h2 class=\"wp-block-heading\"><a href=\"https:\/\/go-comida.com\/it\/tour-tortoli-arbatax\/\">Tour di Tortol\u00ec-Arbatax<\/a><\/h2>\r\n\r\n\r\n\r\n<h4 class=\"wp-block-heading\">Su richiesta<\/h4>\r\n\r\n\r\n\r\n<h4 class=\"wp-block-heading\">17:45-20:00<\/h4>\r\n\r\n\r\n\r\n<p>&nbsp;<\/p>\r\n<\/div>\r\n<\/div>\r\n\r\n<p>&nbsp;<\/p>\r\n\r\n<div class=\"wp-block-columns are-vertically-aligned-center is-layout-flex wp-container-core-columns-is-layout-9d6595d7 wp-block-columns-is-layout-flex\">\r\n<div class=\"wp-block-column is-vertically-aligned-center is-layout-flow wp-block-column-is-layout-flow\" style=\"flex-basis: 33.33%;\">\r\n<figure class=\"wp-block-image size-large\"><a href=\"https:\/\/go-comida.com\/it\/tour-ogliastra\/\"><img loading=\"lazy\" decoding=\"async\" width=\"1024\" height=\"737\" class=\"wp-image-3995\" src=\"https:\/\/go-comida.com\/wp-content\/uploads\/2020\/06\/Foto-Ogliastra-tour-italian-thumbnail-no-words-1024x737.jpg\" alt=\"\" srcset=\"https:\/\/go-comida.com\/wp-content\/uploads\/2020\/06\/Foto-Ogliastra-tour-italian-thumbnail-no-words-1024x737.jpg 1024w, https:\/\/go-comida.com\/wp-content\/uploads\/2020\/06\/Foto-Ogliastra-tour-italian-thumbnail-no-words-300x216.jpg 300w, https:\/\/go-comida.com\/wp-content\/uploads\/2020\/06\/Foto-Ogliastra-tour-italian-thumbnail-no-words-768x553.jpg 768w, https:\/\/go-comida.com\/wp-content\/uploads\/2020\/06\/Foto-Ogliastra-tour-italian-thumbnail-no-words-1536x1105.jpg 1536w, https:\/\/go-comida.com\/wp-content\/uploads\/2020\/06\/Foto-Ogliastra-tour-italian-thumbnail-no-words-1170x842.jpg 1170w, https:\/\/go-comida.com\/wp-content\/uploads\/2020\/06\/Foto-Ogliastra-tour-italian-thumbnail-no-words.jpg 1772w\" sizes=\"auto, (max-width: 1024px) 100vw, 1024px\" \/><\/a><\/figure>\r\n<\/div>\r\n\r\n\r\n\r\n<div class=\"wp-block-column is-vertically-aligned-center is-layout-flow wp-block-column-is-layout-flow\" style=\"flex-basis: 66.66%;\">\r\n<h2 class=\"wp-block-heading\"><a href=\"https:\/\/go-comida.com\/it\/tour-ogliastra\/\">Tour dell&#8217;Ogliastra<\/a><\/h2>\r\n\r\n\r\n\r\n<h4 class=\"wp-block-heading\">Su richiesta<\/h4>\r\n\r\n\r\n\r\n<h4 class=\"wp-block-heading\">15:00-20:00<\/h4>\r\n<\/div>\r\n<\/div>\r\n\r\n<p>&nbsp;<\/p>\r\n\r\n<div class=\"wp-block-columns are-vertically-aligned-center is-layout-flex wp-container-core-columns-is-layout-9d6595d7 wp-block-columns-is-layout-flex\">\r\n<div class=\"wp-block-column is-vertically-aligned-center is-layout-flow wp-block-column-is-layout-flow\" style=\"flex-basis: 33.33%;\">\r\n<figure class=\"wp-block-image size-large\"><a href=\"https:\/\/go-comida.com\/it\/domus-de-janas\/\"><img loading=\"lazy\" decoding=\"async\" width=\"886\" height=\"638\" class=\"wp-image-3996\" src=\"https:\/\/go-comida.com\/wp-content\/uploads\/2020\/06\/Foto-Domus-de-janas-no-words-no-prices.jpg\" alt=\"\" srcset=\"https:\/\/go-comida.com\/wp-content\/uploads\/2020\/06\/Foto-Domus-de-janas-no-words-no-prices.jpg 886w, https:\/\/go-comida.com\/wp-content\/uploads\/2020\/06\/Foto-Domus-de-janas-no-words-no-prices-300x216.jpg 300w, https:\/\/go-comida.com\/wp-content\/uploads\/2020\/06\/Foto-Domus-de-janas-no-words-no-prices-768x553.jpg 768w\" sizes=\"auto, (max-width: 886px) 100vw, 886px\" \/><\/a><\/figure>\r\n<\/div>\r\n\r\n\r\n\r\n<div class=\"wp-block-column is-vertically-aligned-center is-layout-flow wp-block-column-is-layout-flow\" style=\"flex-basis: 66.66%;\">\r\n<h2 class=\"wp-block-heading\"><a href=\"https:\/\/go-comida.com\/it\/domus-de-janas\/\">Alla scoperta delle Case delle Fate<\/a><\/h2>\r\n\r\n\r\n\r\n<h4 class=\"wp-block-heading\">Su richiesta<\/h4>\r\n\r\n\r\n\r\n<h4 class=\"wp-block-heading\">08:30-15:00<\/h4>\r\n<\/div>\r\n<\/div>\r\n\r\n<p>&nbsp;<\/p>\r\n\r\n<div class=\"wp-block-columns are-vertically-aligned-center is-layout-flex wp-container-core-columns-is-layout-9d6595d7 wp-block-columns-is-layout-flex\">\r\n<div class=\"wp-block-column is-vertically-aligned-center is-layout-flow wp-block-column-is-layout-flow\" style=\"flex-basis: 33.33%;\">\r\n<figure class=\"wp-block-image size-large\"><a href=\"https:\/\/go-comida.com\/it\/gorropu-canyon\/\"><img loading=\"lazy\" decoding=\"async\" width=\"1024\" height=\"737\" class=\"wp-image-3997\" src=\"https:\/\/go-comida.com\/wp-content\/uploads\/2020\/06\/Foto-Gorroppu-no-words-no-price-1024x737.jpg\" alt=\"\" srcset=\"https:\/\/go-comida.com\/wp-content\/uploads\/2020\/06\/Foto-Gorroppu-no-words-no-price-1024x737.jpg 1024w, https:\/\/go-comida.com\/wp-content\/uploads\/2020\/06\/Foto-Gorroppu-no-words-no-price-300x216.jpg 300w, https:\/\/go-comida.com\/wp-content\/uploads\/2020\/06\/Foto-Gorroppu-no-words-no-price-768x553.jpg 768w, https:\/\/go-comida.com\/wp-content\/uploads\/2020\/06\/Foto-Gorroppu-no-words-no-price-1536x1105.jpg 1536w, https:\/\/go-comida.com\/wp-content\/uploads\/2020\/06\/Foto-Gorroppu-no-words-no-price-1170x842.jpg 1170w, https:\/\/go-comida.com\/wp-content\/uploads\/2020\/06\/Foto-Gorroppu-no-words-no-price.jpg 1772w\" sizes=\"auto, (max-width: 1024px) 100vw, 1024px\" \/><\/a><\/figure>\r\n<\/div>\r\n\r\n\r\n\r\n<div class=\"wp-block-column is-vertically-aligned-center is-layout-flow wp-block-column-is-layout-flow\" style=\"flex-basis: 66.66%;\">\r\n<h2 class=\"wp-block-heading\"><a href=\"https:\/\/go-comida.com\/it\/gorropu-canyon\/\">Canyon Gorropu<\/a><\/h2>\r\n\r\n\r\n\r\n<h4 class=\"wp-block-heading\">Su richiesta<\/h4>\r\n\r\n\r\n\r\n<h4 class=\"wp-block-heading\">08:30-18:30<\/h4>\r\n<\/div>\r\n<\/div>\r\n\r\n<p>&nbsp;<\/p>\r\n\r\n<div class=\"wp-block-columns are-vertically-aligned-center is-layout-flex wp-container-core-columns-is-layout-9d6595d7 wp-block-columns-is-layout-flex\">\r\n<div class=\"wp-block-column is-vertically-aligned-center is-layout-flow wp-block-column-is-layout-flow\" style=\"flex-basis: 33.33%;\">\r\n<figure class=\"wp-block-image size-large\"><a href=\"https:\/\/go-comida.com\/monthly_cal\/\" target=\"_blank\" rel=\"noopener\"><img loading=\"lazy\" decoding=\"async\" width=\"886\" height=\"638\" class=\"wp-image-4000\" src=\"https:\/\/go-comida.com\/wp-content\/uploads\/2020\/06\/Foto-Sunday-walk-no-words-no-prices.jpg\" alt=\"\" srcset=\"https:\/\/go-comida.com\/wp-content\/uploads\/2020\/06\/Foto-Sunday-walk-no-words-no-prices.jpg 886w, https:\/\/go-comida.com\/wp-content\/uploads\/2020\/06\/Foto-Sunday-walk-no-words-no-prices-300x216.jpg 300w, https:\/\/go-comida.com\/wp-content\/uploads\/2020\/06\/Foto-Sunday-walk-no-words-no-prices-768x553.jpg 768w\" sizes=\"auto, (max-width: 886px) 100vw, 886px\" \/><\/a><\/figure>\r\n<\/div>\r\n\r\n\r\n\r\n<div class=\"wp-block-column is-vertically-aligned-center is-layout-flow wp-block-column-is-layout-flow\" style=\"flex-basis: 66.66%;\">\r\n<h2 class=\"wp-block-heading\"><a href=\"https:\/\/go-comida.com\/it\/monthly_cal\/\" target=\"_blank\" rel=\"noreferrer noopener\">Escursioni Domenicali<\/a><\/h2>\r\n\r\n\r\n\r\n<h4 class=\"wp-block-heading\">Un&#8217;escursione diversa ogni settimana<\/h4>\r\n\r\n\r\n\r\n<h4 class=\"wp-block-heading\">Dalle 08:00<\/h4>\r\n\r\n\r\n\r\n<p>&nbsp;<\/p>\r\n<\/div>\r\n<\/div>\r\n\r\n<p>&nbsp;<\/p>\r\n\r\n<div class=\"wp-block-columns are-vertically-aligned-center is-layout-flex wp-container-core-columns-is-layout-9d6595d7 wp-block-columns-is-layout-flex\">\r\n<div class=\"wp-block-column is-vertically-aligned-center is-layout-flow wp-block-column-is-layout-flow\" style=\"flex-basis: 33.33%;\">\r\n<figure class=\"wp-block-image size-full\"><img loading=\"lazy\" decoding=\"async\" width=\"886\" height=\"638\" class=\"wp-image-3469\" src=\"https:\/\/go-comida.com\/wp-content\/uploads\/2020\/03\/private-hikes-no-words.jpg\" alt=\"\" srcset=\"https:\/\/go-comida.com\/wp-content\/uploads\/2020\/03\/private-hikes-no-words.jpg 886w, https:\/\/go-comida.com\/wp-content\/uploads\/2020\/03\/private-hikes-no-words-300x216.jpg 300w, https:\/\/go-comida.com\/wp-content\/uploads\/2020\/03\/private-hikes-no-words-768x553.jpg 768w\" sizes=\"auto, (max-width: 886px) 100vw, 886px\" \/><\/figure>\r\n<\/div>\r\n\r\n\r\n\r\n<div class=\"wp-block-column is-vertically-aligned-center is-layout-flow wp-block-column-is-layout-flow\" style=\"flex-basis: 66.66%;\">\r\n<h2 class=\"wp-block-heading\">Escursioni Private<\/h2>\r\n\r\n\r\n\r\n<h4 class=\"wp-block-heading\">Prenota un&#8217;esperienza per un gruppo di qualsiasi dimensione<\/h4>\r\n\r\n\r\n\r\n<p>&nbsp;<\/p>\r\n<\/div>\r\n<\/div>\r\n\r\n<p>&nbsp;<\/p>\r\n\r\n<p>&nbsp;<\/p>","protected":false},"excerpt":{"rendered":"<p>&nbsp; &nbsp; &nbsp; Il percorso di questa escursione a piedi si svolge prevalentemente in pianura con un leggero dislivello nella parte centrale. \u00c8 adatto a tutti coloro che sono in buono stato di salute e non hanno disabilit\u00e0 o impedimenti motori. Il cammino su sentiero e carrareccia attraversa una vegetazione tipica composta da alberi e&hellip; <a href=\"https:\/\/go-comida.com\/it\/terra-dei-centenari\/\">Continue reading&#8230;<\/a><\/p>\n","protected":false},"author":1,"featured_media":0,"parent":0,"menu_order":0,"comment_status":"closed","ping_status":"closed","template":"","meta":{"nf_dc_page":"","footnotes":""},"class_list":["post-3637","page","type-page","status-publish","hentry"],"_links":{"self":[{"href":"https:\/\/go-comida.com\/it\/wp-json\/wp\/v2\/pages\/3637","targetHints":{"allow":["GET"]}}],"collection":[{"href":"https:\/\/go-comida.com\/it\/wp-json\/wp\/v2\/pages"}],"about":[{"href":"https:\/\/go-comida.com\/it\/wp-json\/wp\/v2\/types\/page"}],"author":[{"embeddable":true,"href":"https:\/\/go-comida.com\/it\/wp-json\/wp\/v2\/users\/1"}],"replies":[{"embeddable":true,"href":"https:\/\/go-comida.com\/it\/wp-json\/wp\/v2\/comments?post=3637"}],"version-history":[{"count":3,"href":"https:\/\/go-comida.com\/it\/wp-json\/wp\/v2\/pages\/3637\/revisions"}],"predecessor-version":[{"id":6637,"href":"https:\/\/go-comida.com\/it\/wp-json\/wp\/v2\/pages\/3637\/revisions\/6637"}],"wp:attachment":[{"href":"https:\/\/go-comida.com\/it\/wp-json\/wp\/v2\/media?parent=3637"}],"curies":[{"name":"wp","href":"https:\/\/api.w.org\/{rel}","templated":true}]}}