{"id":3600,"date":"2020-03-30T19:16:30","date_gmt":"2020-03-30T17:16:30","guid":{"rendered":"https:\/\/go-comida.com\/?page_id=3600"},"modified":"2022-04-04T18:10:41","modified_gmt":"2022-04-04T16:10:41","slug":"gorropu-canyon","status":"publish","type":"page","link":"https:\/\/go-comida.com\/it\/gorropu-canyon\/","title":{"rendered":"<h1 style=\"text-align: center;\">Canyon Gorropu"},"content":{"rendered":"<h3 class=\"has-text-align-center wp-block-heading\">Tra i Canyon pi\u00f9 profondi in Europa<\/h3>\n\n\n\n<div class=\"wp-block-media-text alignwide has-media-on-the-right is-stacked-on-mobile\"><figure class=\"wp-block-media-text__media\"><video controls src=\"https:\/\/go-comida.com\/wp-content\/uploads\/2020\/04\/Gorropu-5-finale.mp4\"><\/video><\/figure><div class=\"wp-block-media-text__content\">\n<p><\/p>\n\n\n\n<p>Su Gorropu \u00e8 il canyon pi\u00f9 profondo in Italia ed uno dei pi\u00f9 profondi in Europa, con un lato che si eleva per 500m (con una falesia di 300m sulla testa dei visitatori). Su Gorropu si \u00e8 formato nel corso dei millenni per l\u2019azione erosiva compiuta dallo scorrere del Rio Flumineddu il quale, nel punto in cui trova l\u2019uscita dal canyon, ha formato delle piccole piscine naturali nel calcare, dove \u00e8 possibile trovare il pi\u00f9 raro anfibio d\u2019Europa (Euproctus platycephalus). Durante i mesi pi\u00f9 secchi il Rio Flumineddu scorre al di sotto del livello del canyon per riemergere poi quando le piogge tornano copiose creando stupefacenti scenari di cascate e piscine.<\/p>\n\n\n\n<p>Un\u2019escursione non impegnativa con un dislivello altimetrico ridotto che pu\u00f2 essere fatta anche da chi sente di essere un po\u2019 fuori allenamento.<\/p>\n\n\n\n<p><\/p>\n\n\n\n<div class=\"wp-block-buttons is-content-justification-center is-layout-flex wp-container-core-buttons-is-layout-16018d1d wp-block-buttons-is-layout-flex\">\n<div class=\"wp-block-button has-custom-width wp-block-button__width-50\"><a class=\"wp-block-button__link has-text-color has-background\" href=\"https:\/\/go-comida.com\/events\/gorropu_a\/\" style=\"border-radius:50px;background-color:#f39200;color:#ffffff\" target=\"_blank\" rel=\"noreferrer noopener\"><strong>Prenota<strong><\/strong><\/strong><\/a><\/div>\n<\/div>\n\n\n\n<p><\/p>\n\n\n\n<div class=\"wp-block-buttons is-content-justification-center is-layout-flex wp-container-core-buttons-is-layout-16018d1d wp-block-buttons-is-layout-flex\">\n<div class=\"wp-block-button has-custom-width wp-block-button__width-50\"><a class=\"wp-block-button__link has-text-color has-background\" href=\"https:\/\/go-comida.com\/monthly_cal\/\" style=\"border-radius:50px;background-color:#f39200;color:#ffffff\" target=\"_blank\" rel=\"noreferrer noopener\"><strong>Calendario Completo<strong><\/strong><\/strong><\/a><\/div>\n<\/div>\n\n\n\n<p><\/p>\n<\/div><\/div>\n\n\n\n<h3 class=\"wp-block-heading\">Dettagli del percorso:<\/h3>\n\n\n\n<p>Lunghezza percorso: 15 km<br>Totale camminata: 6 ore circa<br>Dislivello: +\/- 400 m<br>Punto pi\u00f9 basso\/alto: 190m\/380m slm<br>Difficolt\u00e0: E &#8211; media<\/p>\n\n\n\n<h3 class=\"wp-block-heading\">Trasporto:<\/h3>\n\n\n\n<p>Auto propria (ma \u00e8 anche possibile concordare il prelevamento presso il vostro hotel, resort o B&amp;B)<\/p>\n\n\n\n<h3 class=\"wp-block-heading\">Partenza e arrivo:<\/h3>\n\n\n\n<p>ore 8.30        Piazza Fra\u2019 Locci &#8211; Tortol\u00ec<br>Google Maps: https:\/\/goo.gl\/maps\/4JUeusypJxNYdF5C6<br>oppure,<br>ore 9.40        Bivio Dorgali \u2013 Cala Gonone<br>Google Maps: https:\/\/goo.gl\/maps\/mTG1QheRADR9zXTc7<br>\u00c8 anche possibile concordare un luogo di incontro alternativo.<\/p>\n\n\n\n<h3 class=\"wp-block-heading\">Il necessaire dell\u2019escursionista responsabile:<\/h3>\n\n\n\n<p>Scarpe da trekking alte alla caviglia<br>Abbigliamento comodo e a strati adeguato alla stagione<br>Una giacca impermeabile<br>Almeno 1,5 litri d\u2019acqua a testa<br>Pranzo al sacco, frutta fresca, merenda<br>Un sacchetto per portar via eventuali rifiuti<br>Cambio di vestiti da lasciare in auto<br>Voglia di passare una bella giornata in compagnia<\/p>\n\n\n\n<p>Inoltre, nei mesi pi\u00f9 caldi, sar\u00e0 importante portare con s\u00e9:<br>Protezione solare<br>Cappello<br>Integratori di Sali minerali<\/p>\n\n\n\n<h3 class=\"wp-block-heading\">Guida<\/h3>\n\n\n\n<p>L&#8217;escursione \u00e8 condotta da Gianfranco Comida, Guida Ambientale Escursionistica iscritta al Registro GAE della Regione Autonoma della Sardegna n.799, e al Registro GAE Nazionale presso AIGAE n. SA496. La guida \u00e8 coperta da assicurazione RC.<\/p>\n\n\n\n<h3 class=\"wp-block-heading\">Come prenotare:<\/h3>\n\n\n\n<p>Questa escursione si svolge su richiesta. Contattaci per scoprire di pi\u00f9 sui costi. Questa escursione pu\u00f2 anche essere offerta come esperienza privata per gruppi di qualsiasi dimensione, previa richiesta.<\/p>\n\n\n\n<p>La quota non include il costo del ticket di ingresso al Canyon (euro 3,50).<\/p>\n\n\n\n<h4 class=\"wp-block-heading\"><a href=\"https:\/\/go-comida.com\/it\/contact-us\/\">Contattaci<\/a> per informazioni, prenotazioni e dettagli per il pagamento via telefono, Whatsapp o mail. <\/h4>\n\n\n\n<hr class=\"wp-block-separator has-text-color has-background is-style-wide\" style=\"background-color:#f39200;color:#f39200\"\/>\n\n\n\n<h2 class=\"wp-block-heading\"><a href=\"https:\/\/go-comida.com\/it\/what-we-offer\/\">Altre escursioni settimanali:<\/a> <\/h2>\n\n\n\n<p><\/p>\n\n\n\n<div class=\"wp-block-columns are-vertically-aligned-center is-layout-flex wp-container-core-columns-is-layout-9d6595d7 wp-block-columns-is-layout-flex\">\n<div class=\"wp-block-column is-vertically-aligned-center is-layout-flow wp-block-column-is-layout-flow\" style=\"flex-basis:33.33%\">\n<figure class=\"wp-block-image size-large\"><a href=\"https:\/\/go-comida.com\/it\/sentiero-dei-tacchi\/\"><img loading=\"lazy\" decoding=\"async\" width=\"886\" height=\"638\" src=\"https:\/\/go-comida.com\/wp-content\/uploads\/2020\/07\/Foto-Ulassai-breve-new.jpg\" alt=\"\" class=\"wp-image-4256\" srcset=\"https:\/\/go-comida.com\/wp-content\/uploads\/2020\/07\/Foto-Ulassai-breve-new.jpg 886w, https:\/\/go-comida.com\/wp-content\/uploads\/2020\/07\/Foto-Ulassai-breve-new-300x216.jpg 300w, https:\/\/go-comida.com\/wp-content\/uploads\/2020\/07\/Foto-Ulassai-breve-new-768x553.jpg 768w\" sizes=\"auto, (max-width: 886px) 100vw, 886px\" \/><\/a><\/figure>\n<\/div>\n\n\n\n<div class=\"wp-block-column is-vertically-aligned-center is-layout-flow wp-block-column-is-layout-flow\" style=\"flex-basis:66.66%\">\n<h2 class=\"wp-block-heading\"><a href=\"https:\/\/go-comida.com\/it\/sentiero-dei-tacchi\/\">Sentiero dei Tacchi d&#8217;Ogliastra<\/a> <\/h2>\n\n\n\n<h4 class=\"wp-block-heading\">Ogni Luned\u00ec<\/h4>\n\n\n\n<h4 class=\"wp-block-heading\">08:30-13:30<\/h4>\n<\/div>\n<\/div>\n\n\n\n<div class=\"wp-block-columns are-vertically-aligned-center is-layout-flex wp-container-core-columns-is-layout-9d6595d7 wp-block-columns-is-layout-flex\">\n<div class=\"wp-block-column is-vertically-aligned-center is-layout-flow wp-block-column-is-layout-flow\" style=\"flex-basis:33.33%\">\n<figure class=\"wp-block-image size-large\"><a href=\"https:\/\/go-comida.com\/it\/terra-dei-centenari\/\"><img loading=\"lazy\" decoding=\"async\" width=\"886\" height=\"638\" src=\"https:\/\/go-comida.com\/wp-content\/uploads\/2020\/06\/Foto-Terra-dei-centenari-flipped-no-words-no-price.jpg\" alt=\"\" class=\"wp-image-3999\" srcset=\"https:\/\/go-comida.com\/wp-content\/uploads\/2020\/06\/Foto-Terra-dei-centenari-flipped-no-words-no-price.jpg 886w, https:\/\/go-comida.com\/wp-content\/uploads\/2020\/06\/Foto-Terra-dei-centenari-flipped-no-words-no-price-300x216.jpg 300w, https:\/\/go-comida.com\/wp-content\/uploads\/2020\/06\/Foto-Terra-dei-centenari-flipped-no-words-no-price-768x553.jpg 768w\" sizes=\"auto, (max-width: 886px) 100vw, 886px\" \/><\/a><\/figure>\n<\/div>\n\n\n\n<div class=\"wp-block-column is-vertically-aligned-center is-layout-flow wp-block-column-is-layout-flow\" style=\"flex-basis:66.66%\">\n<h2 class=\"wp-block-heading\"><a href=\"https:\/\/go-comida.com\/it\/terra-dei-centenari\/\">Alla scoperta della Terra dei Centenari<\/a><\/h2>\n\n\n\n<h4 class=\"wp-block-heading\">Ogni Marcoled\u00ec<\/h4>\n\n\n\n<h4 class=\"wp-block-heading\">08:30-13:00<\/h4>\n<\/div>\n<\/div>\n\n\n\n<div class=\"wp-block-columns are-vertically-aligned-center is-layout-flex wp-container-core-columns-is-layout-9d6595d7 wp-block-columns-is-layout-flex\">\n<div class=\"wp-block-column is-vertically-aligned-center is-layout-flow wp-block-column-is-layout-flow\" style=\"flex-basis:33.33%\">\n<figure class=\"wp-block-image size-large\"><a href=\"https:\/\/go-comida.com\/it\/sentiero-dei-pastori\/\"><img loading=\"lazy\" decoding=\"async\" width=\"886\" height=\"638\" src=\"https:\/\/go-comida.com\/wp-content\/uploads\/2020\/07\/Foto-Bosco-di-Pastori-Villagrande-new.jpg\" alt=\"\" class=\"wp-image-4259\" srcset=\"https:\/\/go-comida.com\/wp-content\/uploads\/2020\/07\/Foto-Bosco-di-Pastori-Villagrande-new.jpg 886w, https:\/\/go-comida.com\/wp-content\/uploads\/2020\/07\/Foto-Bosco-di-Pastori-Villagrande-new-300x216.jpg 300w, https:\/\/go-comida.com\/wp-content\/uploads\/2020\/07\/Foto-Bosco-di-Pastori-Villagrande-new-768x553.jpg 768w\" sizes=\"auto, (max-width: 886px) 100vw, 886px\" \/><\/a><\/figure>\n<\/div>\n\n\n\n<div class=\"wp-block-column is-vertically-aligned-center is-layout-flow wp-block-column-is-layout-flow\" style=\"flex-basis:66.66%\">\n<h2 class=\"wp-block-heading\"><a href=\"https:\/\/go-comida.com\/it\/sentiero-dei-pastori\/\">Sentiero dei Pastori<\/a> <\/h2>\n\n\n\n<h4 class=\"wp-block-heading\">Ogni Venerd\u00ec<\/h4>\n\n\n\n<h4 class=\"wp-block-heading\">08:30-13:00<\/h4>\n<\/div>\n<\/div>\n\n\n\n<div class=\"wp-block-columns is-layout-flex wp-container-core-columns-is-layout-9d6595d7 wp-block-columns-is-layout-flex\">\n<div class=\"wp-block-column is-vertically-aligned-center is-layout-flow wp-block-column-is-layout-flow\" style=\"flex-basis:33.33%\">\n<figure class=\"wp-block-image size-large\"><a href=\"https:\/\/go-comida.com\/it\/tortoli-antica-al-tramonto\/\"><img loading=\"lazy\" decoding=\"async\" width=\"886\" height=\"638\" src=\"https:\/\/go-comida.com\/wp-content\/uploads\/2020\/07\/Foto-tortoli-antica-new.jpg\" alt=\"\" class=\"wp-image-4251\" srcset=\"https:\/\/go-comida.com\/wp-content\/uploads\/2020\/07\/Foto-tortoli-antica-new.jpg 886w, https:\/\/go-comida.com\/wp-content\/uploads\/2020\/07\/Foto-tortoli-antica-new-300x216.jpg 300w, https:\/\/go-comida.com\/wp-content\/uploads\/2020\/07\/Foto-tortoli-antica-new-768x553.jpg 768w\" sizes=\"auto, (max-width: 886px) 100vw, 886px\" \/><\/a><\/figure>\n<\/div>\n\n\n\n<div class=\"wp-block-column is-vertically-aligned-center is-layout-flow wp-block-column-is-layout-flow\" style=\"flex-basis:66.66%\">\n<h2 class=\"wp-block-heading\"><a href=\"https:\/\/go-comida.com\/it\/tortoli-antica-al-tramonto\/\">Tortol\u00ec Antica al Tramonto<\/a><\/h2>\n\n\n\n<h4 class=\"wp-block-heading\">Ogni Mercoled\u00ec e Domencia<\/h4>\n\n\n\n<h4 class=\"wp-block-heading\">17:30-21:00<\/h4>\n<\/div>\n<\/div>\n\n\n\n<div class=\"wp-block-columns are-vertically-aligned-center is-layout-flex wp-container-core-columns-is-layout-9d6595d7 wp-block-columns-is-layout-flex\">\n<div class=\"wp-block-column is-vertically-aligned-center is-layout-flow wp-block-column-is-layout-flow\" style=\"flex-basis:33.33%\">\n<figure class=\"wp-block-image size-large\"><a href=\"https:\/\/go-comida.com\/it\/tour-tortoli-arbatax\/\"><img loading=\"lazy\" decoding=\"async\" width=\"1024\" height=\"737\" src=\"https:\/\/go-comida.com\/wp-content\/uploads\/2020\/06\/Foto-Tortoli-tour-english-thumbnail-no-words-1024x737.jpg\" alt=\"\" class=\"wp-image-3993\" srcset=\"https:\/\/go-comida.com\/wp-content\/uploads\/2020\/06\/Foto-Tortoli-tour-english-thumbnail-no-words-1024x737.jpg 1024w, https:\/\/go-comida.com\/wp-content\/uploads\/2020\/06\/Foto-Tortoli-tour-english-thumbnail-no-words-300x216.jpg 300w, https:\/\/go-comida.com\/wp-content\/uploads\/2020\/06\/Foto-Tortoli-tour-english-thumbnail-no-words-768x553.jpg 768w, https:\/\/go-comida.com\/wp-content\/uploads\/2020\/06\/Foto-Tortoli-tour-english-thumbnail-no-words-1536x1105.jpg 1536w, https:\/\/go-comida.com\/wp-content\/uploads\/2020\/06\/Foto-Tortoli-tour-english-thumbnail-no-words-1170x842.jpg 1170w, https:\/\/go-comida.com\/wp-content\/uploads\/2020\/06\/Foto-Tortoli-tour-english-thumbnail-no-words.jpg 1772w\" sizes=\"auto, (max-width: 1024px) 100vw, 1024px\" \/><\/a><\/figure>\n\n\n\n<p><\/p>\n<\/div>\n\n\n\n<div class=\"wp-block-column is-vertically-aligned-center is-layout-flow wp-block-column-is-layout-flow\" style=\"flex-basis:66.66%\">\n<h2 class=\"wp-block-heading\"><a href=\"https:\/\/go-comida.com\/it\/tour-tortoli-arbatax\/\">Tour di Tortol\u00ec-Arbatax<\/a> <\/h2>\n\n\n\n<h4 class=\"wp-block-heading\">Su richiesta<\/h4>\n\n\n\n<h4 class=\"wp-block-heading\">17:45-20:00<\/h4>\n\n\n\n<p><\/p>\n<\/div>\n<\/div>\n\n\n\n<div class=\"wp-block-columns are-vertically-aligned-center is-layout-flex wp-container-core-columns-is-layout-9d6595d7 wp-block-columns-is-layout-flex\">\n<div class=\"wp-block-column is-vertically-aligned-center is-layout-flow wp-block-column-is-layout-flow\" style=\"flex-basis:33.33%\">\n<figure class=\"wp-block-image size-large\"><a href=\"https:\/\/go-comida.com\/it\/tour-ogliastra\/\"><img loading=\"lazy\" decoding=\"async\" width=\"1024\" height=\"737\" src=\"https:\/\/go-comida.com\/wp-content\/uploads\/2020\/06\/Foto-Ogliastra-tour-italian-thumbnail-no-words-1024x737.jpg\" alt=\"\" class=\"wp-image-3995\" srcset=\"https:\/\/go-comida.com\/wp-content\/uploads\/2020\/06\/Foto-Ogliastra-tour-italian-thumbnail-no-words-1024x737.jpg 1024w, https:\/\/go-comida.com\/wp-content\/uploads\/2020\/06\/Foto-Ogliastra-tour-italian-thumbnail-no-words-300x216.jpg 300w, https:\/\/go-comida.com\/wp-content\/uploads\/2020\/06\/Foto-Ogliastra-tour-italian-thumbnail-no-words-768x553.jpg 768w, https:\/\/go-comida.com\/wp-content\/uploads\/2020\/06\/Foto-Ogliastra-tour-italian-thumbnail-no-words-1536x1105.jpg 1536w, https:\/\/go-comida.com\/wp-content\/uploads\/2020\/06\/Foto-Ogliastra-tour-italian-thumbnail-no-words-1170x842.jpg 1170w, https:\/\/go-comida.com\/wp-content\/uploads\/2020\/06\/Foto-Ogliastra-tour-italian-thumbnail-no-words.jpg 1772w\" sizes=\"auto, (max-width: 1024px) 100vw, 1024px\" \/><\/a><\/figure>\n<\/div>\n\n\n\n<div class=\"wp-block-column is-vertically-aligned-center is-layout-flow wp-block-column-is-layout-flow\" style=\"flex-basis:66.66%\">\n<h2 class=\"wp-block-heading\"><a href=\"https:\/\/go-comida.com\/it\/tour-ogliastra\/\">Tour dell&#8217;Ogliastra<\/a><\/h2>\n\n\n\n<h4 class=\"wp-block-heading\">Su richiesta<\/h4>\n\n\n\n<h4 class=\"wp-block-heading\">15:00-20:00<\/h4>\n<\/div>\n<\/div>\n\n\n\n<div class=\"wp-block-columns are-vertically-aligned-center is-layout-flex wp-container-core-columns-is-layout-9d6595d7 wp-block-columns-is-layout-flex\">\n<div class=\"wp-block-column is-vertically-aligned-center is-layout-flow wp-block-column-is-layout-flow\" style=\"flex-basis:33.33%\">\n<figure class=\"wp-block-image size-large\"><a href=\"https:\/\/go-comida.com\/it\/domus-de-janas\/\"><img loading=\"lazy\" decoding=\"async\" width=\"886\" height=\"638\" src=\"https:\/\/go-comida.com\/wp-content\/uploads\/2020\/06\/Foto-Domus-de-janas-no-words-no-prices.jpg\" alt=\"\" class=\"wp-image-3996\" srcset=\"https:\/\/go-comida.com\/wp-content\/uploads\/2020\/06\/Foto-Domus-de-janas-no-words-no-prices.jpg 886w, https:\/\/go-comida.com\/wp-content\/uploads\/2020\/06\/Foto-Domus-de-janas-no-words-no-prices-300x216.jpg 300w, https:\/\/go-comida.com\/wp-content\/uploads\/2020\/06\/Foto-Domus-de-janas-no-words-no-prices-768x553.jpg 768w\" sizes=\"auto, (max-width: 886px) 100vw, 886px\" \/><\/a><\/figure>\n<\/div>\n\n\n\n<div class=\"wp-block-column is-vertically-aligned-center is-layout-flow wp-block-column-is-layout-flow\" style=\"flex-basis:66.66%\">\n<h2 class=\"wp-block-heading\"><a href=\"https:\/\/go-comida.com\/it\/domus-de-janas\/\">Alla scoperta delle Case delle Fate<\/a><\/h2>\n\n\n\n<h4 class=\"wp-block-heading\">Su richiesta<\/h4>\n\n\n\n<h4 class=\"wp-block-heading\">08:30-15:00<\/h4>\n<\/div>\n<\/div>\n\n\n\n<div class=\"wp-block-columns are-vertically-aligned-center is-layout-flex wp-container-core-columns-is-layout-9d6595d7 wp-block-columns-is-layout-flex\">\n<div class=\"wp-block-column is-vertically-aligned-center is-layout-flow wp-block-column-is-layout-flow\" style=\"flex-basis:33.33%\">\n<figure class=\"wp-block-image size-large\"><a href=\"https:\/\/go-comida.com\/it\/gorropu-canyon\/\"><img loading=\"lazy\" decoding=\"async\" width=\"1024\" height=\"737\" src=\"https:\/\/go-comida.com\/wp-content\/uploads\/2020\/06\/Foto-Gorroppu-no-words-no-price-1024x737.jpg\" alt=\"\" class=\"wp-image-3997\" srcset=\"https:\/\/go-comida.com\/wp-content\/uploads\/2020\/06\/Foto-Gorroppu-no-words-no-price-1024x737.jpg 1024w, https:\/\/go-comida.com\/wp-content\/uploads\/2020\/06\/Foto-Gorroppu-no-words-no-price-300x216.jpg 300w, https:\/\/go-comida.com\/wp-content\/uploads\/2020\/06\/Foto-Gorroppu-no-words-no-price-768x553.jpg 768w, https:\/\/go-comida.com\/wp-content\/uploads\/2020\/06\/Foto-Gorroppu-no-words-no-price-1536x1105.jpg 1536w, https:\/\/go-comida.com\/wp-content\/uploads\/2020\/06\/Foto-Gorroppu-no-words-no-price-1170x842.jpg 1170w, https:\/\/go-comida.com\/wp-content\/uploads\/2020\/06\/Foto-Gorroppu-no-words-no-price.jpg 1772w\" sizes=\"auto, (max-width: 1024px) 100vw, 1024px\" \/><\/a><\/figure>\n<\/div>\n\n\n\n<div class=\"wp-block-column is-vertically-aligned-center is-layout-flow wp-block-column-is-layout-flow\" style=\"flex-basis:66.66%\">\n<h2 class=\"wp-block-heading\"> <a href=\"https:\/\/go-comida.com\/it\/gorropu-canyon\/\">Canyon Gorropu<\/a><\/h2>\n\n\n\n<h4 class=\"wp-block-heading\">Su richiesta<\/h4>\n\n\n\n<h4 class=\"wp-block-heading\">08:30-18:30<\/h4>\n<\/div>\n<\/div>\n\n\n\n<div class=\"wp-block-columns are-vertically-aligned-center is-layout-flex wp-container-core-columns-is-layout-9d6595d7 wp-block-columns-is-layout-flex\">\n<div class=\"wp-block-column is-vertically-aligned-center is-layout-flow wp-block-column-is-layout-flow\" style=\"flex-basis:33.33%\">\n<figure class=\"wp-block-image size-large\"><a href=\"https:\/\/go-comida.com\/monthly_cal\/\" target=\"_blank\" rel=\"noopener\"><img loading=\"lazy\" decoding=\"async\" width=\"886\" height=\"638\" src=\"https:\/\/go-comida.com\/wp-content\/uploads\/2020\/06\/Foto-Sunday-walk-no-words-no-prices.jpg\" alt=\"\" class=\"wp-image-4000\" srcset=\"https:\/\/go-comida.com\/wp-content\/uploads\/2020\/06\/Foto-Sunday-walk-no-words-no-prices.jpg 886w, https:\/\/go-comida.com\/wp-content\/uploads\/2020\/06\/Foto-Sunday-walk-no-words-no-prices-300x216.jpg 300w, https:\/\/go-comida.com\/wp-content\/uploads\/2020\/06\/Foto-Sunday-walk-no-words-no-prices-768x553.jpg 768w\" sizes=\"auto, (max-width: 886px) 100vw, 886px\" \/><\/a><\/figure>\n<\/div>\n\n\n\n<div class=\"wp-block-column is-vertically-aligned-center is-layout-flow wp-block-column-is-layout-flow\" style=\"flex-basis:66.66%\">\n<h2 class=\"wp-block-heading\"><a href=\"https:\/\/go-comida.com\/it\/monthly_cal\/\" target=\"_blank\" rel=\"noreferrer noopener\">Escursioni Domenicali<\/a><\/h2>\n\n\n\n<h4 class=\"wp-block-heading\">Un&#8217;escursione diversa ogni settimana<\/h4>\n\n\n\n<h4 class=\"wp-block-heading\">Dalle 08:00<\/h4>\n\n\n\n<p><\/p>\n<\/div>\n<\/div>\n\n\n\n<div class=\"wp-block-columns are-vertically-aligned-center is-layout-flex wp-container-core-columns-is-layout-9d6595d7 wp-block-columns-is-layout-flex\">\n<div class=\"wp-block-column is-vertically-aligned-center is-layout-flow wp-block-column-is-layout-flow\" style=\"flex-basis:33.33%\">\n<figure class=\"wp-block-image size-full\"><img loading=\"lazy\" decoding=\"async\" width=\"886\" height=\"638\" src=\"https:\/\/go-comida.com\/wp-content\/uploads\/2020\/03\/private-hikes-no-words.jpg\" alt=\"\" class=\"wp-image-3469\" srcset=\"https:\/\/go-comida.com\/wp-content\/uploads\/2020\/03\/private-hikes-no-words.jpg 886w, https:\/\/go-comida.com\/wp-content\/uploads\/2020\/03\/private-hikes-no-words-300x216.jpg 300w, https:\/\/go-comida.com\/wp-content\/uploads\/2020\/03\/private-hikes-no-words-768x553.jpg 768w\" sizes=\"auto, (max-width: 886px) 100vw, 886px\" \/><\/figure>\n<\/div>\n\n\n\n<div class=\"wp-block-column is-vertically-aligned-center is-layout-flow wp-block-column-is-layout-flow\" style=\"flex-basis:66.66%\">\n<h2 class=\"wp-block-heading\">Escursioni Private<\/h2>\n\n\n\n<h4 class=\"wp-block-heading\">Prenota un&#8217;esperienza per un gruppo di qualsiasi dimensione<\/h4>\n\n\n\n<p><\/p>\n<\/div>\n<\/div>\n\n\n\n<p><\/p>","protected":false},"excerpt":{"rendered":"<p>Tra i Canyon pi\u00f9 profondi in Europa Dettagli del percorso: Lunghezza percorso: 15 kmTotale camminata: 6 ore circaDislivello: +\/- 400 mPunto pi\u00f9 basso\/alto: 190m\/380m slmDifficolt\u00e0: E &#8211; media Trasporto: Auto propria (ma \u00e8 anche possibile concordare il prelevamento presso il vostro hotel, resort o B&amp;B) Partenza e arrivo: ore 8.30 Piazza Fra\u2019 Locci &#8211; Tortol\u00ecGoogle&hellip; <a href=\"https:\/\/go-comida.com\/it\/gorropu-canyon\/\">Continue reading&#8230;<\/a><\/p>\n","protected":false},"author":1,"featured_media":0,"parent":0,"menu_order":0,"comment_status":"closed","ping_status":"closed","template":"","meta":{"nf_dc_page":"","footnotes":""},"class_list":["post-3600","page","type-page","status-publish","hentry"],"_links":{"self":[{"href":"https:\/\/go-comida.com\/it\/wp-json\/wp\/v2\/pages\/3600","targetHints":{"allow":["GET"]}}],"collection":[{"href":"https:\/\/go-comida.com\/it\/wp-json\/wp\/v2\/pages"}],"about":[{"href":"https:\/\/go-comida.com\/it\/wp-json\/wp\/v2\/types\/page"}],"author":[{"embeddable":true,"href":"https:\/\/go-comida.com\/it\/wp-json\/wp\/v2\/users\/1"}],"replies":[{"embeddable":true,"href":"https:\/\/go-comida.com\/it\/wp-json\/wp\/v2\/comments?post=3600"}],"version-history":[{"count":0,"href":"https:\/\/go-comida.com\/it\/wp-json\/wp\/v2\/pages\/3600\/revisions"}],"wp:attachment":[{"href":"https:\/\/go-comida.com\/it\/wp-json\/wp\/v2\/media?parent=3600"}],"curies":[{"name":"wp","href":"https:\/\/api.w.org\/{rel}","templated":true}]}}