{"id":3591,"date":"2020-03-30T18:34:39","date_gmt":"2020-03-30T16:34:39","guid":{"rendered":"https:\/\/go-comida.com\/?page_id=3591"},"modified":"2022-09-22T23:40:35","modified_gmt":"2022-09-22T21:40:35","slug":"tour-ogliastra","status":"publish","type":"page","link":"https:\/\/go-comida.com\/it\/tour-ogliastra\/","title":{"rendered":"<h1 style=\"text-align: center;\">Tour dell&#8217;Ogliastra"},"content":{"rendered":"<h3 class=\"has-text-align-center wp-block-heading\">Tour Turistico<\/h3>\r\n\r\n<p>&nbsp;<\/p>\r\n\r\n<p>&nbsp;<\/p>\r\n\r\n<p>&nbsp;<\/p>\r\n\r\n<div class=\"wp-block-group\"><div class=\"wp-block-group__inner-container is-layout-flow wp-block-group-is-layout-flow\">\r\n<div class=\"wp-block-columns is-layout-flex wp-container-core-columns-is-layout-9d6595d7 wp-block-columns-is-layout-flex\">\r\n<div class=\"wp-block-column is-layout-flow wp-block-column-is-layout-flow\">\r\n<div class=\"wp-block-buttons is-content-justification-center is-nowrap is-layout-flex wp-container-core-buttons-is-layout-1fb9aab6 wp-block-buttons-is-layout-flex\">\r\n<div class=\"wp-block-button has-custom-font-size is-style-outline is-style-outline--4\" style=\"font-size: 15px;\"><a class=\"wp-block-button__link has-white-color has-text-color has-background\" style=\"background-color: #f39200;\" href=\"https:\/\/go-comida.com\/events\/tour-of-ogliastra-s\/\" target=\"_blank\" rel=\"noreferrer noopener\"><strong>PRENOTA <\/strong>(1 Apr &#8211; 20 Set) (15:00-20:00)<\/a><\/div>\r\n<\/div>\r\n<\/div>\r\n\r\n\r\n\r\n<div class=\"wp-block-column is-layout-flow wp-block-column-is-layout-flow\">\r\n<div class=\"wp-block-buttons is-content-justification-center is-layout-flex wp-container-core-buttons-is-layout-16018d1d wp-block-buttons-is-layout-flex\">\r\n<div class=\"wp-block-button has-custom-font-size is-style-outline is-style-outline--5\" style=\"font-size: 15px;\"><a class=\"wp-block-button__link has-white-color has-text-color has-background\" style=\"background-color: #3d2d17;\" href=\"https:\/\/go-comida.com\/events\/tour-of-ogliastra-a\/\" target=\"_blank\" rel=\"noreferrer noopener\"><strong>PRENOTA <\/strong>(21 Set &#8211; 29 Ott) (14:00-19:00)<\/a><\/div>\r\n<\/div>\r\n<\/div>\r\n\r\n\r\n\r\n<div class=\"wp-block-column is-layout-flow wp-block-column-is-layout-flow\">\r\n<div class=\"wp-block-buttons is-content-justification-center is-layout-flex wp-container-core-buttons-is-layout-16018d1d wp-block-buttons-is-layout-flex\">\r\n<div class=\"wp-block-button has-custom-font-size is-style-outline is-style-outline--6\" style=\"font-size: 15px;\"><a class=\"wp-block-button__link has-white-color has-text-color has-background\" style=\"background-color: #9b9f22;\" href=\"https:\/\/go-comida.com\/events\/tour-of-ogliastra-w\/\" target=\"_blank\" rel=\"noreferrer noopener\"><strong>PRENOTA <\/strong>(1 Nov &#8211; 31 Mar) (9:00-14:30)<\/a><\/div>\r\n<\/div>\r\n<\/div>\r\n<\/div>\r\n<\/div><\/div>\r\n\r\n<p>&nbsp;<\/p>\r\n\r\n<p>&nbsp;<\/p>\r\n\r\n<p>&nbsp;<\/p>\r\n\r\n<div class=\"wp-block-media-text alignwide has-media-on-the-right is-stacked-on-mobile\">\r\n<figure class=\"wp-block-media-text__media\"><video src=\"https:\/\/go-comida.com\/wp-content\/uploads\/2020\/04\/Ogliastra-4-finale.mp4\" controls=\"controls\" width=\"300\" height=\"150\"><\/video><\/figure>\r\n<div class=\"wp-block-media-text__content\">\r\n<p>Il Tour Ogliastra \u00e8 un Tour Turistico che ti permetter\u00e0 di addentrarti nel cuore dell&#8217;Ogliastra e scoprirne i segreti in mezza giornata. Una serie di brevi passeggiate comporr\u00e0 un viaggio attraverso i luoghi iconici con l&#8217;ausilio dei nostri mezzi, durante il quale la tua Guida ti illustrer\u00e0 la storia, la cultura e gli aneddoti di una delle regioni storiche pi\u00f9 affascinanti della Sardegna.<\/p>\r\n\r\n\r\n\r\n<p>In un pomeriggio, avrai la possibilit\u00e0 di scoprire che oltre alle bellissime spiagge, la Sardegna \u00e8 in grado di offrire tanto altro. Partendo da Tortol\u00ec, dalle falde del Gennargentu ai Tacchi d&#8217;Ogliastra, visiteremo laghi, montagne, boschi con sorgenti di acqua fresca, piccoli borghi, paesini fantasma, monumenti naturali, punti panoramici, vigneti e incontreremo gli incontrastati dominatori delle campagne, cio\u00e8 caprette, asinelli, vacche, pecore e non solo.<\/p>\r\n<\/div>\r\n<\/div>\r\n\r\n<p>&nbsp;<\/p>\r\n\r\n<div class=\"wp-block-columns is-layout-flex wp-container-core-columns-is-layout-9d6595d7 wp-block-columns-is-layout-flex\">\r\n<div class=\"wp-block-column is-layout-flow wp-block-column-is-layout-flow\">\u00a0<\/div>\r\n<\/div>\r\n\r\n<p>&nbsp;<\/p>\r\n\r\n<div class=\"wp-block-buttons is-layout-flex wp-block-buttons-is-layout-flex\"><\/div>\r\n\r\n<p>&nbsp;<\/p>\r\n\r\n<p>&nbsp;<\/p>\r\n\r\n<p>&nbsp;<\/p>\r\n\r\n<div class=\"wp-block-buttons is-content-justification-center is-layout-flex wp-container-core-buttons-is-layout-16018d1d wp-block-buttons-is-layout-flex\"><\/div>\r\n\r\n<p>&nbsp;<\/p>\r\n\r\n<h3 class=\"wp-block-heading\">Partenza e arrivo:<\/h3>\r\n\r\n<p>&nbsp;<\/p>\r\n\r\n<p><a href=\"https:\/\/goo.gl\/maps\/4JUeusypJxNYdF5C6\">Piazza Fra&#8217; Locci &#8211; Tortol\u00ec<\/a><br \/>Google Maps: https:\/\/goo.gl\/maps\/4JUeusypJxNYdF5C6 <br \/>\u00c8 anche possibile concordare un luogo di incontro alternativo.<\/p>\r\n\r\n<p>&nbsp;<\/p>\r\n\r\n<h3 class=\"wp-block-heading\">Orari e dettagli:<\/h3>\r\n\r\n<p>&nbsp;<\/p>\r\n\r\n<p>Orario fino al 31 Agosto: 15.00 &#8211; 20:00 <br \/>Orario dal 01 Settembre: 14:00 &#8211; 19:00<br \/>Gruppo: Max 4 persone<br \/>Difficolt\u00e0: T \u2013 Semplice (adatto a tutti)<br \/>La quota non include il costo del ticket di ingresso al monumento naturale Scala di San Giorgio (euro 1,00).<\/p>\r\n\r\n<p>&nbsp;<\/p>\r\n\r\n<h3 class=\"wp-block-heading\">Di cosa hai bisogno?<\/h3>\r\n\r\n<p>&nbsp;<\/p>\r\n\r\n<p>Abbigliamento comodo e scarpe chiuse (meglio se da ginnastica), acqua.<\/p>\r\n\r\n<p>&nbsp;<\/p>\r\n\r\n<h3 class=\"wp-block-heading\">Guida<\/h3>\r\n\r\n<p>&nbsp;<\/p>\r\n\r\n<p>Il Tour \u00e8 condotto da Gianfranco Comida, Guida Ambientale Escursionistica iscritta al Registro GAE della Regione Autonoma della Sardegna n.799, e al Registro GAE Nazionale presso AIGAE n. SA496. La guida \u00e8 coperta da assicurazione RC.<\/p>\r\n\r\n<p>&nbsp;<\/p>\r\n\r\n<h3 class=\"wp-block-heading\">Come prenotare:<\/h3>\r\n\r\n<p>&nbsp;<\/p>\r\n\r\n<p>Questo tour \u00e8 disponibile su richiesta. Contattaci per info sui costi.<\/p>\r\n\r\n<p>&nbsp;<\/p>\r\n\r\n<h4 class=\"wp-block-heading\"><a href=\"https:\/\/go-comida.com\/it\/contact-us\/\">Contattaci<\/a> per informazioni, prenotazioni e dettagli per il pagamento via telefono, Whatsapp o mail.<\/h4>\r\n\r\n<p>&nbsp;<\/p>\r\n<hr class=\"wp-block-separator has-text-color has-background is-style-wide\" style=\"background-color: #f39200; color: #f39200;\" \/>\r\n<p>&nbsp;<\/p>\r\n\r\n<h2 class=\"wp-block-heading\"><a href=\"https:\/\/go-comida.com\/it\/what-we-offer\/\">Altre escursioni settimanali:<\/a><\/h2>\r\n\r\n<p>&nbsp;<\/p>\r\n\r\n<p>&nbsp;<\/p>\r\n\r\n<p>&nbsp;<\/p>\r\n\r\n<div class=\"wp-block-columns are-vertically-aligned-center is-layout-flex wp-container-core-columns-is-layout-9d6595d7 wp-block-columns-is-layout-flex\">\r\n<div class=\"wp-block-column is-vertically-aligned-center is-layout-flow wp-block-column-is-layout-flow\" style=\"flex-basis: 33.33%;\">\r\n<figure class=\"wp-block-image size-large\"><a href=\"https:\/\/go-comida.com\/it\/sentiero-dei-tacchi\/\"><img loading=\"lazy\" decoding=\"async\" width=\"886\" height=\"638\" class=\"wp-image-4256\" src=\"https:\/\/go-comida.com\/wp-content\/uploads\/2020\/07\/Foto-Ulassai-breve-new.jpg\" alt=\"\" srcset=\"https:\/\/go-comida.com\/wp-content\/uploads\/2020\/07\/Foto-Ulassai-breve-new.jpg 886w, https:\/\/go-comida.com\/wp-content\/uploads\/2020\/07\/Foto-Ulassai-breve-new-300x216.jpg 300w, https:\/\/go-comida.com\/wp-content\/uploads\/2020\/07\/Foto-Ulassai-breve-new-768x553.jpg 768w\" sizes=\"auto, (max-width: 886px) 100vw, 886px\" \/><\/a><\/figure>\r\n<\/div>\r\n\r\n\r\n\r\n<div class=\"wp-block-column is-vertically-aligned-center is-layout-flow wp-block-column-is-layout-flow\" style=\"flex-basis: 66.66%;\">\r\n<h2 class=\"wp-block-heading\"><a href=\"https:\/\/go-comida.com\/it\/sentiero-dei-tacchi\/\">Sentiero dei Tacchi d&#8217;Ogliastra<\/a><\/h2>\r\n\r\n\r\n\r\n<h4 class=\"wp-block-heading\">Ogni Luned\u00ec<\/h4>\r\n\r\n\r\n\r\n<h4 class=\"wp-block-heading\">08:30-13:30<\/h4>\r\n<\/div>\r\n<\/div>\r\n\r\n<p>&nbsp;<\/p>\r\n\r\n<div class=\"wp-block-columns are-vertically-aligned-center is-layout-flex wp-container-core-columns-is-layout-9d6595d7 wp-block-columns-is-layout-flex\">\r\n<div class=\"wp-block-column is-vertically-aligned-center is-layout-flow wp-block-column-is-layout-flow\" style=\"flex-basis: 33.33%;\">\r\n<figure class=\"wp-block-image size-large\"><a href=\"https:\/\/go-comida.com\/it\/terra-dei-centenari\/\"><img loading=\"lazy\" decoding=\"async\" width=\"886\" height=\"638\" class=\"wp-image-3999\" src=\"https:\/\/go-comida.com\/wp-content\/uploads\/2020\/06\/Foto-Terra-dei-centenari-flipped-no-words-no-price.jpg\" alt=\"\" srcset=\"https:\/\/go-comida.com\/wp-content\/uploads\/2020\/06\/Foto-Terra-dei-centenari-flipped-no-words-no-price.jpg 886w, https:\/\/go-comida.com\/wp-content\/uploads\/2020\/06\/Foto-Terra-dei-centenari-flipped-no-words-no-price-300x216.jpg 300w, https:\/\/go-comida.com\/wp-content\/uploads\/2020\/06\/Foto-Terra-dei-centenari-flipped-no-words-no-price-768x553.jpg 768w\" sizes=\"auto, (max-width: 886px) 100vw, 886px\" \/><\/a><\/figure>\r\n<\/div>\r\n\r\n\r\n\r\n<div class=\"wp-block-column is-vertically-aligned-center is-layout-flow wp-block-column-is-layout-flow\" style=\"flex-basis: 66.66%;\">\r\n<h2 class=\"wp-block-heading\"><a href=\"https:\/\/go-comida.com\/it\/terra-dei-centenari\/\">Alla scoperta della Terra dei Centenari<\/a><\/h2>\r\n\r\n\r\n\r\n<h4 class=\"wp-block-heading\">Ogni Mercoled\u00ec<\/h4>\r\n\r\n\r\n\r\n<h4 class=\"wp-block-heading\">08:30-13:00<\/h4>\r\n<\/div>\r\n<\/div>\r\n\r\n<p>&nbsp;<\/p>\r\n\r\n<div class=\"wp-block-columns are-vertically-aligned-center is-layout-flex wp-container-core-columns-is-layout-9d6595d7 wp-block-columns-is-layout-flex\">\r\n<div class=\"wp-block-column is-vertically-aligned-center is-layout-flow wp-block-column-is-layout-flow\" style=\"flex-basis: 33.33%;\">\r\n<figure class=\"wp-block-image size-large\"><a href=\"https:\/\/go-comida.com\/it\/sentiero-dei-pastori\/\"><img loading=\"lazy\" decoding=\"async\" width=\"886\" height=\"638\" class=\"wp-image-4259\" src=\"https:\/\/go-comida.com\/wp-content\/uploads\/2020\/07\/Foto-Bosco-di-Pastori-Villagrande-new.jpg\" alt=\"\" srcset=\"https:\/\/go-comida.com\/wp-content\/uploads\/2020\/07\/Foto-Bosco-di-Pastori-Villagrande-new.jpg 886w, https:\/\/go-comida.com\/wp-content\/uploads\/2020\/07\/Foto-Bosco-di-Pastori-Villagrande-new-300x216.jpg 300w, https:\/\/go-comida.com\/wp-content\/uploads\/2020\/07\/Foto-Bosco-di-Pastori-Villagrande-new-768x553.jpg 768w\" sizes=\"auto, (max-width: 886px) 100vw, 886px\" \/><\/a><\/figure>\r\n<\/div>\r\n\r\n\r\n\r\n<div class=\"wp-block-column is-vertically-aligned-center is-layout-flow wp-block-column-is-layout-flow\" style=\"flex-basis: 66.66%;\">\r\n<h2 class=\"wp-block-heading\"><a href=\"https:\/\/go-comida.com\/it\/sentiero-dei-pastori\/\">Sentiero dei Pastori<\/a><\/h2>\r\n\r\n\r\n\r\n<h4 class=\"wp-block-heading\">Ogni Venerd\u00ec<\/h4>\r\n\r\n\r\n\r\n<h4 class=\"wp-block-heading\">08:30-13:00<\/h4>\r\n<\/div>\r\n<\/div>\r\n\r\n<p>&nbsp;<\/p>\r\n\r\n<div class=\"wp-block-columns is-layout-flex wp-container-core-columns-is-layout-9d6595d7 wp-block-columns-is-layout-flex\">\r\n<div class=\"wp-block-column is-vertically-aligned-center is-layout-flow wp-block-column-is-layout-flow\" style=\"flex-basis: 33.33%;\">\r\n<figure class=\"wp-block-image size-large\"><a href=\"https:\/\/go-comida.com\/it\/tortoli-antica-al-tramonto\/\"><img loading=\"lazy\" decoding=\"async\" width=\"886\" height=\"638\" class=\"wp-image-4251\" src=\"https:\/\/go-comida.com\/wp-content\/uploads\/2020\/07\/Foto-tortoli-antica-new.jpg\" alt=\"\" srcset=\"https:\/\/go-comida.com\/wp-content\/uploads\/2020\/07\/Foto-tortoli-antica-new.jpg 886w, https:\/\/go-comida.com\/wp-content\/uploads\/2020\/07\/Foto-tortoli-antica-new-300x216.jpg 300w, https:\/\/go-comida.com\/wp-content\/uploads\/2020\/07\/Foto-tortoli-antica-new-768x553.jpg 768w\" sizes=\"auto, (max-width: 886px) 100vw, 886px\" \/><\/a><\/figure>\r\n<\/div>\r\n\r\n\r\n\r\n<div class=\"wp-block-column is-vertically-aligned-center is-layout-flow wp-block-column-is-layout-flow\" style=\"flex-basis: 66.66%;\">\r\n<h2 class=\"wp-block-heading\"><a href=\"https:\/\/go-comida.com\/it\/tortoli-antica-al-tramonto\/\">Tortol\u00ec Antica al Tramonto<\/a><\/h2>\r\n\r\n\r\n\r\n<h4 class=\"wp-block-heading\">Ogni Mercoled\u00ec e Domencia<\/h4>\r\n\r\n\r\n\r\n<h4 class=\"wp-block-heading\">17:30-21:00<\/h4>\r\n<\/div>\r\n<\/div>\r\n\r\n<p>&nbsp;<\/p>\r\n\r\n<div class=\"wp-block-columns are-vertically-aligned-center is-layout-flex wp-container-core-columns-is-layout-9d6595d7 wp-block-columns-is-layout-flex\">\r\n<div class=\"wp-block-column is-vertically-aligned-center is-layout-flow wp-block-column-is-layout-flow\" style=\"flex-basis: 33.33%;\">\r\n<figure class=\"wp-block-image size-large\"><a href=\"https:\/\/go-comida.com\/it\/tour-tortoli-arbatax\/\"><img loading=\"lazy\" decoding=\"async\" width=\"1024\" height=\"737\" class=\"wp-image-3993\" src=\"https:\/\/go-comida.com\/wp-content\/uploads\/2020\/06\/Foto-Tortoli-tour-english-thumbnail-no-words-1024x737.jpg\" alt=\"\" srcset=\"https:\/\/go-comida.com\/wp-content\/uploads\/2020\/06\/Foto-Tortoli-tour-english-thumbnail-no-words-1024x737.jpg 1024w, https:\/\/go-comida.com\/wp-content\/uploads\/2020\/06\/Foto-Tortoli-tour-english-thumbnail-no-words-300x216.jpg 300w, https:\/\/go-comida.com\/wp-content\/uploads\/2020\/06\/Foto-Tortoli-tour-english-thumbnail-no-words-768x553.jpg 768w, https:\/\/go-comida.com\/wp-content\/uploads\/2020\/06\/Foto-Tortoli-tour-english-thumbnail-no-words-1536x1105.jpg 1536w, https:\/\/go-comida.com\/wp-content\/uploads\/2020\/06\/Foto-Tortoli-tour-english-thumbnail-no-words-1170x842.jpg 1170w, https:\/\/go-comida.com\/wp-content\/uploads\/2020\/06\/Foto-Tortoli-tour-english-thumbnail-no-words.jpg 1772w\" sizes=\"auto, (max-width: 1024px) 100vw, 1024px\" \/><\/a><\/figure>\r\n\r\n\r\n\r\n<p>&nbsp;<\/p>\r\n<\/div>\r\n\r\n\r\n\r\n<div class=\"wp-block-column is-vertically-aligned-center is-layout-flow wp-block-column-is-layout-flow\" style=\"flex-basis: 66.66%;\">\r\n<h2 class=\"wp-block-heading\"><a href=\"https:\/\/go-comida.com\/it\/tour-tortoli-arbatax\/\">Tour di Tortol\u00ec-Arbatax<\/a><\/h2>\r\n\r\n\r\n\r\n<h4 class=\"wp-block-heading\">Su richiesta<\/h4>\r\n\r\n\r\n\r\n<h4 class=\"wp-block-heading\">17:45-20:00<\/h4>\r\n\r\n\r\n\r\n<p>&nbsp;<\/p>\r\n<\/div>\r\n<\/div>\r\n\r\n<p>&nbsp;<\/p>\r\n\r\n<div class=\"wp-block-columns are-vertically-aligned-center is-layout-flex wp-container-core-columns-is-layout-9d6595d7 wp-block-columns-is-layout-flex\">\r\n<div class=\"wp-block-column is-vertically-aligned-center is-layout-flow wp-block-column-is-layout-flow\" style=\"flex-basis: 33.33%;\">\r\n<figure class=\"wp-block-image size-large\"><a href=\"https:\/\/go-comida.com\/it\/tour-ogliastra\/\"><img loading=\"lazy\" decoding=\"async\" width=\"1024\" height=\"737\" class=\"wp-image-3995\" src=\"https:\/\/go-comida.com\/wp-content\/uploads\/2020\/06\/Foto-Ogliastra-tour-italian-thumbnail-no-words-1024x737.jpg\" alt=\"\" srcset=\"https:\/\/go-comida.com\/wp-content\/uploads\/2020\/06\/Foto-Ogliastra-tour-italian-thumbnail-no-words-1024x737.jpg 1024w, https:\/\/go-comida.com\/wp-content\/uploads\/2020\/06\/Foto-Ogliastra-tour-italian-thumbnail-no-words-300x216.jpg 300w, https:\/\/go-comida.com\/wp-content\/uploads\/2020\/06\/Foto-Ogliastra-tour-italian-thumbnail-no-words-768x553.jpg 768w, https:\/\/go-comida.com\/wp-content\/uploads\/2020\/06\/Foto-Ogliastra-tour-italian-thumbnail-no-words-1536x1105.jpg 1536w, https:\/\/go-comida.com\/wp-content\/uploads\/2020\/06\/Foto-Ogliastra-tour-italian-thumbnail-no-words-1170x842.jpg 1170w, https:\/\/go-comida.com\/wp-content\/uploads\/2020\/06\/Foto-Ogliastra-tour-italian-thumbnail-no-words.jpg 1772w\" sizes=\"auto, (max-width: 1024px) 100vw, 1024px\" \/><\/a><\/figure>\r\n<\/div>\r\n\r\n\r\n\r\n<div class=\"wp-block-column is-vertically-aligned-center is-layout-flow wp-block-column-is-layout-flow\" style=\"flex-basis: 66.66%;\">\r\n<h2 class=\"wp-block-heading\"><a href=\"https:\/\/go-comida.com\/it\/tour-ogliastra\/\">Tour dell&#8217;Ogliastra<\/a><\/h2>\r\n\r\n\r\n\r\n<h4 class=\"wp-block-heading\">Su richiesta<\/h4>\r\n\r\n\r\n\r\n<h4 class=\"wp-block-heading\">15:00-20:00<\/h4>\r\n<\/div>\r\n<\/div>\r\n\r\n<p>&nbsp;<\/p>\r\n\r\n<div class=\"wp-block-columns are-vertically-aligned-center is-layout-flex wp-container-core-columns-is-layout-9d6595d7 wp-block-columns-is-layout-flex\">\r\n<div class=\"wp-block-column is-vertically-aligned-center is-layout-flow wp-block-column-is-layout-flow\" style=\"flex-basis: 33.33%;\">\r\n<figure class=\"wp-block-image size-large\"><a href=\"https:\/\/go-comida.com\/it\/domus-de-janas\/\"><img loading=\"lazy\" decoding=\"async\" width=\"886\" height=\"638\" class=\"wp-image-3996\" src=\"https:\/\/go-comida.com\/wp-content\/uploads\/2020\/06\/Foto-Domus-de-janas-no-words-no-prices.jpg\" alt=\"\" srcset=\"https:\/\/go-comida.com\/wp-content\/uploads\/2020\/06\/Foto-Domus-de-janas-no-words-no-prices.jpg 886w, https:\/\/go-comida.com\/wp-content\/uploads\/2020\/06\/Foto-Domus-de-janas-no-words-no-prices-300x216.jpg 300w, https:\/\/go-comida.com\/wp-content\/uploads\/2020\/06\/Foto-Domus-de-janas-no-words-no-prices-768x553.jpg 768w\" sizes=\"auto, (max-width: 886px) 100vw, 886px\" \/><\/a><\/figure>\r\n<\/div>\r\n\r\n\r\n\r\n<div class=\"wp-block-column is-vertically-aligned-center is-layout-flow wp-block-column-is-layout-flow\" style=\"flex-basis: 66.66%;\">\r\n<h2 class=\"wp-block-heading\"><a href=\"https:\/\/go-comida.com\/it\/domus-de-janas\/\">Alla scoperta delle Case delle Fate<\/a><\/h2>\r\n\r\n\r\n\r\n<h4 class=\"wp-block-heading\">Su richiesta<\/h4>\r\n\r\n\r\n\r\n<h4 class=\"wp-block-heading\">08:30-15:00<\/h4>\r\n<\/div>\r\n<\/div>\r\n\r\n<p>&nbsp;<\/p>\r\n\r\n<div class=\"wp-block-columns are-vertically-aligned-center is-layout-flex wp-container-core-columns-is-layout-9d6595d7 wp-block-columns-is-layout-flex\">\r\n<div class=\"wp-block-column is-vertically-aligned-center is-layout-flow wp-block-column-is-layout-flow\" style=\"flex-basis: 33.33%;\">\r\n<figure class=\"wp-block-image size-large\"><a href=\"https:\/\/go-comida.com\/it\/gorropu-canyon\/\"><img loading=\"lazy\" decoding=\"async\" width=\"1024\" height=\"737\" class=\"wp-image-3997\" src=\"https:\/\/go-comida.com\/wp-content\/uploads\/2020\/06\/Foto-Gorroppu-no-words-no-price-1024x737.jpg\" alt=\"\" srcset=\"https:\/\/go-comida.com\/wp-content\/uploads\/2020\/06\/Foto-Gorroppu-no-words-no-price-1024x737.jpg 1024w, https:\/\/go-comida.com\/wp-content\/uploads\/2020\/06\/Foto-Gorroppu-no-words-no-price-300x216.jpg 300w, https:\/\/go-comida.com\/wp-content\/uploads\/2020\/06\/Foto-Gorroppu-no-words-no-price-768x553.jpg 768w, https:\/\/go-comida.com\/wp-content\/uploads\/2020\/06\/Foto-Gorroppu-no-words-no-price-1536x1105.jpg 1536w, https:\/\/go-comida.com\/wp-content\/uploads\/2020\/06\/Foto-Gorroppu-no-words-no-price-1170x842.jpg 1170w, https:\/\/go-comida.com\/wp-content\/uploads\/2020\/06\/Foto-Gorroppu-no-words-no-price.jpg 1772w\" sizes=\"auto, (max-width: 1024px) 100vw, 1024px\" \/><\/a><\/figure>\r\n<\/div>\r\n\r\n\r\n\r\n<div class=\"wp-block-column is-vertically-aligned-center is-layout-flow wp-block-column-is-layout-flow\" style=\"flex-basis: 66.66%;\">\r\n<h2 class=\"wp-block-heading\"><a href=\"https:\/\/go-comida.com\/it\/gorropu-canyon\/\">Canyon Gorropu<\/a><\/h2>\r\n\r\n\r\n\r\n<h4 class=\"wp-block-heading\">Su richiesta<\/h4>\r\n\r\n\r\n\r\n<h4 class=\"wp-block-heading\">08:30-18:30<\/h4>\r\n<\/div>\r\n<\/div>\r\n\r\n<p>&nbsp;<\/p>\r\n\r\n<div class=\"wp-block-columns are-vertically-aligned-center is-layout-flex wp-container-core-columns-is-layout-9d6595d7 wp-block-columns-is-layout-flex\">\r\n<div class=\"wp-block-column is-vertically-aligned-center is-layout-flow wp-block-column-is-layout-flow\" style=\"flex-basis: 33.33%;\">\r\n<figure class=\"wp-block-image size-large\"><a href=\"https:\/\/go-comida.com\/monthly_cal\/\" target=\"_blank\" rel=\"noopener\"><img loading=\"lazy\" decoding=\"async\" width=\"886\" height=\"638\" class=\"wp-image-4000\" src=\"https:\/\/go-comida.com\/wp-content\/uploads\/2020\/06\/Foto-Sunday-walk-no-words-no-prices.jpg\" alt=\"\" srcset=\"https:\/\/go-comida.com\/wp-content\/uploads\/2020\/06\/Foto-Sunday-walk-no-words-no-prices.jpg 886w, https:\/\/go-comida.com\/wp-content\/uploads\/2020\/06\/Foto-Sunday-walk-no-words-no-prices-300x216.jpg 300w, https:\/\/go-comida.com\/wp-content\/uploads\/2020\/06\/Foto-Sunday-walk-no-words-no-prices-768x553.jpg 768w\" sizes=\"auto, (max-width: 886px) 100vw, 886px\" \/><\/a><\/figure>\r\n<\/div>\r\n\r\n\r\n\r\n<div class=\"wp-block-column is-vertically-aligned-center is-layout-flow wp-block-column-is-layout-flow\" style=\"flex-basis: 66.66%;\">\r\n<h2 class=\"wp-block-heading\"><a href=\"https:\/\/go-comida.com\/it\/monthly_cal\/\" target=\"_blank\" rel=\"noreferrer noopener\">Escursioni Domenicali<\/a><\/h2>\r\n\r\n\r\n\r\n<h4 class=\"wp-block-heading\">Un&#8217;escursione diversa ogni settimana<\/h4>\r\n\r\n\r\n\r\n<h4 class=\"wp-block-heading\">Dalle 08:00<\/h4>\r\n\r\n\r\n\r\n<p>&nbsp;<\/p>\r\n<\/div>\r\n<\/div>\r\n\r\n<p>&nbsp;<\/p>\r\n\r\n<div class=\"wp-block-columns are-vertically-aligned-center is-layout-flex wp-container-core-columns-is-layout-9d6595d7 wp-block-columns-is-layout-flex\">\r\n<div class=\"wp-block-column is-vertically-aligned-center is-layout-flow wp-block-column-is-layout-flow\" style=\"flex-basis: 33.33%;\">\r\n<figure class=\"wp-block-image size-full\"><img loading=\"lazy\" decoding=\"async\" width=\"886\" height=\"638\" class=\"wp-image-3469\" src=\"https:\/\/go-comida.com\/wp-content\/uploads\/2020\/03\/private-hikes-no-words.jpg\" alt=\"\" srcset=\"https:\/\/go-comida.com\/wp-content\/uploads\/2020\/03\/private-hikes-no-words.jpg 886w, https:\/\/go-comida.com\/wp-content\/uploads\/2020\/03\/private-hikes-no-words-300x216.jpg 300w, https:\/\/go-comida.com\/wp-content\/uploads\/2020\/03\/private-hikes-no-words-768x553.jpg 768w\" sizes=\"auto, (max-width: 886px) 100vw, 886px\" \/><\/figure>\r\n<\/div>\r\n\r\n\r\n\r\n<div class=\"wp-block-column is-vertically-aligned-center is-layout-flow wp-block-column-is-layout-flow\" style=\"flex-basis: 66.66%;\">\r\n<h2 class=\"wp-block-heading\">Escursioni Private<\/h2>\r\n\r\n\r\n\r\n<h4 class=\"wp-block-heading\">Prenota un&#8217;esperienza per un gruppo di qualsiasi dimensione<\/h4>\r\n\r\n\r\n\r\n<p>&nbsp;<\/p>\r\n<\/div>\r\n<\/div>\r\n\r\n<p>&nbsp;<\/p>\r\n\r\n<p>&nbsp;<\/p>","protected":false},"excerpt":{"rendered":"<p>Tour Turistico &nbsp; &nbsp; &nbsp; &nbsp; &nbsp; &nbsp; Il Tour Ogliastra \u00e8 un Tour Turistico che ti permetter\u00e0 di addentrarti nel cuore dell&#8217;Ogliastra e scoprirne i segreti in mezza giornata. Una serie di brevi passeggiate comporr\u00e0 un viaggio attraverso i luoghi iconici con l&#8217;ausilio dei nostri mezzi, durante il quale la tua Guida ti illustrer\u00e0&hellip; <a href=\"https:\/\/go-comida.com\/it\/tour-ogliastra\/\">Continue reading&#8230;<\/a><\/p>\n","protected":false},"author":1,"featured_media":0,"parent":0,"menu_order":0,"comment_status":"closed","ping_status":"closed","template":"","meta":{"nf_dc_page":"","footnotes":""},"class_list":["post-3591","page","type-page","status-publish","hentry"],"_links":{"self":[{"href":"https:\/\/go-comida.com\/it\/wp-json\/wp\/v2\/pages\/3591","targetHints":{"allow":["GET"]}}],"collection":[{"href":"https:\/\/go-comida.com\/it\/wp-json\/wp\/v2\/pages"}],"about":[{"href":"https:\/\/go-comida.com\/it\/wp-json\/wp\/v2\/types\/page"}],"author":[{"embeddable":true,"href":"https:\/\/go-comida.com\/it\/wp-json\/wp\/v2\/users\/1"}],"replies":[{"embeddable":true,"href":"https:\/\/go-comida.com\/it\/wp-json\/wp\/v2\/comments?post=3591"}],"version-history":[{"count":3,"href":"https:\/\/go-comida.com\/it\/wp-json\/wp\/v2\/pages\/3591\/revisions"}],"predecessor-version":[{"id":6712,"href":"https:\/\/go-comida.com\/it\/wp-json\/wp\/v2\/pages\/3591\/revisions\/6712"}],"wp:attachment":[{"href":"https:\/\/go-comida.com\/it\/wp-json\/wp\/v2\/media?parent=3591"}],"curies":[{"name":"wp","href":"https:\/\/api.w.org\/{rel}","templated":true}]}}