{"id":3367,"date":"2020-03-30T18:58:48","date_gmt":"2020-03-30T16:58:48","guid":{"rendered":"https:\/\/go-comida.com\/?page_id=3367"},"modified":"2025-11-26T15:17:32","modified_gmt":"2025-11-26T14:17:32","slug":"escursioni-sardegna","status":"publish","type":"page","link":"https:\/\/go-comida.com\/it\/escursioni-sardegna\/","title":{"rendered":"<h1 style=\"text-align: center;\">Escursioni in Sardegna 2026"},"content":{"rendered":"<div class=\"wp-block-spacer\" style=\"height: 23px;\" aria-hidden=\"true\">\u00a0<\/div>\r\n\r\n<p>&nbsp;<\/p>\r\n\r\n<h3 class=\"has-text-align-center wp-block-heading\">Da maggio a settembre svolgiamo regolari attivit\u00e0 di gruppo alle quali chiunque pu\u00f2 partecipare.<\/h3>\r\n\r\n<p>&nbsp;<\/p>\r\n\r\n<h3 class=\"has-text-align-center wp-block-heading\">Scegli tra le opzioni di seguito o prenota un&#8217;esperienza privata su misura per le tue esigenze.<\/h3>\r\n\r\n<p>&nbsp;<\/p>\r\n\r\n<div class=\"wp-block-columns is-layout-flex wp-container-core-columns-is-layout-9d6595d7 wp-block-columns-is-layout-flex\">\r\n<div class=\"wp-block-column is-layout-flow wp-block-column-is-layout-flow\">\r\n<figure class=\"wp-block-image size-large\"><a href=\"https:\/\/go-comida.com\/it\/sentiero-dei-tacchi\/\"><img loading=\"lazy\" decoding=\"async\" width=\"886\" height=\"638\" class=\"wp-image-4256\" src=\"https:\/\/go-comida.com\/wp-content\/uploads\/2020\/07\/Foto-Ulassai-breve-new.jpg\" alt=\"\" srcset=\"https:\/\/go-comida.com\/wp-content\/uploads\/2020\/07\/Foto-Ulassai-breve-new.jpg 886w, https:\/\/go-comida.com\/wp-content\/uploads\/2020\/07\/Foto-Ulassai-breve-new-300x216.jpg 300w, https:\/\/go-comida.com\/wp-content\/uploads\/2020\/07\/Foto-Ulassai-breve-new-768x553.jpg 768w\" sizes=\"auto, (max-width: 886px) 100vw, 886px\" \/><\/a><\/figure>\r\n\r\n\r\n\r\n<h3 class=\"has-text-align-center wp-block-heading\">Ogni Luned\u00ec<\/h3>\r\n\r\n\r\n\r\n<h4 class=\"has-text-align-center wp-block-heading\">08:30 &#8211; 13:30<\/h4>\r\n\r\n\r\n\r\n<h4 class=\"has-text-align-center wp-block-heading\">\u00a0<\/h4>\r\n\r\n\r\n\r\n<p>I Tacchi d\u2019Ogliastra sono delle formazioni calcareo-dolomitiche che ricoprono un basamento di scisti e il cui nome origina dalla tipica conformazione simile ad un tacco di scarpa. Si sviluppano a sud della catena del Gennargentu e nella loro parte pi\u00f9 meridionale (Ussassai\/Seui), prendono anche il nome di Tonneri. Questa escursione si svolge in territorio di Ulassai dove i Tacchi raggiungono una maestosit\u00e0 particolare. Un percorso di media difficolt\u00e0 adatto a tutta la famiglia che si svolge su mulattiera e carrareccia, attraverso una copertura arborea composta da lecci, corbezzoli e altri arbusti ed erbe tipiche della macchia mediterranea. Un paradiso verde dove il fenomeno carsico ha creato con arte un insieme di pareti, cunicoli, spaccature e grotte, una delle quali sar\u00e0 oggetto della nostra visita. Non dimenticate la fotocamera per catturare dei panorami mozzafiato! <a href=\"https:\/\/go-comida.com\/it\/sentiero-dei-tacchi\/\" target=\"_blank\" rel=\"noreferrer noopener\">Scopri di pi\u00f9 &#8230;<\/a><\/p>\r\n<\/div>\r\n\r\n\r\n\r\n<div class=\"wp-block-column is-layout-flow wp-block-column-is-layout-flow\">\r\n<figure class=\"wp-block-image size-large\"><a href=\"https:\/\/go-comida.com\/it\/terra-dei-centenari\/\"><img loading=\"lazy\" decoding=\"async\" width=\"886\" height=\"638\" class=\"wp-image-3999\" src=\"https:\/\/go-comida.com\/wp-content\/uploads\/2020\/06\/Foto-Terra-dei-centenari-flipped-no-words-no-price.jpg\" alt=\"\" srcset=\"https:\/\/go-comida.com\/wp-content\/uploads\/2020\/06\/Foto-Terra-dei-centenari-flipped-no-words-no-price.jpg 886w, https:\/\/go-comida.com\/wp-content\/uploads\/2020\/06\/Foto-Terra-dei-centenari-flipped-no-words-no-price-300x216.jpg 300w, https:\/\/go-comida.com\/wp-content\/uploads\/2020\/06\/Foto-Terra-dei-centenari-flipped-no-words-no-price-768x553.jpg 768w\" sizes=\"auto, (max-width: 886px) 100vw, 886px\" \/><\/a><\/figure>\r\n\r\n\r\n\r\n<h3 class=\"has-text-align-center wp-block-heading\">Ogni Mercoled\u00ec<\/h3>\r\n\r\n\r\n\r\n<h4 class=\"has-text-align-center wp-block-heading\">08:30 &#8211; 13:30<\/h4>\r\n\r\n\r\n\r\n<h4 class=\"has-text-align-center wp-block-heading\">\u00a0<\/h4>\r\n\r\n\r\n\r\n<p>L&#8217;Ogliastra \u00e8 una delle 5 &#8220;Zone blu mondiali&#8221;, le aree della longevit\u00e0: il frutto di genetica, stile di vita attivo, dieta equilibrata e disponibilit\u00e0 di risorse naturali sfruttate nel corso dei millenni per l&#8217;alimentazione, la guarigione e altro ancora. In questo modo, i nostri nonni sono stati in grado di vivere una vita in equilibrio con la natura e ottenere, il beneficio della longevit\u00e0 e della salute. Una passeggiata facile, adatta a quasi tutti i livelli di fitness, lungo la linea costiera e all\u2019interno, alla scoperta delle bellissime piscine naturali dove sar\u00e0 possibile trovare ristoro dal caldo estivo. Scopri gli aneddoti, la storia, la cultura e le tradizioni che i centenari ci hanno tramandato gelosamente. <a href=\"https:\/\/go-comida.com\/it\/terra-dei-centenari\/\">Scopri di pi\u00f9 &#8230; <\/a><\/p>\r\n<\/div>\r\n\r\n\r\n\r\n<div class=\"wp-block-column is-layout-flow wp-block-column-is-layout-flow\">\r\n<figure class=\"wp-block-image size-large\"><a href=\"https:\/\/go-comida.com\/it\/sentiero-dei-pastori\/\"><img loading=\"lazy\" decoding=\"async\" width=\"886\" height=\"638\" class=\"wp-image-4259\" src=\"https:\/\/go-comida.com\/wp-content\/uploads\/2020\/07\/Foto-Bosco-di-Pastori-Villagrande-new.jpg\" alt=\"\" srcset=\"https:\/\/go-comida.com\/wp-content\/uploads\/2020\/07\/Foto-Bosco-di-Pastori-Villagrande-new.jpg 886w, https:\/\/go-comida.com\/wp-content\/uploads\/2020\/07\/Foto-Bosco-di-Pastori-Villagrande-new-300x216.jpg 300w, https:\/\/go-comida.com\/wp-content\/uploads\/2020\/07\/Foto-Bosco-di-Pastori-Villagrande-new-768x553.jpg 768w\" sizes=\"auto, (max-width: 886px) 100vw, 886px\" \/><\/a><\/figure>\r\n\r\n\r\n\r\n<h3 class=\"has-text-align-center wp-block-heading\">Ogni Venerd\u00ec<\/h3>\r\n\r\n\r\n\r\n<h4 class=\"has-text-align-center wp-block-heading\">08:30 &#8211; 13:00<\/h4>\r\n\r\n\r\n\r\n<h4 class=\"has-text-align-center wp-block-heading\">\u00a0<\/h4>\r\n\r\n\r\n\r\n<p>I pastori possono essere considerati l\u2019anima dell\u2019economia della Sardegna tradizionale e per certi versi sono l\u2019espressione di quello stile di vita, fatto di duro lavoro e ritmi non frenetici, che hanno contribuito a fare dell\u2019Ogliastra la terra dei centenari. I pastori sono i veri conoscitori del territorio nel quale far pascolare le greggi ma sono anche i conoscitori di quegli elementi necessari alla vita, sui quali poter contare durante i mesi di lontananza dalle famiglie. Tra questi, grande importanza riveste l\u2019acqua, risorsa scarsa e preziosa, che i pastori hanno sempre dovuto considerare durante la programmazione dei loro spostamenti. <a href=\"https:\/\/go-comida.com\/it\/sentiero-dei-pastori\/\" target=\"_blank\" rel=\"noreferrer noopener\">Scopri di pi\u00f9 &#8230;<\/a><\/p>\r\n\r\n\r\n\r\n<p>&nbsp;<\/p>\r\n<\/div>\r\n<\/div>\r\n\r\n<p>&nbsp;<\/p>\r\n\r\n<div class=\"wp-block-columns is-layout-flex wp-container-core-columns-is-layout-9d6595d7 wp-block-columns-is-layout-flex\">\r\n<div class=\"wp-block-column is-layout-flow wp-block-column-is-layout-flow\">\r\n<figure class=\"wp-block-image size-large\"><a href=\"https:\/\/go-comida.com\/it\/tortoli-antica-al-tramonto\/\"><img loading=\"lazy\" decoding=\"async\" width=\"886\" height=\"638\" class=\"wp-image-4251\" src=\"https:\/\/go-comida.com\/wp-content\/uploads\/2020\/07\/Foto-tortoli-antica-new.jpg\" alt=\"\" srcset=\"https:\/\/go-comida.com\/wp-content\/uploads\/2020\/07\/Foto-tortoli-antica-new.jpg 886w, https:\/\/go-comida.com\/wp-content\/uploads\/2020\/07\/Foto-tortoli-antica-new-300x216.jpg 300w, https:\/\/go-comida.com\/wp-content\/uploads\/2020\/07\/Foto-tortoli-antica-new-768x553.jpg 768w\" sizes=\"auto, (max-width: 886px) 100vw, 886px\" \/><\/a><\/figure>\r\n\r\n\r\n\r\n<h3 class=\"has-text-align-center wp-block-heading\">Ogni Mercoled\u00ec e Domenica<\/h3>\r\n\r\n\r\n\r\n<h4 class=\"has-text-align-center wp-block-heading\">17:30 &#8211; 21:00<\/h4>\r\n\r\n\r\n\r\n<p>Adatto a tutta la famiglia, questa passeggiata attraverso la campagna e lungo il litorale (sulla spiaggia e rocce di granito) ti porter\u00e0 in un&#8217;avventura alla scoperta di 6000 anni di storia. Visiteremo i Menhir di Perda Longa &#8211; qui chiamati &#8220;is perdas fittas&#8221; &#8211; la Domus de Janas e le incisioni rupestri in granito. La nostra passeggiata finir\u00e0 mentre ci prendiamo una pausa per goderci il tramonto sulle montagne. <a href=\"https:\/\/go-comida.com\/it\/tortoli-antica-al-tramonto\">Scopri di pi\u00f9 &#8230;<\/a><\/p>\r\n<\/div>\r\n\r\n\r\n\r\n<div class=\"wp-block-column is-layout-flow wp-block-column-is-layout-flow\">\r\n<figure class=\"wp-block-image size-large\"><a href=\"https:\/\/go-comida.com\/it\/tour-tortoli-arbatax\/\"><img loading=\"lazy\" decoding=\"async\" width=\"1024\" height=\"737\" class=\"wp-image-3993\" src=\"https:\/\/go-comida.com\/wp-content\/uploads\/2020\/06\/Foto-Tortoli-tour-english-thumbnail-no-words-1024x737.jpg\" alt=\"\" srcset=\"https:\/\/go-comida.com\/wp-content\/uploads\/2020\/06\/Foto-Tortoli-tour-english-thumbnail-no-words-1024x737.jpg 1024w, https:\/\/go-comida.com\/wp-content\/uploads\/2020\/06\/Foto-Tortoli-tour-english-thumbnail-no-words-300x216.jpg 300w, https:\/\/go-comida.com\/wp-content\/uploads\/2020\/06\/Foto-Tortoli-tour-english-thumbnail-no-words-768x553.jpg 768w, https:\/\/go-comida.com\/wp-content\/uploads\/2020\/06\/Foto-Tortoli-tour-english-thumbnail-no-words-1536x1105.jpg 1536w, https:\/\/go-comida.com\/wp-content\/uploads\/2020\/06\/Foto-Tortoli-tour-english-thumbnail-no-words-1170x842.jpg 1170w, https:\/\/go-comida.com\/wp-content\/uploads\/2020\/06\/Foto-Tortoli-tour-english-thumbnail-no-words.jpg 1772w\" sizes=\"auto, (max-width: 1024px) 100vw, 1024px\" \/><\/a><\/figure>\r\n\r\n\r\n\r\n<h3 class=\"has-text-align-center wp-block-heading\">Su richiesta<\/h3>\r\n\r\n\r\n\r\n<h4 class=\"has-text-align-center wp-block-heading\">17:00 &#8211; 20:00<\/h4>\r\n\r\n\r\n\r\n<p>Un viaggio nel tempo che dall&#8217;et\u00e0 antica,\u00a0passando per il medioevo, giunge fino\u00a0ai giorni nostri. Una serie di brevi passeggiate alla scoperta dei luoghi pi\u00f9 iconici per la storia e la cultura di Tortol\u00ec-Arbatax, una gemma nel cuore della costa orientale della Sardegna. Scoprirai di costruttori di torri, pirati e tanto altro e capire qualcosa in pi\u00f9 del nostro popolo e della nostra terra. Il tutto in poco pi\u00f9 di un paio d&#8217;ore. Adatto a qualsiasi livello di fitness. Da 2 a 4 persone. <a href=\"https:\/\/go-comida.com\/it\/tour-tortoli-arbatax\/\">Scopri di pi\u00f9 &#8230; <\/a><\/p>\r\n<\/div>\r\n\r\n\r\n\r\n<div class=\"wp-block-column is-layout-flow wp-block-column-is-layout-flow\">\r\n<figure class=\"wp-block-image size-large\"><a href=\"https:\/\/go-comida.com\/it\/tour-ogliastra\/\"><img loading=\"lazy\" decoding=\"async\" width=\"1024\" height=\"737\" class=\"wp-image-3995\" src=\"https:\/\/go-comida.com\/wp-content\/uploads\/2020\/06\/Foto-Ogliastra-tour-italian-thumbnail-no-words-1024x737.jpg\" alt=\"\" srcset=\"https:\/\/go-comida.com\/wp-content\/uploads\/2020\/06\/Foto-Ogliastra-tour-italian-thumbnail-no-words-1024x737.jpg 1024w, https:\/\/go-comida.com\/wp-content\/uploads\/2020\/06\/Foto-Ogliastra-tour-italian-thumbnail-no-words-300x216.jpg 300w, https:\/\/go-comida.com\/wp-content\/uploads\/2020\/06\/Foto-Ogliastra-tour-italian-thumbnail-no-words-768x553.jpg 768w, https:\/\/go-comida.com\/wp-content\/uploads\/2020\/06\/Foto-Ogliastra-tour-italian-thumbnail-no-words-1536x1105.jpg 1536w, https:\/\/go-comida.com\/wp-content\/uploads\/2020\/06\/Foto-Ogliastra-tour-italian-thumbnail-no-words-1170x842.jpg 1170w, https:\/\/go-comida.com\/wp-content\/uploads\/2020\/06\/Foto-Ogliastra-tour-italian-thumbnail-no-words.jpg 1772w\" sizes=\"auto, (max-width: 1024px) 100vw, 1024px\" \/><\/a><\/figure>\r\n\r\n\r\n\r\n<h3 class=\"has-text-align-center wp-block-heading\">Su richiesta<\/h3>\r\n\r\n\r\n\r\n<h4 class=\"has-text-align-center wp-block-heading\">15:00 &#8211; 20:00<\/h4>\r\n\r\n\r\n\r\n<p>Dalle pendici del Gennargentu ai Tacchi dell&#8217;Ogliastra, visiteremo laghi, montagne, boschi con sorgenti d&#8217;acqua dolce, piccoli paesi, villaggi fantasma, monumenti naturali, punti panoramici, vigneti e incontreremo i sovrani indiscussi della campagna: capre, asini, mucche, pecore e altro ancora. Questo tour pu\u00f2 essere adattato per la maggior parte dei livelli di fitness. Da 2 a 4 persone. <a href=\"https:\/\/go-comida.com\/it\/tour-ogliastra\/\">Scopri di pi\u00f9 &#8230;<\/a><\/p>\r\n<\/div>\r\n<\/div>\r\n\r\n<p>&nbsp;<\/p>\r\n\r\n<div class=\"wp-block-columns is-layout-flex wp-container-core-columns-is-layout-9d6595d7 wp-block-columns-is-layout-flex\">\r\n<div class=\"wp-block-column is-layout-flow wp-block-column-is-layout-flow\">\r\n<figure class=\"wp-block-image size-large\"><a href=\"https:\/\/www.facebook.com\/pg\/GoComidaDotCom\/events\/\" target=\"_blank\" rel=\"noopener noreferrer\"><img loading=\"lazy\" decoding=\"async\" width=\"886\" height=\"638\" class=\"wp-image-4000\" src=\"https:\/\/go-comida.com\/wp-content\/uploads\/2020\/06\/Foto-Sunday-walk-no-words-no-prices.jpg\" alt=\"\" srcset=\"https:\/\/go-comida.com\/wp-content\/uploads\/2020\/06\/Foto-Sunday-walk-no-words-no-prices.jpg 886w, https:\/\/go-comida.com\/wp-content\/uploads\/2020\/06\/Foto-Sunday-walk-no-words-no-prices-300x216.jpg 300w, https:\/\/go-comida.com\/wp-content\/uploads\/2020\/06\/Foto-Sunday-walk-no-words-no-prices-768x553.jpg 768w\" sizes=\"auto, (max-width: 886px) 100vw, 886px\" \/><\/a><\/figure>\r\n\r\n\r\n\r\n<h3 class=\"has-text-align-center wp-block-heading\">Ogni Domencia<\/h3>\r\n\r\n\r\n\r\n<h4 class=\"has-text-align-center wp-block-heading\">08:30 &#8211; 18:00<\/h4>\r\n\r\n\r\n\r\n<p>Un&#8217;escursione diversa ogni settimana per aiutarti a esplorare tutti i meravigliosi percorsi nella regione dell&#8217;Ogliastra. Forse visiteremo il punto pi\u00f9 alto della Sardegna, cammineremo attraverso una foresta, esploreremo grotte o canyon o scopriremo piscine segrete in cui possiamo nuotare. L&#8217;Ogliastra offre una variet\u00e0 di paesaggi che ti assicura di non annoiarti mai. Troverai maggiori dettagli sulle escursioni programmate della domenica nella nostra <a href=\"https:\/\/www.facebook.com\/pg\/GoComidaDotCom\/events\/\">pagina degli eventi di Facebook<\/a><\/p>\r\n<\/div>\r\n\r\n\r\n\r\n<div class=\"wp-block-column is-layout-flow wp-block-column-is-layout-flow\">\r\n<figure class=\"wp-block-image size-large\"><a href=\"https:\/\/go-comida.com\/it\/domus-de-janas\/\"><img loading=\"lazy\" decoding=\"async\" width=\"886\" height=\"638\" class=\"wp-image-3996\" src=\"https:\/\/go-comida.com\/wp-content\/uploads\/2020\/06\/Foto-Domus-de-janas-no-words-no-prices.jpg\" alt=\"\" srcset=\"https:\/\/go-comida.com\/wp-content\/uploads\/2020\/06\/Foto-Domus-de-janas-no-words-no-prices.jpg 886w, https:\/\/go-comida.com\/wp-content\/uploads\/2020\/06\/Foto-Domus-de-janas-no-words-no-prices-300x216.jpg 300w, https:\/\/go-comida.com\/wp-content\/uploads\/2020\/06\/Foto-Domus-de-janas-no-words-no-prices-768x553.jpg 768w\" sizes=\"auto, (max-width: 886px) 100vw, 886px\" \/><\/a><\/figure>\r\n\r\n\r\n\r\n<h3 class=\"has-text-align-center wp-block-heading\">Su richiesta<\/h3>\r\n\r\n\r\n\r\n<h4 class=\"has-text-align-center wp-block-heading\">08:30 &#8211; 15:30<\/h4>\r\n\r\n\r\n\r\n<p>Un\u2019escursione lungo un sentiero ad anello attorno al Monte Arista, ricco di vegetazione tipica della macchia mediterranea (leccio, ginepro, corbezzolo, fillirea, erica, mirto, lentisco, per citarne solo alcuni) e con un bellissimo complesso di Domus de Janas (Case delle fate): potrai visitarne l\u2019interno e scoprirne lo scopo. Non mancheranno inoltre le opportunit\u00e0 per scattare bellissime fotografie. Si tratta di un&#8217;escursione di media difficolt\u00e0 adatta a chiunque sia in buona condizione fisica, inclusi i bambini dagli 8 anni in su. <a href=\"https:\/\/go-comida.com\/it\/domus-de-janas\/\">Scopri di pi\u00f9 &#8230;<\/a><\/p>\r\n<\/div>\r\n\r\n\r\n\r\n<div class=\"wp-block-column is-layout-flow wp-block-column-is-layout-flow\">\r\n<figure class=\"wp-block-image size-large\"><a href=\"https:\/\/go-comida.com\/it\/gorropu-canyon\/\"><img loading=\"lazy\" decoding=\"async\" width=\"1024\" height=\"737\" class=\"wp-image-3997\" src=\"https:\/\/go-comida.com\/wp-content\/uploads\/2020\/06\/Foto-Gorroppu-no-words-no-price-1024x737.jpg\" alt=\"\" srcset=\"https:\/\/go-comida.com\/wp-content\/uploads\/2020\/06\/Foto-Gorroppu-no-words-no-price-1024x737.jpg 1024w, https:\/\/go-comida.com\/wp-content\/uploads\/2020\/06\/Foto-Gorroppu-no-words-no-price-300x216.jpg 300w, https:\/\/go-comida.com\/wp-content\/uploads\/2020\/06\/Foto-Gorroppu-no-words-no-price-768x553.jpg 768w, https:\/\/go-comida.com\/wp-content\/uploads\/2020\/06\/Foto-Gorroppu-no-words-no-price-1536x1105.jpg 1536w, https:\/\/go-comida.com\/wp-content\/uploads\/2020\/06\/Foto-Gorroppu-no-words-no-price-1170x842.jpg 1170w, https:\/\/go-comida.com\/wp-content\/uploads\/2020\/06\/Foto-Gorroppu-no-words-no-price.jpg 1772w\" sizes=\"auto, (max-width: 1024px) 100vw, 1024px\" \/><\/a><\/figure>\r\n\r\n\r\n\r\n<h3 class=\"has-text-align-center wp-block-heading\">Su richiesta<\/h3>\r\n\r\n\r\n\r\n<h4 class=\"has-text-align-center wp-block-heading\">08:30 &#8211; 19:00<\/h4>\r\n\r\n\r\n\r\n<p>Uno dei luoghi pi\u00f9 rappresentativi della Sardegna, un&#8217;escursione da non perdere. Su Gorropu \u00e8 il canyon pi\u00f9 profondo in Italia ed uno dei pi\u00f9 profondi in Europa, arricchito da piscine naturali nelle quali \u00e8 possibile trovare il pi\u00f9 raro anfibio d\u2019Europa (Euproctus platycephalus). Durante i mesi pi\u00f9 secchi il Rio Flumineddu scorre al di sotto del livello del canyon per riemergere poi quando le piogge tornano copiose creando stupefacenti scenari di cascate e piscine. Esplora il canyon, scavalca massi giganti e osserva le sue imponenti pareti. Un\u2019escursione non impegnativa con un dislivello altimetrico ridotto che pu\u00f2 essere fatta anche da chi sente di essere un po\u2019 fuori allenamento.<a href=\"https:\/\/go-comida.com\/it\/gorropu-canyon\/\" target=\"_blank\" rel=\"noreferrer noopener\"> Scopri di pi\u00f9 &#8230;<\/a><\/p>\r\n<\/div>\r\n<\/div>\r\n\r\n<p>&nbsp;<\/p>\r\n\r\n<div class=\"wp-block-spacer\" style=\"height: 20px;\" aria-hidden=\"true\">\u00a0<\/div>\r\n\r\n<p>&nbsp;<\/p>\r\n<hr class=\"wp-block-separator has-text-color has-background is-style-wide\" style=\"background-color: #f39200; color: #f39200;\" \/>\r\n<p>&nbsp;<\/p>\r\n\r\n<h2 class=\"has-text-align-center wp-block-heading\">\u00a0<\/h2>\r\n\r\n<p>&nbsp;<\/p>\r\n\r\n<p>&nbsp;<\/p>\r\n\r\n<p>&nbsp;<\/p>\r\n\r\n<p>&nbsp;<\/p>","protected":false},"excerpt":{"rendered":"<p>&nbsp; Da maggio a settembre svolgiamo regolari attivit\u00e0 di gruppo alle quali chiunque pu\u00f2 partecipare. &nbsp; Scegli tra le opzioni di seguito o prenota un&#8217;esperienza privata su misura per le tue esigenze. &nbsp; Ogni Luned\u00ec 08:30 &#8211; 13:30 \u00a0 I Tacchi d\u2019Ogliastra sono delle formazioni calcareo-dolomitiche che ricoprono un basamento di scisti e il cui&hellip; <a href=\"https:\/\/go-comida.com\/it\/escursioni-sardegna\/\">Continue reading&#8230;<\/a><\/p>\n","protected":false},"author":1,"featured_media":0,"parent":0,"menu_order":0,"comment_status":"closed","ping_status":"closed","template":"","meta":{"nf_dc_page":"","footnotes":""},"class_list":["post-3367","page","type-page","status-publish","hentry"],"_links":{"self":[{"href":"https:\/\/go-comida.com\/it\/wp-json\/wp\/v2\/pages\/3367","targetHints":{"allow":["GET"]}}],"collection":[{"href":"https:\/\/go-comida.com\/it\/wp-json\/wp\/v2\/pages"}],"about":[{"href":"https:\/\/go-comida.com\/it\/wp-json\/wp\/v2\/types\/page"}],"author":[{"embeddable":true,"href":"https:\/\/go-comida.com\/it\/wp-json\/wp\/v2\/users\/1"}],"replies":[{"embeddable":true,"href":"https:\/\/go-comida.com\/it\/wp-json\/wp\/v2\/comments?post=3367"}],"version-history":[{"count":5,"href":"https:\/\/go-comida.com\/it\/wp-json\/wp\/v2\/pages\/3367\/revisions"}],"predecessor-version":[{"id":7090,"href":"https:\/\/go-comida.com\/it\/wp-json\/wp\/v2\/pages\/3367\/revisions\/7090"}],"wp:attachment":[{"href":"https:\/\/go-comida.com\/it\/wp-json\/wp\/v2\/media?parent=3367"}],"curies":[{"name":"wp","href":"https:\/\/api.w.org\/{rel}","templated":true}]}}