{"id":3358,"date":"2020-03-26T12:02:54","date_gmt":"2020-03-26T11:02:54","guid":{"rendered":"https:\/\/go-comida.com\/?page_id=3358"},"modified":"2025-12-01T17:18:02","modified_gmt":"2025-12-01T16:18:02","slug":"terms-and-conditions","status":"publish","type":"page","link":"https:\/\/go-comida.com\/it\/terms-and-conditions\/","title":{"rendered":"Termini e condizioni"},"content":{"rendered":"<p>&nbsp;<\/p>\r\n\r\n<h3 class=\"wp-block-heading\">per i servizi di escursioni guidate offerti da Gianfranco Comida<\/h3>\r\n\r\n<p>&nbsp;<\/p>\r\n\r\n<h3 class=\"wp-block-heading\">Go-Comida Experience Sardinia<\/h3>\r\n\r\n<p>&nbsp;<\/p>\r\n\r\n<div class=\"wp-block-spacer\" style=\"height: 23px;\" aria-hidden=\"true\">\u00a0<\/div>\r\n\r\n<p>&nbsp;<\/p>\r\n\r\n<h4 class=\"wp-block-heading\">1. Definizioni<\/h4>\r\n\r\n<p>&nbsp;<\/p>\r\n\r\n<p>In questi Termini e Condizioni:<br \/>&#8220;Go-Comida&#8221; sar\u00e0 utilizzato per riferirsi a Gianfranco Comida, che opera commercialmente come Go-Comida Experience Sardinia.<br \/>&#8220;Il Cliente&#8221; sar\u00e0 utilizzato per riferirsi a qualsiasi individuo, rappresentante di gruppo o azienda che riceve un servizio da Go-Comida.<br \/>&#8220;Parte&#8221; sar\u00e0 utilizzato per riferirsi alle persone all&#8217;interno di un gruppo, rappresentate dal Cliente.<br \/>&#8220;Servizi&#8221; sar\u00e0 utilizzato per riferirsi a qualsiasi escursione, trekking, passeggiata, tour o altra attivit\u00e0 fornita da Go-Comida.<br \/>&#8220;Evento&#8221; sar\u00e0 utilizzato per riferirsi a un&#8217;attivit\u00e0 o un servizio concordato offerto al Cliente.<br \/>&#8220;Partner&#8221; sar\u00e0 utilizzato per riferirsi a qualsiasi societ\u00e0 o individuo che fornisce servizi al Cliente oltre ai Servizi forniti da Go-Comida.<br \/>La conferma di una prenotazione e il trasferimento del pagamento a Go-Comida costituisce accordo implicito da parte del Cliente a rispettare questi Termini e Condizioni.<\/p>\r\n\r\n<p>&nbsp;<\/p>\r\n\r\n<h4 class=\"wp-block-heading\">2. Attivit\u00e0 pubbliche (NON in esclusiva)<\/h4>\r\n\r\n<p>&nbsp;<\/p>\r\n\r\n<p>Le attivit\u00e0 pubbliche, NON in esclusiva, sono quelle attivit\u00e0 di gruppo aperte al pubblico e prenotabili da singoli o gruppi tramite l\u2019acquisto di un biglietto per ciascun partecipante. La partecipazione alle attivit\u00e0 pubbliche pu\u00f2 essere limitata in base alle capacit\u00e0 personali, et\u00e0 ed al numero minimo e massimo di partecipanti. Tali limitazioni saranno indicate durante il processo di prenotazione.<\/p>\r\n\r\n<p>&nbsp;<\/p>\r\n\r\n<h4 class=\"wp-block-heading\">2.1 Pagamento per prenotazioni di attivit\u00e0 pubbliche (NON in esclusiva)<\/h4>\r\n\r\n<p>&nbsp;<\/p>\r\n\r\n<p>&nbsp;<\/p>\r\n\r\n<p>I biglietti, il cui costo \u00e8 specificato per la partecipazione ad ogni singola attivit\u00e0, sono acquistabili tramite il sito web go-comida.com o, se ancora disponibili, in persona prima dell\u2019inizio dell\u2019attivit\u00e0 stessa. Al fine di un corretto esito, in fase di prenotazione sar\u00e0 necessario specificare nome, cognome, citt\u00e0 di residenza e codice fiscale del referente della prenotazione al fine di poter emettere la fattura a norma di legge.<br \/>Sar\u00e0 necessario indicare inoltre l\u2019indirizzo e-mail al quale inviare la conferma di prenotazione. Questi dati saranno utilizzati in conformit\u00e0 al Regolamento europeo 679\/2016 e utilizzati ai soli fini della prenotazione. Le informazioni non saranno trasmesse a terze parti senza il consenso scritto del Cliente.<\/p>\r\n\r\n<p>&nbsp;<\/p>\r\n\r\n<h4 class=\"wp-block-heading\">2.2 Cancellazione di prenotazioni di attivit\u00e0 pubbliche (NON in esclusiva)<\/h4>\r\n\r\n<p>&nbsp;<\/p>\r\n\r\n<p>Go-Comida si riserva il diritto di cancellare un\u2019attivit\u00e0 programmata in caso di previsioni meteo avverse o per altre ragioni a propria insindacabile discrezione. In tal caso i clienti che avranno nel frattempo prenotato tramite l\u2019acquisto dei relativi biglietti sul sito go-comida.com, saranno rimborsati dell\u2019intero valore nominale di ciascun biglietto acquistato. Il Cliente non avr\u00e0 diritto a risarcimento alcuno per qualsivoglia danno o ulteriore costo che la cancellazione gli abbia nel frattempo arrecato. Tutte le prenotazioni sono cancellabili da parte del Cliente fino a 7 (sette) giorni prima dell\u2019inizio dell\u2019attivit\u00e0, richiedendo un rimborso tramite la conferma di prenotazione o via e-mail a info@go-comida.com. Il rimborso, che avverr\u00e0 con lo stesso metodo utilizzato al momento della prenotazione, ammonter\u00e0 all\u2019intero valore nominale di ciascun biglietto decurtato da una piccola quota a titolo di copertura dei costi amministrativi. Qualsiasi prenotazione cancellata dal Cliente a meno di 7 (sette) giorni dal suo inizio, non avr\u00e0 diritto ad alcun rimborso.<\/p>\r\n\r\n<p>&nbsp;<\/p>\r\n\r\n<h4 class=\"wp-block-heading\">3. Attivit\u00e0 private (in esclusiva)<\/h4>\r\n\r\n<p>&nbsp;<\/p>\r\n\r\n<p>Le attivit\u00e0 in esclusiva sono quelle attivit\u00e0 la cui partecipazione sar\u00e0 riservata al solo Cliente (e relativo gruppo) che effettuer\u00e0 la prenotazione tramite il pagamento del relativo costo. La partecipazione a tali attivit\u00e0 pu\u00f2 essere soggetta a limitazioni (numero minimo e massimo di partecipanti, livello di fitness, equipaggiamento, et\u00e0, ecc.) che saranno dettagliatamente indicate e accettate all\u2019atto della prenotazione. Altre persone o gruppi non facenti parte del gruppo del Cliente NON potranno partecipare alle attivit\u00e0 in oggetto.<\/p>\r\n\r\n<p>&nbsp;<\/p>\r\n\r\n<h4 class=\"wp-block-heading\">3.1\u00a0\u00a0\u00a0\u00a0 Pagamento per prenotazioni di attivit\u00e0 private (in esclusiva)<\/h4>\r\n\r\n<p>&nbsp;<\/p>\r\n\r\n<p>Una caparra confirmatoria del 50% (cinquanta percento) dell&#8217;importo totale deve essere versato tramite bonifico bancario entro 14 giorni dall\u2019accettazione dei presenti \u201cTermini e condizioni\u201d ovvero entro altro periodo concordato per iscritto, al fine di confermare la prenotazione. Le date alle quali la prenotazione fa riferimento non saranno bloccate in assenza di ricezione della suddetta caparra confirmatoria.<br \/>Il saldo del restante 50% (cinquanta percento) deve essere pagato tramite bonifico bancario entro e non oltre 7 giorni prima dell&#8217;evento singolo ovvero entro 30 giorni prima della prima data di eventi multipli in date consecutive. Il mancato pagamento del saldo in conformit\u00e0 con i presenti Termini e Condizioni d\u00e0 diritto a Go-Comida di annullare la prenotazione e trattenere la caparra versata.<br \/>Le prenotazioni effettuate per eventi con un preavviso inferiore a sette giorni richiedono il pagamento completo a saldo al momento della prenotazione.<br \/>Gli importi devono essere pagati in Euro. Le coordinate bancarie saranno fornite con la conferma dei dettagli dell&#8217;evento concordato. Per elaborare il pagamento della caparra confirmatoria e del saldo, potrebbero essere richiesti i dettagli del Cliente, inclusi, a titolo esemplificativo, un numero di riferimento di assicurazione o di imposta nazionale (Codice Fiscale per gli italiani o residenti in Italia o un codice equiparabile ad esso per gli stranieri non in possesso di Codice Fiscale italiano), nome completo, indirizzo, e-mail e numero di telefono corrispondenti. Questi dati saranno utilizzati in conformit\u00e0 al Regolamento europeo 679\/2016 e utilizzati ai soli fini della prenotazione. Le informazioni non saranno trasmesse a terzi senza il consenso scritto del Cliente.<\/p>\r\n\r\n<p>&nbsp;<\/p>\r\n\r\n<h4 class=\"wp-block-heading\">3.2 Annullamento di un evento<\/h4>\r\n\r\n<p>&nbsp;<\/p>\r\n\r\n<p>In caso di singoli eventi: per disdette effettuate fino a 30 (trenta) giorni prima del singolo evento, il Cliente avr\u00e0 diritto alla restituzione dell&#8217;acconto versato, meno un piccolo contributo amministrativo; per disdette effettuate tra 30 (trenta) e 7 (sette) giorni prima del singolo evento, il Cliente non avr\u00e0 diritto alla restituzione dell&#8217;acconto versato; per disdette effettuate con meno di 7 (sette) giorni di anticipo rispetto al singolo evento, il Cliente sar\u00e0 tenuto al pagamento dell&#8217;intero importo della prenotazione (saldo compreso).<br \/>In caso di pi\u00f9 eventi consecutivi (3 o pi\u00f9 giorni): per disdette effettuate fino a 180 (centottanta) giorni prima della data del primo evento, il Cliente avr\u00e0 diritto al rimborso della caparra versata, meno un piccolo contributo amministrativo ; per disdette da 180 (centottanta) a 30 (trenta) giorni prima della data del primo evento, il Cliente avr\u00e0 diritto al rimborso del 50% dell&#8217;acconto versato; per cancellazioni effettuate con meno di 30 (trenta) giorni prima della data del primo evento, il Cliente sar\u00e0 tenuto al pagamento dell&#8217;intero importo della prenotazione (saldo compreso). <br \/><br \/>In caso di maltempo Go-Comida prender\u00e0 la decisione finale sull&#8217;idoneit\u00e0 delle condizioni allo svolgimento delle attivit\u00e0 programmate. Gli eventi saranno cancellati a causa di maltempo solo nel caso in cui la sicurezza nello svolgimento ne fosse compromessa. Ove possibile, Go-Comida far\u00e0 ogni ragionevole sforzo per proporre al Cliente un percorso, un&#8217;attivit\u00e0 o una data alternativi adeguati. Se il Cliente non fosse in grado o scegliesse di non accettare l&#8217;evento o la data alternativa, verr\u00e0 riconosciuto un rimborso pari alla met\u00e0 dell&#8217;importo totale riferibile all&#8217;evento annullato. Go-Comida non sar\u00e0 ritenuto responsabile per eventuali spese accessorie sostenute dal Cliente o da eventuali parti derivanti dalla modifica o dalla cancellazione di un evento.<br \/>Go-Comida si riserva il diritto di annullare qualsiasi evento senza preavviso, nel qual caso al Cliente sar\u00e0 riconosciuto un rimborso completo del prezzo pagato. Il Cliente non avr\u00e0 diritto a risarcimento alcuno per qualsivoglia danno o ulteriore costo che la cancellazione gli abbia nel frattempo arrecato, ad eccezione del valore nominale di ciascun biglietto.<\/p>\r\n\r\n<p>&nbsp;<\/p>\r\n\r\n<h4 class=\"wp-block-heading\">4. Modifiche all&#8217;itinerario<\/h4>\r\n\r\n<p>&nbsp;<\/p>\r\n\r\n<p>Volesse il Cliente modificare l&#8217;itinerario del suo evento, Go-Comida far\u00e0 del suo meglio per soddisfare le esigenze del Cliente. Tutte le richieste di modifica devono essere presentate per iscritto via e-mail all\u2019indirizzo info@go-comida.com. Maggiore sar\u00e0 il preavviso fornito dal Cliente, maggiore sar\u00e0 la probabilit\u00e0 che Go-Comida sia in grado di soddisfare le richieste di modifica di un itinerario. Il versamento della caparra confirmatoria protegge la prenotazione e verr\u00e0 gestita in conformit\u00e0 con questi Termini e Condizioni. La caparra confirmatoria non \u00e8 trasferibile ad altre richieste di prenotazione senza esplicito accordo scritto di Go-Comida. Se la modifica richiesta di un itinerario richiede un investimento significativo di tempo organizzativo, Go-Comida si riserva il diritto di addebitare un costo di servizio fino a 50 euro a persona. Si noti che questo pagamento potrebbe essere addebitato anche se le modifiche non hanno avuto esito positivo.<br \/>Qualora Go-Comida dovesse apportare modifiche all&#8217;itinerario, il Cliente verr\u00e0 informato per iscritto al pi\u00f9 presto possibile e verranno compiuti tutti i ragionevoli sforzi per proporre adeguate soluzioni alternative. Nessun rimborso sar\u00e0 riconosciuto ai Clienti che non completano un evento, scelgono di abbandonare l&#8217;evento o non accettano i servizi organizzati.<br \/>Non ci saranno costi aggiuntivi rispetto alle tariffe concordate, a meno che non siano richiesti servizi extra prima o durante l&#8217;evento. L\u2019accettazione di tali richieste \u00e8 a completa discrezione di Go-Comida e verranno addebitate a una tariffa adeguata che verr\u00e0 quotata al momento della richiesta. Questi extra devono essere pagati prima dell&#8217;evento ovvero alla fine dell&#8217;evento se, questo ultimo, \u00e8 richiesto durante l&#8217;evento.<\/p>\r\n\r\n<p>&nbsp;<\/p>\r\n\r\n<h4 class=\"wp-block-heading\">5. Accuratezza delle informazioni<\/h4>\r\n\r\n<p>&nbsp;<\/p>\r\n\r\n<p>Go-Comida cerca sempre di fornire una descrizione accurata e onesta di ci\u00f2 che viene offerto, tuttavia, se dovessi trovare qualche carenza, ti invitiamo per favore a notificarcelo affinch\u00e9 possiamo sistemarlo il prima possibile. Il Cliente \u00e8 responsabile di garantire che tutte le informazioni fornite al fine di garantire una prenotazione siano corrette in merito a date, orari e indirizzi e ad ogni altro aspetto importante. Go-Comida non sar\u00e0 ritenuto responsabile per eventuali perdite, danni, costi, spese o altri reclami derivanti da informazioni inesatte.<\/p>\r\n\r\n<p>&nbsp;<\/p>\r\n\r\n<h4 class=\"wp-block-heading\">6. Partner<\/h4>\r\n\r\n<p>&nbsp;<\/p>\r\n\r\n<p>Laddove i partner vengano utilizzati per fornire altre tipologie di servizio (per esempio di trasporto), questo sar\u00e0 chiaramente indicato nella conferma della prenotazione. Go-Comida \u00e8 in grado agevolare il Cliente nell\u2019ottenere tariffe preferenziali per alloggi, trasporti e ristoranti. Quando i servizi sono forniti da un partner, il Cliente potrebbe dover pagare direttamente il partner. In tal caso, il Cliente sar\u00e0 soggetto ai Termini e Condizioni del Partner relativi a pagamento, modifiche e cancellazioni.<\/p>\r\n\r\n<p>&nbsp;<\/p>\r\n\r\n<h4 class=\"wp-block-heading\">7. Esclusioni<\/h4>\r\n\r\n<p>&nbsp;<\/p>\r\n\r\n<p>Le prenotazioni escludono i costi di assicurazione, biglietti d&#8217;ingresso (musei, parchi nazionali, ecc.), cibo e acqua, se non diversamente indicato nella conferma della prenotazione.<\/p>\r\n\r\n<p>&nbsp;<\/p>\r\n\r\n<h4 class=\"wp-block-heading\">8. Assicurazione<\/h4>\r\n\r\n<p>&nbsp;<\/p>\r\n\r\n<p>L&#8217;assicurazione medica \u00e8 obbligatoria. Il Cliente garantisce che ogni parte componente il Gruppo \u00e8 coperto da assicurazione adeguata.<br \/>Il Cliente \u00e8 interamente responsabile di stipulare un&#8217;assicurazione con protezione adeguata per l&#8217;intera durata della vacanza in relazione ad almeno spese mediche, infortuni, morte, rimpatrio, cancellazione e riduzioni e copertura di responsabilit\u00e0. Il Cliente deve assicurarsi che non vi siano clausole di esclusione che limitano la protezione per il tipo di attivit\u00e0 incluse nell&#8217;evento. Prima di intraprendere un evento, Go-Comida si riserva il diritto di richiedere una fotocopia (incluso il nome e i dettagli di contatto della compagnia assicurativa e il numero di polizza) di qualsiasi polizza assicurativa. Qualsiasi parte con un&#8217;assicurazione inadeguata potrebbe non essere autorizzata a partecipare all&#8217;evento.<br \/>Consigliamo inoltre a tutte le parti provenienti da Paesi facenti parte dell\u2019Unione Europea, di portare con s\u00e9 una tessera Europea di assicurazione malattia che \u00e8 disponibile presso i locali uffici postali ed \u00e8 riconosciuta in Italia. Si prega di notare che alcune assicurazioni di viaggio dispongono di &#8220;assicurazione meteorologica&#8221;, quindi si prega di controllare la vostra polizza per i dettagli.<\/p>\r\n\r\n<p>&nbsp;<\/p>\r\n\r\n<h4 class=\"wp-block-heading\">9. Responsabilit\u00e0<\/h4>\r\n\r\n<p>&nbsp;<\/p>\r\n\r\n<p>La partecipazione ad alcune attivit\u00e0 comporta l&#8217;assunzione di alcuni rischi, pericoli e responsabilit\u00e0 per tutte le parti e gli altri partecipanti. Questi rischi includono, ma non sono limitati a, lesioni personali, morte, danni alla propriet\u00e0, spese e altre perdite, ritardi e disagi. Nonostante tali rischi, si ricorda a tutte le parti che si assumono volontariamente tutti i rischi di tali lesioni, malattie, morte, danni e\/o perdita della propriet\u00e0 che possono derivare dalla loro partecipazione alle nostre attivit\u00e0 e in qualsiasi viaggio associato a qualsiasi attivit\u00e0. Il pagamento per l&#8217;attivit\u00e0 conferma che tutte le parti si assumono tali rischi, pericoli e responsabilit\u00e0 verso se stessi e verso gli altri partecipanti. \u00c8 essenziale che tutte le parti si impegnino a rispettare tutte le norme e i regolamenti applicabili durante l&#8217;evento e tutte le istruzioni ricevute dalla guida o dal leader dell&#8217;attivit\u00e0 durante la partecipazione all&#8217;attivit\u00e0. La loro mancata osservanza pu\u00f2 comportare l&#8217;esclusione dall&#8217;evento e la perdita delle quote pagate per l&#8217;evento. Go-Comida non si assume alcuna responsabilit\u00e0 per eventuali accadimenti o atti posti in essere da terzi mentre le parti partecipano e viaggiano in relazione a qualsiasi attivit\u00e0.<\/p>\r\n\r\n<p>&nbsp;<\/p>","protected":false},"excerpt":{"rendered":"<p>&nbsp; per i servizi di escursioni guidate offerti da Gianfranco Comida &nbsp; Go-Comida Experience Sardinia &nbsp; &nbsp; 1. Definizioni &nbsp; In questi Termini e Condizioni:&#8220;Go-Comida&#8221; sar\u00e0 utilizzato per riferirsi a Gianfranco Comida, che opera commercialmente come Go-Comida Experience Sardinia.&#8220;Il Cliente&#8221; sar\u00e0 utilizzato per riferirsi a qualsiasi individuo, rappresentante di gruppo o azienda che riceve un&hellip; <a href=\"https:\/\/go-comida.com\/it\/terms-and-conditions\/\">Continue reading&#8230;<\/a><\/p>\n","protected":false},"author":1,"featured_media":0,"parent":0,"menu_order":0,"comment_status":"closed","ping_status":"closed","template":"","meta":{"nf_dc_page":"","footnotes":""},"class_list":["post-3358","page","type-page","status-publish","hentry"],"_links":{"self":[{"href":"https:\/\/go-comida.com\/it\/wp-json\/wp\/v2\/pages\/3358","targetHints":{"allow":["GET"]}}],"collection":[{"href":"https:\/\/go-comida.com\/it\/wp-json\/wp\/v2\/pages"}],"about":[{"href":"https:\/\/go-comida.com\/it\/wp-json\/wp\/v2\/types\/page"}],"author":[{"embeddable":true,"href":"https:\/\/go-comida.com\/it\/wp-json\/wp\/v2\/users\/1"}],"replies":[{"embeddable":true,"href":"https:\/\/go-comida.com\/it\/wp-json\/wp\/v2\/comments?post=3358"}],"version-history":[{"count":12,"href":"https:\/\/go-comida.com\/it\/wp-json\/wp\/v2\/pages\/3358\/revisions"}],"predecessor-version":[{"id":7093,"href":"https:\/\/go-comida.com\/it\/wp-json\/wp\/v2\/pages\/3358\/revisions\/7093"}],"wp:attachment":[{"href":"https:\/\/go-comida.com\/it\/wp-json\/wp\/v2\/media?parent=3358"}],"curies":[{"name":"wp","href":"https:\/\/api.w.org\/{rel}","templated":true}]}}