{"id":3167,"date":"2020-01-22T16:10:58","date_gmt":"2020-01-22T15:10:58","guid":{"rendered":"https:\/\/go-comida.com\/?page_id=3167"},"modified":"2022-04-04T19:40:28","modified_gmt":"2022-04-04T17:40:28","slug":"history-and-culture","status":"publish","type":"page","link":"https:\/\/go-comida.com\/it\/history-and-culture\/","title":{"rendered":"<h1 style=\"text-align: center;\">Storia e Cultura"},"content":{"rendered":"<h2 class=\"has-text-align-center wp-block-heading\"><\/p>\n\n\n<p><\/p>\n<p><!--StartFragment--><\/p>\n\n\n<h2 class=\"has-text-align-center wp-block-heading\">La Sardegna ha tantissimi siti archeologici a testimonianza di una storia antica oltre 4000 anni.<\/h2>\n\n\n\n<h2 class=\"has-text-align-center wp-block-heading\">Le Domus de Janas (o Case delle Fate), i Menhir, le Tombe dei Giganti e gli oltre 7000 Nuraghi che troviamo quasi in ogni angolo dell\u2019isola sono l&#8217;evidenza odierna di un passato glorioso.<\/h2>\n\n\n\n<p><br><\/p>\n\n\n\n<div class=\"wp-block-media-text alignwide\"><figure class=\"wp-block-media-text__media\"><img loading=\"lazy\" decoding=\"async\" width=\"523\" height=\"248\" src=\"https:\/\/go-comida.com\/wp-content\/uploads\/2018\/12\/Nuraghe-in-Tortoli.png\" alt=\"\" class=\"wp-image-1107\" srcset=\"https:\/\/go-comida.com\/wp-content\/uploads\/2018\/12\/Nuraghe-in-Tortoli.png 523w, https:\/\/go-comida.com\/wp-content\/uploads\/2018\/12\/Nuraghe-in-Tortoli-300x142.png 300w\" sizes=\"auto, (max-width: 523px) 100vw, 523px\" \/><\/figure><div class=\"wp-block-media-text__content\">\n<p>Scopri la storia e la cultura della Sardegna, antica di oltre 4000 anni, passando per il Medioevo e l\u2019era contemporanea. Molti dei tour e delle escursioni contemplano anche il passaggio per luoghi dalla valenza storica, come per esempio <a href=\"https:\/\/go-comida.com\/it\/tour-tortoli-arbatax\/\" target=\"_blank\" rel=\"noreferrer noopener\" aria-label=\" (opens in a new tab)\">alla Scoperta di Tortol\u00ec<\/a> e <a href=\"https:\/\/go-comida.com\/it\/tour-ogliastra\/\" target=\"_blank\" rel=\"noreferrer noopener\" aria-label=\" (opens in a new tab)\">alla scoperta dell\u2019Ogliastra<\/a>. Mentre ti inoltri in questi percorsi storici (a piedi o in bicicletta) scoprirai alcune delle pi\u00f9 antiche tradizioni, superstizioni e tesori nascosti. &nbsp;<\/p>\n\n\n\n<p>Vuoi scavare pi\u00f9 a fondo nella nostra affascinante storia? Possiamo disegnare un tour fatto su misura per te oppure <a href=\"https:\/\/go-comida.com\/it\/what-we-offer\/\">puoi prendere parte ad uno dei nostri tour in calendario da maggio ad ottobre<\/a>. <\/p>\n\n\n\n<div class=\"wp-block-button aligncenter is-style-outline is-style-outline--2\"><a class=\"wp-block-button__link has-text-color has-background\" href=\"https:\/\/go-comida.com\/it\/contact-us\/\" style=\"background-color:#f39200;color:#3d2d17;border-radius:22px\">Contattaci per saperne di pi\u00f9<\/a><\/div>\n<\/div><\/div>\n\n\n\n<p><\/p>\n\n\n\n<div class=\"wp-block-media-text alignwide\"><figure class=\"wp-block-media-text__media\"><img loading=\"lazy\" decoding=\"async\" width=\"1024\" height=\"576\" src=\"https:\/\/go-comida.com\/wp-content\/uploads\/2018\/12\/20181021_171957-1024x576.jpg\" alt=\"\" class=\"wp-image-1166\" srcset=\"https:\/\/go-comida.com\/wp-content\/uploads\/2018\/12\/20181021_171957-1024x576.jpg 1024w, https:\/\/go-comida.com\/wp-content\/uploads\/2018\/12\/20181021_171957-300x169.jpg 300w, https:\/\/go-comida.com\/wp-content\/uploads\/2018\/12\/20181021_171957-768x432.jpg 768w, https:\/\/go-comida.com\/wp-content\/uploads\/2018\/12\/20181021_171957-1170x658.jpg 1170w\" sizes=\"auto, (max-width: 1024px) 100vw, 1024px\" \/><\/figure><div class=\"wp-block-media-text__content\">\n<p>Durante tutto l\u2019anno ci sono eventi a Tortol\u00ec o nei dintorni, di solito durante i weekend, che diventano pi\u00f9 frequenti in estate e autunno. Durante questi eventi avrai la possibilit\u00e0 di ammirare abiti, danze e canti tradizionali. I cibi della tradizione sono prodotti e venduti nei cortili delle case o negli stand posti nei vicoli dei paesi. Potresti anche essere abbastanza fortunato da essere beneficiario della generosit\u00e0 sarda (della quale i sardi sono pieni quando vedono quel sorriso che ti fa identificare come un \u201camigu\u201d, cio\u00e8 un amico).  <\/p>\n\n\n\n<p>Se sei in grado di parlare italiano (o meglio ancora sardo), potresti regalarti una giornata in autonomia navigando i tornanti delle panoramiche strade che ti condurranno alla scoperta di mostre, esibizioni, dimostrazioni e show vari. Nel caso in cui non abbia ancora dimestichezza con la lingua, potresti considerare la possibilit\u00e0 di essere accompagnato da una guida. In tal modo potrai realmente scoprire il vero significato delle tradizioni, ottenendo il massimo dalla tua visita. <\/p>\n<\/div><\/div>\n\n\n\n<p><br><\/p>\n\n\n\n<p><br><\/p>\n\n\n\n<h3 class=\"wp-block-heading\">Possiamo includere anche visite a siti storici, sagre paesane, eventi culturali o persino vigneti nel tuo itinerario, cos\u00ec da adeguarci alla tipologia da te richiesta.<\/h3>\n\n\n\n<h3 class=\"has-text-align-center wp-block-heading\"><a aria-label=\" (opens in a new tab)\" rel=\"noreferrer noopener\" href=\"https:\/\/go-comida.com\/it\/contact-us\/\" target=\"_blank\">Contattaci<\/a> per saperne di pi\u00f9.<\/h3>\n\n\n\n<p><\/p>\n\n\n\n<figure class=\"wp-block-gallery columns-4 is-cropped wp-block-gallery-3 is-layout-flex wp-block-gallery-is-layout-flex\"><ul class=\"blocks-gallery-grid\"><li class=\"blocks-gallery-item\"><figure><img loading=\"lazy\" decoding=\"async\" width=\"1024\" height=\"576\" src=\"https:\/\/go-comida.com\/wp-content\/uploads\/2018\/12\/20181110_170445-1024x576.jpg\" alt=\"\" data-id=\"1168\" data-link=\"https:\/\/go-comida.com\/20181110_170445\/\" class=\"wp-image-1168\" srcset=\"https:\/\/go-comida.com\/wp-content\/uploads\/2018\/12\/20181110_170445-1024x576.jpg 1024w, https:\/\/go-comida.com\/wp-content\/uploads\/2018\/12\/20181110_170445-300x169.jpg 300w, https:\/\/go-comida.com\/wp-content\/uploads\/2018\/12\/20181110_170445-768x432.jpg 768w, https:\/\/go-comida.com\/wp-content\/uploads\/2018\/12\/20181110_170445-1170x658.jpg 1170w\" sizes=\"auto, (max-width: 1024px) 100vw, 1024px\" \/><figcaption class=\"blocks-gallery-item__caption\">Arte in mostra durante una sagra paesana<\/figcaption><\/figure><\/li><li class=\"blocks-gallery-item\"><figure><img loading=\"lazy\" decoding=\"async\" width=\"1024\" height=\"576\" src=\"https:\/\/go-comida.com\/wp-content\/uploads\/2018\/12\/20181021_110608-1024x576.jpg\" alt=\"\" data-id=\"1165\" data-link=\"https:\/\/go-comida.com\/20181021_110608\/\" class=\"wp-image-1165\" srcset=\"https:\/\/go-comida.com\/wp-content\/uploads\/2018\/12\/20181021_110608-1024x576.jpg 1024w, https:\/\/go-comida.com\/wp-content\/uploads\/2018\/12\/20181021_110608-300x169.jpg 300w, https:\/\/go-comida.com\/wp-content\/uploads\/2018\/12\/20181021_110608-768x432.jpg 768w, https:\/\/go-comida.com\/wp-content\/uploads\/2018\/12\/20181021_110608-1170x658.jpg 1170w\" sizes=\"auto, (max-width: 1024px) 100vw, 1024px\" \/><figcaption class=\"blocks-gallery-item__caption\">Cestini intrecciati a mano \u2013 usati nella vita in Sardegna<\/figcaption><\/figure><\/li><li class=\"blocks-gallery-item\"><figure><img loading=\"lazy\" decoding=\"async\" width=\"1024\" height=\"576\" src=\"https:\/\/go-comida.com\/wp-content\/uploads\/2018\/12\/20181110_175848-1024x576.jpg\" alt=\"\" data-id=\"1169\" data-link=\"https:\/\/go-comida.com\/20181110_175848\/\" class=\"wp-image-1169\" srcset=\"https:\/\/go-comida.com\/wp-content\/uploads\/2018\/12\/20181110_175848-1024x576.jpg 1024w, https:\/\/go-comida.com\/wp-content\/uploads\/2018\/12\/20181110_175848-300x169.jpg 300w, https:\/\/go-comida.com\/wp-content\/uploads\/2018\/12\/20181110_175848-768x432.jpg 768w, https:\/\/go-comida.com\/wp-content\/uploads\/2018\/12\/20181110_175848-1170x658.jpg 1170w\" sizes=\"auto, (max-width: 1024px) 100vw, 1024px\" \/><figcaption class=\"blocks-gallery-item__caption\">Il cibo \u00e8 al centro di ogni festivit\u00e0<\/figcaption><\/figure><\/li><li class=\"blocks-gallery-item\"><figure><img loading=\"lazy\" decoding=\"async\" width=\"1024\" height=\"576\" src=\"https:\/\/go-comida.com\/wp-content\/uploads\/2018\/12\/20181021_1102450-1024x576.jpg\" alt=\"\" data-id=\"1164\" data-link=\"https:\/\/go-comida.com\/20181021_1102450\/\" class=\"wp-image-1164\" srcset=\"https:\/\/go-comida.com\/wp-content\/uploads\/2018\/12\/20181021_1102450-1024x576.jpg 1024w, https:\/\/go-comida.com\/wp-content\/uploads\/2018\/12\/20181021_1102450-300x169.jpg 300w, https:\/\/go-comida.com\/wp-content\/uploads\/2018\/12\/20181021_1102450-768x432.jpg 768w, https:\/\/go-comida.com\/wp-content\/uploads\/2018\/12\/20181021_1102450-1170x658.jpg 1170w\" sizes=\"auto, (max-width: 1024px) 100vw, 1024px\" \/><figcaption class=\"blocks-gallery-item__caption\">Murales caratterizzanti molti paesi<\/figcaption><\/figure><\/li><li class=\"blocks-gallery-item\"><figure><img loading=\"lazy\" decoding=\"async\" width=\"858\" height=\"1024\" src=\"https:\/\/go-comida.com\/wp-content\/uploads\/2018\/12\/20181021_103357-858x1024.jpg\" alt=\"\" data-id=\"1163\" data-link=\"https:\/\/go-comida.com\/20181021_103357\/\" class=\"wp-image-1163\" srcset=\"https:\/\/go-comida.com\/wp-content\/uploads\/2018\/12\/20181021_103357-858x1024.jpg 858w, https:\/\/go-comida.com\/wp-content\/uploads\/2018\/12\/20181021_103357-251x300.jpg 251w, https:\/\/go-comida.com\/wp-content\/uploads\/2018\/12\/20181021_103357-768x917.jpg 768w, https:\/\/go-comida.com\/wp-content\/uploads\/2018\/12\/20181021_103357-1170x1397.jpg 1170w, https:\/\/go-comida.com\/wp-content\/uploads\/2018\/12\/20181021_103357.jpg 1823w\" sizes=\"auto, (max-width: 858px) 100vw, 858px\" \/><figcaption class=\"blocks-gallery-item__caption\">I murales raccontano storie di vita vissuta del passato e del presente<\/figcaption><\/figure><\/li><li class=\"blocks-gallery-item\"><figure><img loading=\"lazy\" decoding=\"async\" width=\"1024\" height=\"754\" src=\"https:\/\/go-comida.com\/wp-content\/uploads\/2018\/12\/20181014_190612-1024x754.jpg\" alt=\"\" data-id=\"1159\" data-link=\"https:\/\/go-comida.com\/20181014_190612\/\" class=\"wp-image-1159\" srcset=\"https:\/\/go-comida.com\/wp-content\/uploads\/2018\/12\/20181014_190612-1024x754.jpg 1024w, https:\/\/go-comida.com\/wp-content\/uploads\/2018\/12\/20181014_190612-300x221.jpg 300w, https:\/\/go-comida.com\/wp-content\/uploads\/2018\/12\/20181014_190612-768x566.jpg 768w, https:\/\/go-comida.com\/wp-content\/uploads\/2018\/12\/20181014_190612-1170x862.jpg 1170w\" sizes=\"auto, (max-width: 1024px) 100vw, 1024px\" \/><figcaption class=\"blocks-gallery-item__caption\">Rappresentazione artistica del gioco della morra<br><\/figcaption><\/figure><\/li><li class=\"blocks-gallery-item\"><figure><img loading=\"lazy\" decoding=\"async\" width=\"1024\" height=\"576\" src=\"https:\/\/go-comida.com\/wp-content\/uploads\/2018\/12\/20181014_190313-1024x576.jpg\" alt=\"\" data-id=\"1158\" data-link=\"https:\/\/go-comida.com\/20181014_190313\/\" class=\"wp-image-1158\" srcset=\"https:\/\/go-comida.com\/wp-content\/uploads\/2018\/12\/20181014_190313-1024x576.jpg 1024w, https:\/\/go-comida.com\/wp-content\/uploads\/2018\/12\/20181014_190313-300x169.jpg 300w, https:\/\/go-comida.com\/wp-content\/uploads\/2018\/12\/20181014_190313-768x432.jpg 768w, https:\/\/go-comida.com\/wp-content\/uploads\/2018\/12\/20181014_190313-1170x658.jpg 1170w\" sizes=\"auto, (max-width: 1024px) 100vw, 1024px\" \/><figcaption class=\"blocks-gallery-item__caption\">Molti sono i murales usati come forma di espressione politica<\/figcaption><\/figure><\/li><li class=\"blocks-gallery-item\"><figure><img loading=\"lazy\" decoding=\"async\" width=\"1024\" height=\"576\" src=\"https:\/\/go-comida.com\/wp-content\/uploads\/2018\/12\/20181014_171303-1024x576.jpg\" alt=\"\" data-id=\"1157\" data-link=\"https:\/\/go-comida.com\/20181014_171303\/\" class=\"wp-image-1157\" srcset=\"https:\/\/go-comida.com\/wp-content\/uploads\/2018\/12\/20181014_171303-1024x576.jpg 1024w, https:\/\/go-comida.com\/wp-content\/uploads\/2018\/12\/20181014_171303-300x169.jpg 300w, https:\/\/go-comida.com\/wp-content\/uploads\/2018\/12\/20181014_171303-768x432.jpg 768w, https:\/\/go-comida.com\/wp-content\/uploads\/2018\/12\/20181014_171303-1170x658.jpg 1170w\" sizes=\"auto, (max-width: 1024px) 100vw, 1024px\" \/><figcaption class=\"blocks-gallery-item__caption\">Alla scoperta della produzione tessile tradizionale<\/figcaption><\/figure><\/li><li class=\"blocks-gallery-item\"><figure><img loading=\"lazy\" decoding=\"async\" width=\"1024\" height=\"953\" src=\"https:\/\/go-comida.com\/wp-content\/uploads\/2018\/12\/20181014_164559-1024x953.jpg\" alt=\"\" data-id=\"1156\" data-link=\"https:\/\/go-comida.com\/20181014_164559\/\" class=\"wp-image-1156\" srcset=\"https:\/\/go-comida.com\/wp-content\/uploads\/2018\/12\/20181014_164559-1024x953.jpg 1024w, https:\/\/go-comida.com\/wp-content\/uploads\/2018\/12\/20181014_164559-300x279.jpg 300w, https:\/\/go-comida.com\/wp-content\/uploads\/2018\/12\/20181014_164559-768x714.jpg 768w, https:\/\/go-comida.com\/wp-content\/uploads\/2018\/12\/20181014_164559-1170x1088.jpg 1170w, https:\/\/go-comida.com\/wp-content\/uploads\/2018\/12\/20181014_164559.jpg 1963w\" sizes=\"auto, (max-width: 1024px) 100vw, 1024px\" \/><figcaption class=\"blocks-gallery-item__caption\">Degusta dolci sorprese della tradizione<\/figcaption><\/figure><\/li><li class=\"blocks-gallery-item\"><figure><img loading=\"lazy\" decoding=\"async\" width=\"523\" height=\"248\" src=\"https:\/\/go-comida.com\/wp-content\/uploads\/2018\/12\/Nuraghe-in-Tortoli.png\" alt=\"\" data-id=\"1107\" data-link=\"https:\/\/go-comida.com\/nuraghe-in-tortoli\/\" class=\"wp-image-1107\" srcset=\"https:\/\/go-comida.com\/wp-content\/uploads\/2018\/12\/Nuraghe-in-Tortoli.png 523w, https:\/\/go-comida.com\/wp-content\/uploads\/2018\/12\/Nuraghe-in-Tortoli-300x142.png 300w\" sizes=\"auto, (max-width: 523px) 100vw, 523px\" \/><figcaption class=\"blocks-gallery-item__caption\">Visita uno delle migliaia di nuraghi e siti archeologici<\/figcaption><\/figure><\/li><li class=\"blocks-gallery-item\"><figure><img loading=\"lazy\" decoding=\"async\" width=\"540\" height=\"960\" src=\"https:\/\/go-comida.com\/wp-content\/uploads\/2018\/03\/26814464_10214788069874680_5237824456236523871_n.jpg\" alt=\"\" data-id=\"193\" data-link=\"https:\/\/go-comida.com\/26814464_10214788069874680_5237824456236523871_n\/\" class=\"wp-image-193\" srcset=\"https:\/\/go-comida.com\/wp-content\/uploads\/2018\/03\/26814464_10214788069874680_5237824456236523871_n.jpg 540w, https:\/\/go-comida.com\/wp-content\/uploads\/2018\/03\/26814464_10214788069874680_5237824456236523871_n-169x300.jpg 169w\" sizes=\"auto, (max-width: 540px) 100vw, 540px\" \/><figcaption class=\"blocks-gallery-item__caption\">Rappresentazione artistica di un guerriero Shardana a Tortol\u00ec<\/figcaption><\/figure><\/li><li class=\"blocks-gallery-item\"><figure><img loading=\"lazy\" decoding=\"async\" width=\"1024\" height=\"576\" src=\"https:\/\/go-comida.com\/wp-content\/uploads\/2018\/12\/20180324_095136-1024x576.jpg\" alt=\"\" data-id=\"1141\" data-link=\"https:\/\/go-comida.com\/20180324_095136\/\" class=\"wp-image-1141\" srcset=\"https:\/\/go-comida.com\/wp-content\/uploads\/2018\/12\/20180324_095136-1024x576.jpg 1024w, https:\/\/go-comida.com\/wp-content\/uploads\/2018\/12\/20180324_095136-300x169.jpg 300w, https:\/\/go-comida.com\/wp-content\/uploads\/2018\/12\/20180324_095136-768x432.jpg 768w, https:\/\/go-comida.com\/wp-content\/uploads\/2018\/12\/20180324_095136-1170x658.jpg 1170w\" sizes=\"auto, (max-width: 1024px) 100vw, 1024px\" \/><figcaption class=\"blocks-gallery-item__caption\">Visita i paesini che sono come gioielli incastonati nelle montagne<\/figcaption><\/figure><\/li><\/ul><\/figure>\n\n\n\n<figure class=\"wp-block-gallery columns-3 is-cropped wp-block-gallery-4 is-layout-flex wp-block-gallery-is-layout-flex\"><ul class=\"blocks-gallery-grid\"><li class=\"blocks-gallery-item\"><figure><img loading=\"lazy\" decoding=\"async\" width=\"1024\" height=\"354\" src=\"https:\/\/go-comida.com\/wp-content\/uploads\/2018\/12\/San-Gemiliano-1024x354.jpg\" alt=\"\" data-id=\"1112\" data-link=\"https:\/\/go-comida.com\/san-gemiliano\/\" class=\"wp-image-1112\" srcset=\"https:\/\/go-comida.com\/wp-content\/uploads\/2018\/12\/San-Gemiliano-1024x354.jpg 1024w, https:\/\/go-comida.com\/wp-content\/uploads\/2018\/12\/San-Gemiliano-300x104.jpg 300w, https:\/\/go-comida.com\/wp-content\/uploads\/2018\/12\/San-Gemiliano-768x265.jpg 768w, https:\/\/go-comida.com\/wp-content\/uploads\/2018\/12\/San-Gemiliano-1170x404.jpg 1170w\" sizes=\"auto, (max-width: 1024px) 100vw, 1024px\" \/><figcaption class=\"blocks-gallery-item__caption\">Vista dalla collina di San Gemiliano<\/figcaption><\/figure><\/li><li class=\"blocks-gallery-item\"><figure><img loading=\"lazy\" decoding=\"async\" width=\"760\" height=\"430\" src=\"https:\/\/go-comida.com\/wp-content\/uploads\/2018\/12\/Port-of-Arbatax.jpg\" alt=\"\" data-id=\"1108\" data-link=\"https:\/\/go-comida.com\/port-of-arbatax\/\" class=\"wp-image-1108\" srcset=\"https:\/\/go-comida.com\/wp-content\/uploads\/2018\/12\/Port-of-Arbatax.jpg 760w, https:\/\/go-comida.com\/wp-content\/uploads\/2018\/12\/Port-of-Arbatax-300x170.jpg 300w\" sizes=\"auto, (max-width: 760px) 100vw, 760px\" \/><figcaption class=\"blocks-gallery-item__caption\">Il porto di Arbatax<\/figcaption><\/figure><\/li><li class=\"blocks-gallery-item\"><figure><img loading=\"lazy\" decoding=\"async\" width=\"1024\" height=\"576\" src=\"https:\/\/go-comida.com\/wp-content\/uploads\/2018\/12\/a1-1024x576.jpg\" alt=\"\" data-id=\"927\" data-link=\"https:\/\/go-comida.com\/a1\/\" class=\"wp-image-927\" srcset=\"https:\/\/go-comida.com\/wp-content\/uploads\/2018\/12\/a1-1024x576.jpg 1024w, https:\/\/go-comida.com\/wp-content\/uploads\/2018\/12\/a1-300x169.jpg 300w, https:\/\/go-comida.com\/wp-content\/uploads\/2018\/12\/a1-768x432.jpg 768w, https:\/\/go-comida.com\/wp-content\/uploads\/2018\/12\/a1-1170x658.jpg 1170w\" sizes=\"auto, (max-width: 1024px) 100vw, 1024px\" \/><figcaption class=\"blocks-gallery-item__caption\">Gli spettacolari Scogli Rossi<\/figcaption><\/figure><\/li><\/ul><\/figure>","protected":false},"excerpt":{"rendered":"<p>La Sardegna ha tantissimi siti archeologici a testimonianza di una storia antica oltre 4000 anni. Le Domus de Janas (o Case delle Fate), i Menhir, le Tombe dei Giganti e gli oltre 7000 Nuraghi che troviamo quasi in ogni angolo dell\u2019isola sono l&#8217;evidenza odierna di un passato glorioso. Possiamo includere anche visite a siti storici,&hellip; <a href=\"https:\/\/go-comida.com\/it\/history-and-culture\/\">Continue reading&#8230;<\/a><\/p>\n","protected":false},"author":1,"featured_media":0,"parent":0,"menu_order":0,"comment_status":"closed","ping_status":"closed","template":"","meta":{"nf_dc_page":"","footnotes":""},"class_list":["post-3167","page","type-page","status-publish","hentry"],"_links":{"self":[{"href":"https:\/\/go-comida.com\/it\/wp-json\/wp\/v2\/pages\/3167","targetHints":{"allow":["GET"]}}],"collection":[{"href":"https:\/\/go-comida.com\/it\/wp-json\/wp\/v2\/pages"}],"about":[{"href":"https:\/\/go-comida.com\/it\/wp-json\/wp\/v2\/types\/page"}],"author":[{"embeddable":true,"href":"https:\/\/go-comida.com\/it\/wp-json\/wp\/v2\/users\/1"}],"replies":[{"embeddable":true,"href":"https:\/\/go-comida.com\/it\/wp-json\/wp\/v2\/comments?post=3167"}],"version-history":[{"count":0,"href":"https:\/\/go-comida.com\/it\/wp-json\/wp\/v2\/pages\/3167\/revisions"}],"wp:attachment":[{"href":"https:\/\/go-comida.com\/it\/wp-json\/wp\/v2\/media?parent=3167"}],"curies":[{"name":"wp","href":"https:\/\/api.w.org\/{rel}","templated":true}]}}