{"id":3024,"date":"2020-01-22T16:04:29","date_gmt":"2020-01-22T15:04:29","guid":{"rendered":"https:\/\/go-comida.com\/?page_id=3024"},"modified":"2025-11-26T16:09:33","modified_gmt":"2025-11-26T15:09:33","slug":"home-2","status":"publish","type":"page","link":"https:\/\/go-comida.com\/it\/","title":{"rendered":"<h1 style=\"text-align: center;\">Moderna Guesthouse ed Esperienze a Tortol\u00ec, Ogliastra, Sardegna"},"content":{"rendered":"<!-- wp:buttons {\"layout\":{\"type\":\"flex\",\"justifyContent\":\"center\",\"orientation\":\"horizontal\"}} -->\r\n<div class=\"wp-block-buttons\"><!-- wp:button {\"style\":{\"color\":{\"text\":\"#3d2d17\",\"background\":\"#f39200\"},\"border\":{\"radius\":\"22px\"}},\"className\":\"is-style-outline\"} -->\r\n<div class=\"wp-block-button is-style-outline\" style=\"text-align: center;\"><a class=\"wp-block-button__link has-text-color has-background\" style=\"border-radius: 22px; background-color: #f39200; color: #3d2d17;\" href=\"https:\/\/go-comida.com\/it\/monthly_cal\/\" target=\"_blank\" rel=\"noreferrer noopener\">Prenota ESPERIENZA<\/a><\/div>\r\n<div class=\"wp-block-button is-style-outline\" style=\"text-align: center;\"><a class=\"wp-block-button__link has-text-color has-background\" style=\"border-radius: 22px; background-color: #f39200; color: #3d2d17;\" href=\"https:\/\/go-comida.com\/it\/accommodation\/\" target=\"_blank\" rel=\"noreferrer noopener\">Prenota SOGGIORNO<\/a><\/div>\r\n<!-- \/wp:button --><\/div>\r\n<!-- \/wp:buttons -->\r\n<h1 style=\"text-align: center;\" align=\"center\">Scopri la Blue Zone, il Golfo di Orosei, le montagne del Gennargentu, i Supramonte e i Tacchi d\u2019Ogliastra<\/h1>\r\n<!-- wp:spacer {\"height\":\"20px\"} -->\r\n<div class=\"wp-block-spacer\" style=\"height: 20px;\" aria-hidden=\"true\">\u00a0<\/div>\r\n<!-- \/wp:spacer -->\r\n<p>&nbsp;<\/p>\r\n<!-- wp:columns {\"className\":\"has-3-columns\"} -->\r\n<div class=\"wp-block-columns has-3-columns\"><!-- wp:column -->\r\n<div class=\"wp-block-column\"><!-- wp:image {\"align\":\"center\",\"id\":1189,\"width\":256,\"height\":144,\"sizeSlug\":\"large\"} -->\r\n<div class=\"wp-block-image\">\r\n<figure class=\"aligncenter size-large is-resized\"><img loading=\"lazy\" decoding=\"async\" class=\"alignnone wp-image-7001 size-large\" src=\"https:\/\/go-comida.com\/wp-content\/uploads\/2025\/03\/20190704_115246-2-1024x576.jpg\" alt=\"\" width=\"770\" height=\"433\" srcset=\"https:\/\/go-comida.com\/wp-content\/uploads\/2025\/03\/20190704_115246-2-1024x576.jpg 1024w, https:\/\/go-comida.com\/wp-content\/uploads\/2025\/03\/20190704_115246-2-300x169.jpg 300w, https:\/\/go-comida.com\/wp-content\/uploads\/2025\/03\/20190704_115246-2-768x432.jpg 768w, https:\/\/go-comida.com\/wp-content\/uploads\/2025\/03\/20190704_115246-2-1536x864.jpg 1536w\" sizes=\"auto, (max-width: 770px) 100vw, 770px\" \/><\/figure>\r\n<\/div>\r\n<!-- \/wp:image -->\r\n\r\n<!-- wp:paragraph {\"align\":\"center\"} -->\r\n<p class=\"has-text-align-center\"><a href=\"https:\/\/go-comida.com\/it\/hiking-and-tours\/\" target=\"_blank\" rel=\"noreferrer noopener\" aria-label=\" (opens in a new tab)\">ESCURSIONI E TOUR IN OGLIASTRA <\/a><\/p>\r\n<!-- \/wp:paragraph -->\r\n\r\n<!-- wp:paragraph {\"align\":\"left\"} -->\r\n<p class=\"has-text-align-left\">Ogliastra ha una rete di sentieri capace di soddisfare qualsiasi livello atletico. Lasciati guidare lungo le coste, le colline e le montagne per scoprire i vari paesaggi, panorami, flora e fauna che qui potrai trovare. Se sei preoccupato per il caldo o la forma fisica, perch\u00e9 non considerare una delle nostre Passeggiate brevi coadiuvate da spostamenti in auto per i tratti pi\u00f9 distanti?<a href=\"https:\/\/go-comida.com\/it\/hiking-and-tours\/\" target=\"_blank\" rel=\"noreferrer noopener\" aria-label=\" (opens in a new tab)\">Scopri di pi\u00f9\u2026<\/a><\/p>\r\n<!-- \/wp:paragraph --><\/div>\r\n<!-- \/wp:column -->\r\n\r\n<!-- wp:column -->\r\n<div class=\"wp-block-column\"><!-- wp:image {\"align\":\"center\",\"id\":1105,\"width\":256,\"height\":144,\"linkDestination\":\"custom\"} -->\r\n<div class=\"wp-block-image\">\r\n<figure class=\"aligncenter is-resized\"><img loading=\"lazy\" decoding=\"async\" class=\"alignnone wp-image-6909 size-large\" src=\"https:\/\/go-comida.com\/wp-content\/uploads\/2025\/03\/05-A-Copia-1024x576.jpg\" alt=\"\" width=\"770\" height=\"433\" srcset=\"https:\/\/go-comida.com\/wp-content\/uploads\/2025\/03\/05-A-Copia-1024x576.jpg 1024w, https:\/\/go-comida.com\/wp-content\/uploads\/2025\/03\/05-A-Copia-300x169.jpg 300w, https:\/\/go-comida.com\/wp-content\/uploads\/2025\/03\/05-A-Copia-768x432.jpg 768w, https:\/\/go-comida.com\/wp-content\/uploads\/2025\/03\/05-A-Copia-1536x864.jpg 1536w, https:\/\/go-comida.com\/wp-content\/uploads\/2025\/03\/05-A-Copia-2048x1152.jpg 2048w, https:\/\/go-comida.com\/wp-content\/uploads\/2025\/03\/05-A-Copia-1170x658.jpg 1170w\" sizes=\"auto, (max-width: 770px) 100vw, 770px\" \/><\/figure>\r\n<\/div>\r\n<!-- \/wp:image -->\r\n\r\n<!-- wp:paragraph {\"align\":\"center\"} -->\r\n<p class=\"has-text-align-center\"><a href=\"https:\/\/go-comida.com\/it\/history-and-culture\/\" target=\"_blank\" rel=\"noreferrer noopener\" aria-label=\" GUESTHOUSE (opens in a new tab)\"> GUESTHOUSE <\/a><\/p>\r\n<!-- \/wp:paragraph -->\r\n\r\n<!-- wp:paragraph -->\r\n<p>Perch\u00e9 non alloggiare con noi a Tortol\u00ec? COMIDA Guesthouse, dotata di ambienti moderni, accoglienti e di terrazza privata in tutte le camere \u00e8 il punto di riferimento per la tua prossima vacanza alla scoperta della Blue Zone, del Gennargentu, del Supramonte e dei Tacchi d\u2019Ogliastra. <a href=\"https:\/\/go-comida.com\/it\/accommodation\/\" target=\"_blank\" rel=\"noreferrer noopener\">Scopri di pi\u00f9&#8230; <\/a><\/p>\r\n<!-- \/wp:paragraph --><\/div>\r\n<!-- \/wp:column -->\r\n\r\n<!-- wp:column -->\r\n<div class=\"wp-block-column\"><!-- wp:image {\"align\":\"center\",\"id\":929,\"width\":256,\"height\":144,\"sizeSlug\":\"large\"} -->\r\n<div class=\"wp-block-image\">\r\n<figure class=\"aligncenter size-large is-resized\"><img loading=\"lazy\" decoding=\"async\" class=\"alignnone wp-image-929\" src=\"https:\/\/go-comida.com\/wp-content\/uploads\/2018\/12\/c1-1024x576.jpg\" alt=\"\" width=\"770\" height=\"433\" srcset=\"https:\/\/go-comida.com\/wp-content\/uploads\/2018\/12\/c1-1024x576.jpg 1024w, https:\/\/go-comida.com\/wp-content\/uploads\/2018\/12\/c1-300x169.jpg 300w, https:\/\/go-comida.com\/wp-content\/uploads\/2018\/12\/c1-768x432.jpg 768w, https:\/\/go-comida.com\/wp-content\/uploads\/2018\/12\/c1-1170x658.jpg 1170w\" sizes=\"auto, (max-width: 770px) 100vw, 770px\" \/><\/figure>\r\n<\/div>\r\n<!-- \/wp:image -->\r\n\r\n<!-- wp:paragraph {\"align\":\"center\"} -->\r\n<p class=\"has-text-align-center\"><a href=\"https:\/\/go-comida.com\/it\/wine-and-food-experiences\/\" target=\"_blank\" rel=\"noreferrer noopener\">ENOGASTRONOMIA<\/a><\/p>\r\n<!-- \/wp:paragraph -->\r\n\r\n<!-- wp:paragraph -->\r\n<p>Vuoi scoprire la meravigliosa enogastronomia della Sardegna? Lascia che ti portiamo a scoprire le migliori vigne, che prenotiamo per te i migliori tavoli al ristorante o organizziamo la tua personale degustazione di vini. Questo pu\u00f2 anche essere facilmente combinato con un tour, un&#8217;escursione o altre attivit\u00e0. <a href=\"https:\/\/go-comida.com\/it\/wine-and-food-experiences\/\" target=\"_blank\" rel=\"noreferrer noopener\">Scopri di pi\u00f9\u2026<\/a><\/p>\r\n<!-- \/wp:paragraph --><\/div>\r\n<!-- \/wp:column --><\/div>\r\n<!-- \/wp:columns -->\r\n<p>&nbsp;<\/p>\r\n<!-- wp:columns {\"className\":\"has-4-columns\"} -->\r\n<div class=\"wp-block-columns has-4-columns\"><!-- wp:column -->\r\n<div class=\"wp-block-column\"><!-- wp:image {\"align\":\"center\",\"id\":1105,\"width\":256,\"height\":144,\"linkDestination\":\"custom\"} -->\r\n<div class=\"wp-block-image\">\r\n<figure class=\"aligncenter is-resized\"><a href=\"]\"><img loading=\"lazy\" decoding=\"async\" class=\"alignnone wp-image-1105 size-full\" src=\"https:\/\/go-comida.com\/wp-content\/uploads\/2018\/12\/Hike-Web-23-e1741990669952.jpg\" alt=\"\" width=\"667\" height=\"375\" srcset=\"https:\/\/go-comida.com\/wp-content\/uploads\/2018\/12\/Hike-Web-23-e1741990669952.jpg 667w, https:\/\/go-comida.com\/wp-content\/uploads\/2018\/12\/Hike-Web-23-e1741990669952-300x169.jpg 300w\" sizes=\"auto, (max-width: 667px) 100vw, 667px\" \/><\/a><\/figure>\r\n<\/div>\r\n<!-- \/wp:image -->\r\n\r\n<!-- wp:paragraph {\"align\":\"center\"} -->\r\n<p class=\"has-text-align-center\"><a href=\"https:\/\/go-comida.com\/it\/history-and-culture\/\" target=\"_blank\" rel=\"noreferrer noopener\" aria-label=\"STORIA E CULUTRA  (opens in a new tab)\">STORIA E CULUTRA <\/a><\/p>\r\n<!-- \/wp:paragraph -->\r\n\r\n<!-- wp:paragraph -->\r\n<p>L&#8217;Ogliastra \u00e8 piena di storia, risalente a migliaia di anni fa. Scopri Tortol\u00ec, il bellissimo Lido di Orr\u00ec o uno delle migliaia di siti archeologici della Sardegna. Vieni a prendere parte in un viaggio nel tempo attraverso la storia e la cultura di questa meravigliosa isola. <a href=\"https:\/\/go-comida.com\/it\/history-and-culture\/\" target=\"_blank\" rel=\"noreferrer noopener\" aria-label=\"Scopri di pi\u00f9...  (opens in a new tab)\">Scopri di pi\u00f9&#8230; <\/a><\/p>\r\n<!-- \/wp:paragraph --><\/div>\r\n<!-- \/wp:column -->\r\n\r\n<!-- wp:column -->\r\n<div class=\"wp-block-column\"><!-- wp:image {\"align\":\"center\",\"id\":1166,\"width\":256,\"height\":144,\"sizeSlug\":\"large\",\"linkDestination\":\"custom\"} -->\r\n<div class=\"wp-block-image\">\r\n<figure class=\"aligncenter size-large is-resized\"><a href=\"https:\/\/go-comida.com\/it\/things-to-do\/\" target=\"_blank\" rel=\"noopener\"><img loading=\"lazy\" decoding=\"async\" class=\"alignnone wp-image-1166\" src=\"https:\/\/go-comida.com\/wp-content\/uploads\/2018\/12\/20181021_171957-1024x576.jpg\" alt=\"\" width=\"770\" height=\"433\" srcset=\"https:\/\/go-comida.com\/wp-content\/uploads\/2018\/12\/20181021_171957-1024x576.jpg 1024w, https:\/\/go-comida.com\/wp-content\/uploads\/2018\/12\/20181021_171957-300x169.jpg 300w, https:\/\/go-comida.com\/wp-content\/uploads\/2018\/12\/20181021_171957-768x432.jpg 768w, https:\/\/go-comida.com\/wp-content\/uploads\/2018\/12\/20181021_171957-1170x658.jpg 1170w\" sizes=\"auto, (max-width: 770px) 100vw, 770px\" \/><\/a><\/figure>\r\n<\/div>\r\n<!-- \/wp:image -->\r\n\r\n<!-- wp:paragraph {\"align\":\"center\"} -->\r\n<p class=\"has-text-align-center\"><a href=\"https:\/\/go-comida.com\/it\/things-to-do\/\" target=\"_blank\" rel=\"noreferrer noopener\" aria-label=\"QUANDO E COSA FARE (opens in a new tab)\">COSE DA FARE E QUANDO FARLE<\/a><\/p>\r\n<!-- \/wp:paragraph -->\r\n\r\n<!-- wp:paragraph -->\r\n<p>Ci sono le sagre e i festival e cos\u00ec tante diverse attivit\u00e0 che potrai fare, dalle Immersioni ai Lanci col paracadute, dal Reiki allo Yoga, dalle Escursioni alle Passeggiate a cavallo, ecc. Abbiamo provato a raccogliere un po\u2019 di informazioni per aiutarti a decidere quando potrebbe essere il periodo migliore per te. <a href=\"https:\/\/go-comida.com\/it\/things-to-do\/\" target=\"_blank\" rel=\"noreferrer noopener\" aria-label=\"Scopri di pi\u00f9. (opens in a new tab)\">Scopri di pi\u00f9.<\/a>..<\/p>\r\n<!-- \/wp:paragraph --><\/div>\r\n<!-- \/wp:column -->\r\n\r\n<!-- wp:column -->\r\n<div class=\"wp-block-column\"><!-- wp:image {\"align\":\"center\",\"id\":2702,\"width\":256,\"height\":144,\"linkDestination\":\"custom\"} -->\r\n<div class=\"wp-block-image\">\r\n<figure class=\"aligncenter is-resized\"><a href=\"https:\/\/go-comida.com\/it\/events-calendar\/\" target=\"_blank\" rel=\"noreferrer noopener\"><img loading=\"lazy\" decoding=\"async\" class=\"alignnone wp-image-2702\" src=\"https:\/\/go-comida.com\/wp-content\/uploads\/2019\/01\/Mamuthones-1024x576.jpg\" alt=\"\" width=\"770\" height=\"433\" srcset=\"https:\/\/go-comida.com\/wp-content\/uploads\/2019\/01\/Mamuthones-1024x576.jpg 1024w, https:\/\/go-comida.com\/wp-content\/uploads\/2019\/01\/Mamuthones-300x169.jpg 300w, https:\/\/go-comida.com\/wp-content\/uploads\/2019\/01\/Mamuthones-768x432.jpg 768w, https:\/\/go-comida.com\/wp-content\/uploads\/2019\/01\/Mamuthones-1170x658.jpg 1170w\" sizes=\"auto, (max-width: 770px) 100vw, 770px\" \/><\/a><\/figure>\r\n<\/div>\r\n<!-- \/wp:image -->\r\n\r\n<!-- wp:paragraph {\"align\":\"center\"} -->\r\n<p class=\"has-text-align-center\"><a href=\"https:\/\/go-comida.com\/it\/events-calendar\/\" target=\"_blank\" rel=\"noreferrer noopener\" aria-label=\"CALENDARIO EVENTI (opens in a new tab)\">CALENDARIO EVENTI<\/a><\/p>\r\n<!-- \/wp:paragraph -->\r\n\r\n<!-- wp:paragraph -->\r\n<p>Scopri quali eventi, sagre e festival avranno luogo nella nostra zona durante l&#8217;anno.<\/p>\r\n<!-- \/wp:paragraph --><\/div>\r\n<!-- \/wp:column --><\/div>\r\n<!-- \/wp:columns -->\r\n<p>&nbsp;<\/p>\r\n<!-- wp:paragraph -->\r\n<p>La Sardegna \u00e8 molto di pi\u00f9 che mare turchese, splendide coste e spiagge di sabbia bianca di cui sarete gi\u00e0 a conoscenza. Ovviamente puoi venire in Sardegna con il solo scopo di rilassarti in queste meravigliose spiagge ma, se cos\u00ec non fosse, quest\u2019isola potr\u00e0 offrirti esperienze meravigliose che non dimenticherai mai. L\u2019unico problema che potrai incontrare \u00e8 la carenza di informazioni tempestive su internet e social media di quanto succede in luoghi diversi dagli aeroporti principali di Olbia, Cagliari e Alghero. Questo \u00e8 esattamente dove noi veniamo in tuo aiuto.<\/p>\r\n<!-- \/wp:paragraph -->\r\n<p>&nbsp;<\/p>\r\n<!-- wp:paragraph -->\r\n<p>Siamo in grado di offrirti una vasta gamma di esperienze giornaliere, di mezza giornata, serate o pi\u00f9 giorni. <a href=\"https:\/\/go-comida.com\/it\/contact-us\" target=\"_blank\" rel=\"noreferrer noopener\" aria-label=\" (opens in a new tab)\">Contattaci <\/a>per farti ispirare e permetterci di liberarti dall&#8217;impegno di pianificare la tua vacanza. Saremo felici di aiutarti a farlo.<\/p>\r\n<!-- \/wp:paragraph -->\r\n<p>&nbsp;<\/p>\r\n<!-- wp:paragraph -->\r\n<p>Per nostra esperienza sappiamo che molti visitatori vengono in Sardegna con l\u2019intento di vedere tutto in un\u2019unica vacanza. Decidono di noleggiare un\u2019auto e prendersi una settimana nella speranza di girare l\u2019intera isola. Quando arrivano, per\u00f2, si rendono conto che la Sardegna \u00e8 molto pi\u00f9 grande di quanto pensassero e si ritrovano a passare le giornate in macchina per andare da una parte all&#8217;altra senza riuscire a VIVERE LA SARDEGNA veramente.<\/p>\r\n<!-- \/wp:paragraph -->\r\n<p>&nbsp;<\/p>\r\n<!-- wp:paragraph -->\r\n<p>Se possiamo permetterci, vorremmo darti un piccolo consiglio: RALLENTA. Una delle cose pi\u00f9 belle della Sardegna e dei Sardi \u00e8 il meraviglioso ritmo di vita. Non c\u2019\u00e8 da meravigliarsi infatti che questa grande isola sia una delle Blue Zones mondiali. Perci\u00f2, lascia che ti aiutiamo a coordinare un\u2019esperienza meravigliosa, a rilassarti e a goderti veramente la vacanza.<\/p>\r\n<!-- \/wp:paragraph -->\r\n<p>&nbsp;<\/p>\r\n<!-- wp:paragraph -->\r\n<p>Hai domande? <a href=\"https:\/\/go-comida.com\/it\/contact-us\" target=\"_blank\" rel=\"noreferrer noopener\" aria-label=\" (opens in a new tab)\">Contattaci <\/a><\/p>\r\n<!-- \/wp:paragraph -->\r\n<p>&nbsp;<\/p>\r\n<!-- wp:embed {\"url\":\"https:\/\/www.facebook.com\/GoComidaDotCom\/\",\"providerNameSlug\":\"facebook\",\"responsive\":true} -->\r\n<figure class=\"wp-block-embed-facebook wp-block-embed\">\r\n<div class=\"wp-block-embed__wrapper\">\u00a0<\/div>\r\n<\/figure>\r\n<!-- \/wp:embed -->","protected":false},"excerpt":{"rendered":"<p>Prenota ESPERIENZA Prenota SOGGIORNO Scopri la Blue Zone, il Golfo di Orosei, le montagne del Gennargentu, i Supramonte e i Tacchi d\u2019Ogliastra \u00a0 &nbsp; ESCURSIONI E TOUR IN OGLIASTRA Ogliastra ha una rete di sentieri capace di soddisfare qualsiasi livello atletico. Lasciati guidare lungo le coste, le colline e le montagne per scoprire i vari&hellip; <a href=\"https:\/\/go-comida.com\/it\/\">Continue reading&#8230;<\/a><\/p>\n","protected":false},"author":1,"featured_media":0,"parent":0,"menu_order":0,"comment_status":"closed","ping_status":"closed","template":"","meta":{"nf_dc_page":"","footnotes":""},"class_list":["post-3024","page","type-page","status-publish","hentry"],"_links":{"self":[{"href":"https:\/\/go-comida.com\/it\/wp-json\/wp\/v2\/pages\/3024","targetHints":{"allow":["GET"]}}],"collection":[{"href":"https:\/\/go-comida.com\/it\/wp-json\/wp\/v2\/pages"}],"about":[{"href":"https:\/\/go-comida.com\/it\/wp-json\/wp\/v2\/types\/page"}],"author":[{"embeddable":true,"href":"https:\/\/go-comida.com\/it\/wp-json\/wp\/v2\/users\/1"}],"replies":[{"embeddable":true,"href":"https:\/\/go-comida.com\/it\/wp-json\/wp\/v2\/comments?post=3024"}],"version-history":[{"count":39,"href":"https:\/\/go-comida.com\/it\/wp-json\/wp\/v2\/pages\/3024\/revisions"}],"predecessor-version":[{"id":7091,"href":"https:\/\/go-comida.com\/it\/wp-json\/wp\/v2\/pages\/3024\/revisions\/7091"}],"wp:attachment":[{"href":"https:\/\/go-comida.com\/it\/wp-json\/wp\/v2\/media?parent=3024"}],"curies":[{"name":"wp","href":"https:\/\/api.w.org\/{rel}","templated":true}]}}