{"id":2919,"date":"2020-01-22T16:09:06","date_gmt":"2020-01-22T15:09:06","guid":{"rendered":"https:\/\/go-comida.com\/?page_id=2919"},"modified":"2022-04-12T23:03:13","modified_gmt":"2022-04-12T21:03:13","slug":"hiking-and-tours","status":"publish","type":"page","link":"https:\/\/go-comida.com\/it\/hiking-and-tours\/","title":{"rendered":"<h1 style=\"text-align: center;\">Escursioni e Tour"},"content":{"rendered":"<div class=\"wp-block-buttons is-horizontal is-content-justification-center is-layout-flex wp-container-core-buttons-is-layout-499968f5 wp-block-buttons-is-layout-flex\">\r\n<div class=\"wp-block-button is-style-outline is-style-outline--2\" style=\"text-align: center;\"><a class=\"wp-block-button__link has-text-color has-background\" style=\"border-radius: 22px; background-color: #f39200; color: #3d2d17;\" href=\"https:\/\/go-comida.com\/it\/escursioni-sardegna\/\" target=\"_blank\" rel=\"noreferrer noopener\">Programma 2022<\/a><\/div>\r\n<\/div>\r\n\r\n<p>&nbsp;<\/p>\r\n\r\n<p>&nbsp;<\/p>\r\n\r\n<p>&nbsp;<\/p>\r\n\r\n<h2 class=\"has-text-align-center wp-block-heading\">L&#8217;Ogliastra \u00e8 una destinazione da sogno per chiunque ami i grandi spazi aperti <br \/>Paesaggi mozzafiato, canyon, scogliere, dolci colline ricoperte di vigneti, foreste, laghi e percorsi vista mare <br \/>Puoi trovare tutto questo in Ogliastra<\/h2>\r\n\r\n<p>&nbsp;<\/p>\r\n\r\n<p>Ci sono cos\u00ec tanti percorsi che non \u00e8 possibile dettagliarli tutti ma qui trovi alcuni esempi delle esperienze pi\u00f9 popolari. Offriamo esperienze per ogni livello di fitness, da 2 ore alla giornata intera. Durante tutte le esperienze, la guida condivider\u00e0 con te aspetti e aneddoti della cultura, storia, flora e fauna.<\/p>\r\n\r\n<p>&nbsp;<\/p>\r\n\r\n<p><a href=\"https:\/\/go-comida.com\/it\/contact-us\/\">Contattaci <\/a>per trovare l&#8217;ispirazione e disegnare l&#8217;esperienza perfetta per te e per il tuo gruppo di qualsiasi dimensione. Siamo in contatto con aziende di trasporto e hotel e alloggi di diverse tipologie adeguati ad ogni budget.<\/p>\r\n\r\n<p>&nbsp;<\/p>\r\n\r\n<h2 class=\"wp-block-heading\">Qui di seguito troverai alcune delle nostre escursioni e tour pi\u00f9 richiesti:<\/h2>\r\n\r\n<p>&nbsp;<\/p>\r\n\r\n<div class=\"wp-block-columns has-3-columns is-layout-flex wp-container-core-columns-is-layout-9d6595d7 wp-block-columns-is-layout-flex\">\r\n<div class=\"wp-block-column is-layout-flow wp-block-column-is-layout-flow\">\r\n<figure class=\"wp-block-image size-large is-resized\"><img loading=\"lazy\" decoding=\"async\" class=\"wp-image-927\" src=\"https:\/\/go-comida.com\/wp-content\/uploads\/2018\/12\/a1-1024x576.jpg\" alt=\"\" width=\"256\" height=\"144\" srcset=\"https:\/\/go-comida.com\/wp-content\/uploads\/2018\/12\/a1-1024x576.jpg 1024w, https:\/\/go-comida.com\/wp-content\/uploads\/2018\/12\/a1-300x169.jpg 300w, https:\/\/go-comida.com\/wp-content\/uploads\/2018\/12\/a1-768x432.jpg 768w, https:\/\/go-comida.com\/wp-content\/uploads\/2018\/12\/a1-1170x658.jpg 1170w\" sizes=\"auto, (max-width: 256px) 100vw, 256px\" \/><\/figure>\r\n\r\n\r\n\r\n<h3 class=\"wp-block-heading\">Scopri Tortol\u00ec<\/h3>\r\n\r\n\r\n\r\n<p>Scopri una storia che risale a oltre 4.000 anni fa nelle aree che circondano la citt\u00e0 di Tortol\u00ec. Questo tour prevede passeggiate e la visita ai siti storici e monumenti iconici. Sarai guidato attraverso la storia dal periodo nuragico, attraverso il medioevo fino ai giorni nostri. Questo tour \u00e8 l&#8217;ideale per coloro che vogliano fare una giornata a piedi mentre apprendono la vera storia della Sardegna. Questo tour pu\u00f2 anche essere completato anche con l\u2019ausilio dei nostri mezzi per coloro che non si sentono in grado di camminare troppo a lungo. Durata 2,5-8 ore.<\/p>\r\n\r\n\r\n\r\n<p>Questo tour \u00e8 adatto ai partecipanti di qualsiasi et\u00e0 e livello di forma fisica.<\/p>\r\n\r\n\r\n\r\n<p><a href=\"https:\/\/go-comida.com\/it\/tour-tortoli-arbatax\/\">Puoi prendere parte ad uno dei nostri tour in calendario<\/a> da maggio ad ottobre.<\/p>\r\n<\/div>\r\n\r\n\r\n\r\n<div class=\"wp-block-column is-layout-flow wp-block-column-is-layout-flow\">\r\n<figure class=\"wp-block-image size-large is-resized\"><img loading=\"lazy\" decoding=\"async\" class=\"wp-image-1171\" src=\"https:\/\/go-comida.com\/wp-content\/uploads\/2018\/12\/20181210_152805-1024x576.jpg\" alt=\"\" width=\"256\" height=\"144\" srcset=\"https:\/\/go-comida.com\/wp-content\/uploads\/2018\/12\/20181210_152805-1024x576.jpg 1024w, https:\/\/go-comida.com\/wp-content\/uploads\/2018\/12\/20181210_152805-300x169.jpg 300w, https:\/\/go-comida.com\/wp-content\/uploads\/2018\/12\/20181210_152805-768x432.jpg 768w, https:\/\/go-comida.com\/wp-content\/uploads\/2018\/12\/20181210_152805-1170x658.jpg 1170w\" sizes=\"auto, (max-width: 256px) 100vw, 256px\" \/><\/figure>\r\n\r\n\r\n\r\n<h3 class=\"wp-block-heading\">Scopri l&#8217;Ogliastra<\/h3>\r\n\r\n\r\n\r\n<p>L&#8217;Ogliastra ha la fortuna di poter sfoggiare coste meravigliose e montagne spettacolari. Esci dalla citt\u00e0 e sali in montagna con l\u2019ausilio dei nostri mezzi per fare brevi passeggiate in diversi luoghi e ammirare i panorami pi\u00f9 incredibili, scoprire siti iconici come Perda Liana, vedere la fauna selvatica e conoscere la storia dei borghi di montagna. Un&#8217;ottima alternativa a un&#8217;escursione di un giorno e pu\u00f2 essere facilmente combinata con una visita a un vigneto per una degustazione privata alla fine del tour. Durata 6-9 ore.<\/p>\r\n\r\n\r\n\r\n<p>Questo tour \u00e8 adatto a partecipanti di qualsiasi et\u00e0 o livello di fitness.<\/p>\r\n\r\n\r\n\r\n<p><a href=\"https:\/\/go-comida.com\/it\/tour-ogliastra\/\">Puoi prendere parte ad uno dei nostri tour in calendario<\/a> da maggio ad ottobre.<\/p>\r\n<\/div>\r\n\r\n\r\n\r\n<div class=\"wp-block-column is-layout-flow wp-block-column-is-layout-flow\">\r\n<figure class=\"wp-block-image size-large is-resized\"><img loading=\"lazy\" decoding=\"async\" class=\"wp-image-1111\" src=\"https:\/\/go-comida.com\/wp-content\/uploads\/2018\/12\/20180903_112303-1024x576.jpg\" alt=\"\" width=\"256\" height=\"144\" srcset=\"https:\/\/go-comida.com\/wp-content\/uploads\/2018\/12\/20180903_112303-1024x576.jpg 1024w, https:\/\/go-comida.com\/wp-content\/uploads\/2018\/12\/20180903_112303-300x169.jpg 300w, https:\/\/go-comida.com\/wp-content\/uploads\/2018\/12\/20180903_112303-768x432.jpg 768w, https:\/\/go-comida.com\/wp-content\/uploads\/2018\/12\/20180903_112303-1170x658.jpg 1170w\" sizes=\"auto, (max-width: 256px) 100vw, 256px\" \/><\/figure>\r\n\r\n\r\n\r\n<h3 class=\"wp-block-heading\">Escursione a Cala Goloritz\u00e9<\/h3>\r\n\r\n\r\n\r\n<p>Oltre ad essere una delle spiagge pi\u00f9 suggestive della Sardegna, Cala Goloritz\u00e8 \u00e8 un monumento nazionale e fa parte del Parco Nazionale del Gennargentu. L&#8217;accesso alla cala non \u00e8 consentito via mare, quindi \u00e8 necessario accedere tramite un sentiero interno. Nei periodi pi\u00f9 caldi, si scende la mattina, ci si rilassa in spiaggia, si mangi e si fa una nuotata prima di tornare al punto di partenza nel tardo pomeriggio.<\/p>\r\n\r\n\r\n\r\n<p>Altezza max: 470 m; Altezza min: 0 m; Distanza: 7,3 km; Dislivello: +\/- 553m; Difficolt\u00e0: (E) media; Camminata totale: 4 ore; Consigliato: costume da bagno e asciugamano!<\/p>\r\n\r\n\r\n\r\n<p>Questa escursione \u00e8 adatta a partecipanti con un livello medio di fitness.<\/p>\r\n<\/div>\r\n\r\n\r\n\r\n<div class=\"wp-block-column is-layout-flow wp-block-column-is-layout-flow\">\r\n<figure class=\"wp-block-image size-large is-resized\"><img loading=\"lazy\" decoding=\"async\" class=\"wp-image-3108\" src=\"https:\/\/go-comida.com\/wp-content\/uploads\/2019\/12\/Sardinie-2019-4585-2-1024x576.jpg\" alt=\"\" width=\"256\" height=\"144\" srcset=\"https:\/\/go-comida.com\/wp-content\/uploads\/2019\/12\/Sardinie-2019-4585-2-1024x576.jpg 1024w, https:\/\/go-comida.com\/wp-content\/uploads\/2019\/12\/Sardinie-2019-4585-2-300x169.jpg 300w, https:\/\/go-comida.com\/wp-content\/uploads\/2019\/12\/Sardinie-2019-4585-2-768x432.jpg 768w, https:\/\/go-comida.com\/wp-content\/uploads\/2019\/12\/Sardinie-2019-4585-2-1536x864.jpg 1536w, https:\/\/go-comida.com\/wp-content\/uploads\/2019\/12\/Sardinie-2019-4585-2-2048x1152.jpg 2048w, https:\/\/go-comida.com\/wp-content\/uploads\/2019\/12\/Sardinie-2019-4585-2-1170x658.jpg 1170w\" sizes=\"auto, (max-width: 256px) 100vw, 256px\" \/><\/figure>\r\n\r\n\r\n\r\n<h3 class=\"wp-block-heading\">Escursione a Gorropu<\/h3>\r\n\r\n\r\n\r\n<p>Gorropu \u00e8 il canyon pi\u00f9 profondo in Italia e uno dei pi\u00f9 profondi in Europa con falesie che arrivano fino a 500m di altezza. Pu\u00f2 essere raggiunto in 2 modi diversi:<\/p>\r\n\r\n\r\n\r\n<p>Il primo \u00e8 pi\u00f9 tecnico con percorsi ripidi ed \u00e8 adatto a partecipanti con un livello di fitness medio-alto:<\/p>\r\n\r\n\r\n\r\n<p>Altezza max: 1020 m; Altezza min: 350 m; Distanza: 12 km; Dislivello: +\/- 1110m; Difficolt\u00e0: (E) impegnativa; Camminata totale: 5 ore.<\/p>\r\n\r\n\r\n\r\n<p>L&#8217;altro \u00e8 pi\u00f9 rilassante, con un&#8217;inclinazione pi\u00f9 dolce ed \u00e8 adatto a partecipanti con un livello medio di fitness:<\/p>\r\n\r\n\r\n\r\n<p>Altezza max: 380 m; Altezza min: 190 m; Distanza: 15 km; Dislivello: +\/- 260m; Difficolt\u00e0: (E) facile; Camminata totale: 5 ore.<\/p>\r\n\r\n\r\n\r\n<p><a href=\"https:\/\/go-comida.com\/it\/gorropu-canyon\/\">Puoi prendere parte ad uno dei nostri tour in calendario<\/a> da maggio ad ottobre.<\/p>\r\n<\/div>\r\n<\/div>\r\n\r\n<p>&nbsp;<\/p>\r\n\r\n<div class=\"wp-block-columns is-layout-flex wp-container-core-columns-is-layout-9d6595d7 wp-block-columns-is-layout-flex\">\r\n<div class=\"wp-block-column is-layout-flow wp-block-column-is-layout-flow\">\r\n<figure class=\"wp-block-image size-large is-resized\"><img loading=\"lazy\" decoding=\"async\" class=\"wp-image-1134\" src=\"https:\/\/go-comida.com\/wp-content\/uploads\/2018\/12\/20180121_102841-1024x576.jpg\" alt=\"\" width=\"256\" height=\"144\" srcset=\"https:\/\/go-comida.com\/wp-content\/uploads\/2018\/12\/20180121_102841-1024x576.jpg 1024w, https:\/\/go-comida.com\/wp-content\/uploads\/2018\/12\/20180121_102841-300x169.jpg 300w, https:\/\/go-comida.com\/wp-content\/uploads\/2018\/12\/20180121_102841-768x432.jpg 768w, https:\/\/go-comida.com\/wp-content\/uploads\/2018\/12\/20180121_102841-1170x658.jpg 1170w\" sizes=\"auto, (max-width: 256px) 100vw, 256px\" \/><\/figure>\r\n\r\n\r\n\r\n<h3 class=\"wp-block-heading\">Escursione Pedralonga e Fenile<\/h3>\r\n\r\n\r\n\r\n<p>Questo sentiero costiero offre spettacolari viste sul mare per tutta la durata dell&#8217;escursione che attraversa Perdalonga (dove \u00e8 presente un bar\/ristorante stagionale) per arrivare a Cala Fenile. Perdalonga \u00e8 una formazione rocciosa calcarea, ben nota agli scalatori, nel mare a pochi chilometri sotto il Capo di Monte Santo e il Golfo di Orosei\/Baunei.<\/p>\r\n\r\n\r\n\r\n<p>Altezza max: 167 m; Altezza min: 0 m; Distanza: 14 km; Dislivello: +\/- 800 m; Difficolt\u00e0: media; Camminata totale: circa 6 ore.<\/p>\r\n\r\n\r\n\r\n<p>Questa escursione \u00e8 consigliata a chi ha un livello medio di fitness. Per coloro che non vogliono camminare fino in fondo, il percorso pu\u00f2 essere accorciato a seconda delle richieste e della disponibilit\u00e0 di mezzi di trasporto.<\/p>\r\n<\/div>\r\n\r\n\r\n\r\n<div class=\"wp-block-column is-layout-flow wp-block-column-is-layout-flow\">\r\n<figure class=\"wp-block-image size-large is-resized\"><img loading=\"lazy\" decoding=\"async\" class=\"wp-image-2933\" src=\"https:\/\/go-comida.com\/wp-content\/uploads\/2019\/12\/20190903_131131-1024x576.jpg\" alt=\"\" width=\"256\" height=\"144\" srcset=\"https:\/\/go-comida.com\/wp-content\/uploads\/2019\/12\/20190903_131131-1024x576.jpg 1024w, https:\/\/go-comida.com\/wp-content\/uploads\/2019\/12\/20190903_131131-300x169.jpg 300w, https:\/\/go-comida.com\/wp-content\/uploads\/2019\/12\/20190903_131131-768x432.jpg 768w, https:\/\/go-comida.com\/wp-content\/uploads\/2019\/12\/20190903_131131-1536x864.jpg 1536w, https:\/\/go-comida.com\/wp-content\/uploads\/2019\/12\/20190903_131131-2048x1152.jpg 2048w, https:\/\/go-comida.com\/wp-content\/uploads\/2019\/12\/20190903_131131-1170x658.jpg 1170w\" sizes=\"auto, (max-width: 256px) 100vw, 256px\" \/><\/figure>\r\n\r\n\r\n\r\n<h3 class=\"wp-block-heading\">Escursione Taquisara, Is Tostoinus, Perdu Isu<\/h3>\r\n\r\n\r\n\r\n<p>Questa zona \u00e8 piena di storia con resti di insediamenti umani risalenti a oltre 3000 anni fa. Splendidi panorami e paesaggi ci condurranno attraverso boschi di querce e tassi attraverso i binari che sono la prova del duro lavoro dei produttori di carbone nei secoli passati. A differenza delle zone costiere dell&#8217;Ogliastra, la valle dei &#8220;Tacchi&#8221; beneficia di una buona presenza di sorgenti d&#8217;acqua che contribuiscono a rendere i suoi paesaggi ancora pi\u00f9 suggestivi.<\/p>\r\n\r\n\r\n\r\n<p>Altezza max: 1024 m; Altezza min: 762 m; Distanza: 13,5 km; Dislivello: +\/- 607 m; Difficolt\u00e0: (E) media; Camminata totale: 6 ore.<\/p>\r\n\r\n\r\n\r\n<p>Questa escursione di un&#8217;intera giornata \u00e8 l&#8217;ideale per coloro con un livello medio di fitness che desiderano pi\u00f9 di una sfida e scoperte gratificanti lungo la strada.<\/p>\r\n<\/div>\r\n\r\n\r\n\r\n<div class=\"wp-block-column is-layout-flow wp-block-column-is-layout-flow\">\r\n<figure class=\"wp-block-image size-large is-resized\"><img loading=\"lazy\" decoding=\"async\" class=\"wp-image-3098\" src=\"https:\/\/go-comida.com\/wp-content\/uploads\/2019\/12\/20190914_121652-1024x576.jpg\" alt=\"\" width=\"256\" height=\"144\" srcset=\"https:\/\/go-comida.com\/wp-content\/uploads\/2019\/12\/20190914_121652-1024x576.jpg 1024w, https:\/\/go-comida.com\/wp-content\/uploads\/2019\/12\/20190914_121652-300x169.jpg 300w, https:\/\/go-comida.com\/wp-content\/uploads\/2019\/12\/20190914_121652-768x432.jpg 768w, https:\/\/go-comida.com\/wp-content\/uploads\/2019\/12\/20190914_121652-1536x864.jpg 1536w, https:\/\/go-comida.com\/wp-content\/uploads\/2019\/12\/20190914_121652-2048x1152.jpg 2048w, https:\/\/go-comida.com\/wp-content\/uploads\/2019\/12\/20190914_121652-1170x658.jpg 1170w\" sizes=\"auto, (max-width: 256px) 100vw, 256px\" \/><\/figure>\r\n\r\n\r\n\r\n<h3 class=\"wp-block-heading\">Escursione nella Marina di Gairo<\/h3>\r\n\r\n\r\n\r\n<p>Scopri la splendida Marina di Gairo e il variegato paesaggio che pu\u00f2 offrire. Scegli di fare un&#8217;escursione fino a <a title=\"Sa Perda Stampada\" href=\"https:\/\/go-comida.com\/it\/events\/perda_stampada\/\" target=\"_blank\" rel=\"noreferrer noopener\">Sa Perda Stampada<\/a> e ammirare le viste prima di completare un giro, passando per le piscine naturali dove \u00e8 possibile fermarsi per un bagno.<\/p>\r\n\r\n\r\n\r\n<p>Altezza max: 240 m; Altezza min: 30 m; Distanza: 13,5 km; Dislivello: +\/- 490 m; Difficolt\u00e0: (E) media; Camminata totale: 6 ore.<\/p>\r\n\r\n\r\n\r\n<p>Questa escursione \u00e8 consigliata a chi ha un livello medio di fitness.<\/p>\r\n\r\n\r\n\r\n<p>Per coloro che non vogliono camminare fino in fondo, il percorso pu\u00f2 essere accorciato a seconda delle richieste e della disponibilit\u00e0 di mezzi di trasporto.<\/p>\r\n\r\n\r\n\r\n<p><a href=\"https:\/\/go-comida.com\/it\/terra-dei-centenari\/\" target=\"_blank\" rel=\"noreferrer noopener\">Puoi prendere parte ad uno dei nostri tour in calendario<\/a> da maggio ad ottobre.<\/p>\r\n<\/div>\r\n\r\n\r\n\r\n<div class=\"wp-block-column is-layout-flow wp-block-column-is-layout-flow\">\r\n<figure class=\"wp-block-image size-large is-resized\"><img loading=\"lazy\" decoding=\"async\" class=\"wp-image-2946\" src=\"https:\/\/go-comida.com\/wp-content\/uploads\/2019\/12\/20191109_112614-1024x576.jpg\" alt=\"\" width=\"256\" height=\"144\" srcset=\"https:\/\/go-comida.com\/wp-content\/uploads\/2019\/12\/20191109_112614-1024x576.jpg 1024w, https:\/\/go-comida.com\/wp-content\/uploads\/2019\/12\/20191109_112614-300x169.jpg 300w, https:\/\/go-comida.com\/wp-content\/uploads\/2019\/12\/20191109_112614-768x432.jpg 768w, https:\/\/go-comida.com\/wp-content\/uploads\/2019\/12\/20191109_112614-1536x864.jpg 1536w, https:\/\/go-comida.com\/wp-content\/uploads\/2019\/12\/20191109_112614-2048x1152.jpg 2048w, https:\/\/go-comida.com\/wp-content\/uploads\/2019\/12\/20191109_112614-1170x658.jpg 1170w\" sizes=\"auto, (max-width: 256px) 100vw, 256px\" \/><\/figure>\r\n\r\n\r\n\r\n<h3 class=\"wp-block-heading\">Escursione alla scoperta delle Case delle Fate<\/h3>\r\n\r\n\r\n\r\n<p>L&#8217;area intorno a Cardedu pu\u00f2 essere esplorata in vari modi. In questa zona \u00e8 possibile visitare la Domus de Janas (Case delle fate), essere circondati da una campagna tranquilla, fare un&#8217;escursione attraverso la foresta di lecci, ammirare i panorami costieri. Tutto nella stessa passeggiata!<\/p>\r\n\r\n\r\n\r\n<p>Altezza max: 212 m; Altezza min: 1 m; Distanza: 13 km; Dislivello: +\/- 370 m; Difficolt\u00e0: (E) media; Camminata totale: 6 ore.<\/p>\r\n\r\n\r\n\r\n<p>Questa escursione \u00e8 consigliata a chi ha un livello medio di fitness.<\/p>\r\n\r\n\r\n\r\n<p>Per coloro che non vogliono camminare fino in fondo, il percorso pu\u00f2 essere accorciato a seconda delle richieste e della disponibilit\u00e0 di mezzi di trasporto.<\/p>\r\n\r\n\r\n\r\n<p><a href=\"https:\/\/go-comida.com\/it\/domus-de-janas\/\" target=\"_blank\" rel=\"noreferrer noopener\">Puoi prendere parte ad uno dei nostri tour in calendario<\/a> da maggio ad ottobre.<\/p>\r\n<\/div>\r\n<\/div>\r\n\r\n<p>&nbsp;<\/p>\r\n\r\n<div class=\"wp-block-columns is-layout-flex wp-container-core-columns-is-layout-9d6595d7 wp-block-columns-is-layout-flex\">\r\n<div class=\"wp-block-column is-layout-flow wp-block-column-is-layout-flow\">\r\n<figure class=\"wp-block-image size-large\"><img loading=\"lazy\" decoding=\"async\" width=\"1024\" height=\"768\" class=\"wp-image-3273\" src=\"https:\/\/go-comida.com\/wp-content\/uploads\/2020\/01\/IMG-20180422-WA0065-1024x768.jpg\" alt=\"\" srcset=\"https:\/\/go-comida.com\/wp-content\/uploads\/2020\/01\/IMG-20180422-WA0065-1024x768.jpg 1024w, https:\/\/go-comida.com\/wp-content\/uploads\/2020\/01\/IMG-20180422-WA0065-300x225.jpg 300w, https:\/\/go-comida.com\/wp-content\/uploads\/2020\/01\/IMG-20180422-WA0065-768x576.jpg 768w, https:\/\/go-comida.com\/wp-content\/uploads\/2020\/01\/IMG-20180422-WA0065-1536x1152.jpg 1536w, https:\/\/go-comida.com\/wp-content\/uploads\/2020\/01\/IMG-20180422-WA0065-1170x878.jpg 1170w, https:\/\/go-comida.com\/wp-content\/uploads\/2020\/01\/IMG-20180422-WA0065.jpg 1600w\" sizes=\"auto, (max-width: 1024px) 100vw, 1024px\" \/><\/figure>\r\n\r\n\r\n\r\n<h3 class=\"wp-block-heading\"><a title=\"E tanto altro...\" href=\"https:\/\/go-comida.com\/it\/monthly_cal\/\" target=\"_blank\" rel=\"noreferrer noopener\">E tanto altro&#8230;<\/a><\/h3>\r\n<\/div>\r\n\r\n\r\n\r\n<div class=\"wp-block-column is-layout-flow wp-block-column-is-layout-flow\">\u00a0<\/div>\r\n\r\n\r\n\r\n<div class=\"wp-block-column is-layout-flow wp-block-column-is-layout-flow\">\u00a0<\/div>\r\n\r\n\r\n\r\n<div class=\"wp-block-column is-layout-flow wp-block-column-is-layout-flow\">\u00a0<\/div>\r\n<\/div>","protected":false},"excerpt":{"rendered":"<p>&nbsp; &nbsp; &nbsp; L&#8217;Ogliastra \u00e8 una destinazione da sogno per chiunque ami i grandi spazi aperti Paesaggi mozzafiato, canyon, scogliere, dolci colline ricoperte di vigneti, foreste, laghi e percorsi vista mare Puoi trovare tutto questo in Ogliastra &nbsp; Ci sono cos\u00ec tanti percorsi che non \u00e8 possibile dettagliarli tutti ma qui trovi alcuni esempi delle&hellip; <a href=\"https:\/\/go-comida.com\/it\/hiking-and-tours\/\">Continue reading&#8230;<\/a><\/p>\n","protected":false},"author":1,"featured_media":0,"parent":0,"menu_order":0,"comment_status":"closed","ping_status":"closed","template":"","meta":{"nf_dc_page":"","footnotes":""},"class_list":["post-2919","page","type-page","status-publish","hentry"],"_links":{"self":[{"href":"https:\/\/go-comida.com\/it\/wp-json\/wp\/v2\/pages\/2919","targetHints":{"allow":["GET"]}}],"collection":[{"href":"https:\/\/go-comida.com\/it\/wp-json\/wp\/v2\/pages"}],"about":[{"href":"https:\/\/go-comida.com\/it\/wp-json\/wp\/v2\/types\/page"}],"author":[{"embeddable":true,"href":"https:\/\/go-comida.com\/it\/wp-json\/wp\/v2\/users\/1"}],"replies":[{"embeddable":true,"href":"https:\/\/go-comida.com\/it\/wp-json\/wp\/v2\/comments?post=2919"}],"version-history":[{"count":2,"href":"https:\/\/go-comida.com\/it\/wp-json\/wp\/v2\/pages\/2919\/revisions"}],"predecessor-version":[{"id":6632,"href":"https:\/\/go-comida.com\/it\/wp-json\/wp\/v2\/pages\/2919\/revisions\/6632"}],"wp:attachment":[{"href":"https:\/\/go-comida.com\/it\/wp-json\/wp\/v2\/media?parent=2919"}],"curies":[{"name":"wp","href":"https:\/\/api.w.org\/{rel}","templated":true}]}}