{"id":1793,"date":"2018-12-27T09:20:46","date_gmt":"2018-12-27T08:20:46","guid":{"rendered":"https:\/\/go-comida.com\/?page_id=1793"},"modified":"2022-01-07T16:59:22","modified_gmt":"2022-01-07T15:59:22","slug":"who-we-are","status":"publish","type":"page","link":"https:\/\/go-comida.com\/it\/who-we-are\/","title":{"rendered":"<h1 style=\"text-align: center;\">Chi Siamo"},"content":{"rendered":"<div class=\"wp-block-media-text alignwide has-media-on-the-right is-stacked-on-mobile\"><figure class=\"wp-block-media-text__media\"><img loading=\"lazy\" decoding=\"async\" width=\"768\" height=\"1024\" src=\"https:\/\/go-comida.com\/wp-content\/uploads\/2018\/12\/Moving-house-pic-768x1024.jpg\" alt=\"\" class=\"wp-image-838 size-full\" srcset=\"https:\/\/go-comida.com\/wp-content\/uploads\/2018\/12\/Moving-house-pic-768x1024.jpg 768w, https:\/\/go-comida.com\/wp-content\/uploads\/2018\/12\/Moving-house-pic-225x300.jpg 225w, https:\/\/go-comida.com\/wp-content\/uploads\/2018\/12\/Moving-house-pic-1170x1560.jpg 1170w, https:\/\/go-comida.com\/wp-content\/uploads\/2018\/12\/Moving-house-pic.jpg 1200w\" sizes=\"auto, (max-width: 768px) 100vw, 768px\" \/><\/figure><div class=\"wp-block-media-text__content\">\n<p>Vi ringraziamo per aver scelto di visitare la nostra pagina. Qui troverete qualcosa in pi\u00f9 su di noi, cos\u00ec che saprete con chi starete durante la vostra vacanza.<\/p>\n\n\n\n<p>Mia moglie Juliet \u00e8 una grandissima fan di ci\u00f2 che lei definisce \u201cDivertimento Organizzato\u201d! Quando ci siamo incontrati per la prima volta non riuscivo a capire la sua passione per la ricerca di informazioni sui luoghi, gli eventi e qualsiasi altra cosa relativa alle destinazioni delle nostre gite fuori porta del fine settimana. Avvalendosi di guide di qualsiasi genere, delle informazioni di conoscenti e di quanto trovato su internet si accertava che non ci perdessimo nulla. Questo \u00e8 sempre stato il suo metodo sin da quando, poco pi\u00f9 che diciottenne decise di partire in giro per il mondo a scoprirne le sue meraviglie. Questo la rendeva felice ma per me era classificabile semplicemente come una di quelle stravaganze Inglesi che andava contro la mia italianissima attitudine del \u201cpoi vedremo\u2026\u201d. Il mio stile era pi\u00f9 del tipo: arrivare nel luogo, immergermi nell\u2019atmosfera e vedere dove l\u2019avventura mi avrebbe portato. Quando abbiano iniziato a fare i viaggi insieme, il mio stile si \u00e8 evoluto in: arrivare nel luogo, immergermi nell\u2019atmosfera e vedere dove Juliet mi avrebbe portato! E fu una sorpresa scoprire quanto mi piacesse! Mi piaceva avere la mia guida turistica personale che mi portava in giro, mi mostrava le cose importanti e i migliori angoli dove fare uno spuntino o bere qualcosa, i musei nascosti e i luoghi di interesse meno conosciuti. Ancor di pi\u00f9 iniziai ad apprezzare questi viaggi quando insistette perch\u00e9 prendessimo un autobus scoperto o ci unissimo ad una visita guidata. Ci\u00f2 fu anche pi\u00f9 piacevole quando iniziammo a scoprire posti nuovi e ci rendemmo conto di star costruendo piacevoli ricordi insieme.<\/p>\n\n\n\n<p>Ora capisco il vero valore della conoscenza locale e della sua capacit\u00e0 di farci ottenere la migliore esperienza possibile. Tornavamo dai viaggi ispirati e pronti ad organizzare la prossima avventura. Tale ispirazione ci ha portato fin qui, in Sardegna,&nbsp;insieme. Abbiamo creato Go Comida per offrirvi la conoscenza locale e le opportunit\u00e0 per colmare il vostro tempo di \u201cDivertimento Organizzato\u201d per aiutarvi a costruire i vostri bei ricordi e farvi provare a vivere veramente la Sardegna.<\/p>\n\n\n\n<p>Noi facciamo il lavoro per voi. Abbiamo scovato i vigneti nascosti, i siti storici meno conosciuti, i sentieri escursionistici difficili da raggiungere (o da seguire!) e i luoghi perfetti per i vostri selfie. Potrete rilassarvi sapendo che lascerete la Sardegna pieni di bei ricordi, conoscenza dei luoghi e un po\u2019 della nostra passione per la gastronomia, i vini, la cultura e le persone di questa magnifica isola. Troverete in questo sito un abbozzo di potenziali esperienze da fare in Sardegna. Non si tratta di una lista esaustiva degli itinerari possibili ma ha il semplice scopo di darvi la giusta ispirazione\u2026 almeno \u00e8 quello che ci auguriamo, per cui vi invitiamo, se cos\u00ec fosse, a contattarci. Telefonateci, mandateci un messaggio tramite Whatsapp o e-mail. Fateci sapere cosa vi piacerebbe fare , cosa vi piacerebbe vedere, se preferireste fare un\u2019esperienza privata per voi e i vostri amici o famiglia e lasciate che vi suggeriamo qualcosa. Possiamo aiutarvi anche a trovare un alloggio che sia adeguato ai vostri bisogni e alle vostre tasche. Ci auguriamo che vogliate passare almeno una giornata con noi per vivere un\u2019esperienza in Sardegna come la viviamo noi. Non \u00e8 necessario alloggiare da noi per approfittare dei nostri servizi.<\/p>\n<\/div><\/div>\n\n\n\n<div class=\"wp-block-media-text alignwide is-stacked-on-mobile\"><figure class=\"wp-block-media-text__media\"><img loading=\"lazy\" decoding=\"async\" width=\"768\" height=\"1024\" src=\"https:\/\/go-comida.com\/wp-content\/uploads\/2018\/12\/Wedding-pic-for-website-768x1024.jpg\" alt=\"\" class=\"wp-image-846 size-full\"\/><\/figure><div class=\"wp-block-media-text__content\">\n<p>Ci siamo trasferiti permanentemente a Tortol\u00ec a Gennaio 2018 dopo esserci incontrati e aver vissuto insieme a Londra. Abbiamo avuto la fortuna che Gianfranco e la sua famiglia avessero costruito una bellissima casa ai margini del centro storico e che i suoi familiari fossero pazzi abbastanza da permetterci di trasformare il nostro appartamento in un luogo accogliente per i vacanzieri. Abbiamo deciso di imbarcarci nell\u2019opera di completamento dei lavori nell\u2019estate 2017. Abbiamo dato istruzioni ai muratori, rassegnato le dimissioni a lavoro e abbiamo iniziato a prepararci per il trasferimento! Avevamo programmato di traslocare a Gennaio 2018 e finire i lavori entro Pasqua.<\/p>\n\n\n\n<p>Quando abbiamo caricato il furgone con tutti i nostri averi per lasciarci la vita caotica di Londra alle spalle, eravamo consapevoli che i lavori stavano procedendo a \u201critmi sardi\u201d ed erano un po\u2019 indietro! A Gennaio ci siamo quindi trasferiti e abbiamo portato un po\u2019 di sostegno ai ritmi di lavoro con la premura di vederli completati a breve termine. Abbiamo mancato clamorosamente la scadenza Pasquale ma abbiamo approfittato del tempo a disposizione per fare escursioni, esplorare ed innamorarci profondamente della nostra nuova terra.<\/p>\n\n\n\n<p>Pensando che saremmo stati pienamente operativi, abbiamo deciso di sposarci alla fine di Maggio!!! Quindi nel caos del completamento dei lavori, ci abbiamo infilato pure il matrimonio (con circa 3 settimane di preavviso! Avevamo abbracciato i ritmi di vita sardi!!!). Fu un perfetto mix di tradizioni sarde e britanniche, una serata danzante con musica rock, tantissimo cibo (e pure di pi\u00f9 da buona tradizione sarda) e segnato l\u2019inizio vero e proprio della nostra vita insieme a Tortol\u00ec.<\/p>\n\n\n\n<p>Amici e parenti si godettero una bella vacanza in nostra compagnia dopo il matrimonio e qualche settimana pi\u00f9 tardi potemmo dare il benvenuto ai nostri primi ospiti (con qualche mese di ritardo sulla tabella di marcia). Da allora abbiamo accolto e aiutato i vacanzieri a scoprire questo luogo meraviglioso. Ora sembra normale stare in auto e guidare lungo queste meravigliose strade di montagna per imbattersi improvvisamente in un blocco del traffico composto da un\u2019altra auto, un pastore e un centinaio di pecore o una mandria di vacche che se ne vanno in giro liberamente! Ci piace tanto andare in giro per feste, eventi e sagre nei paesi vicini che sono organizzati a cadenza quasi settimanale, per cui non c&#8217;\u00e8 il rischio che ci annoiamo perch\u00e9 non abbiamo nulla da fare. Questo \u00e8 molto diverso rispetto alla nostra vita in Inghilterra e non la cambieremmo per nulla al mondo, ormai. La Sardegna \u00e8 ora la nostra casa, la nostra passione, il nostro piacere. Ci piacerebbe aiutarvi a vivere questa esperienza in Sardegna cos\u00ec come la viviamo noi.<\/p>\n<\/div><\/div>\n\n\n\n<div class=\"wp-block-media-text alignwide has-media-on-the-right is-stacked-on-mobile\"><figure class=\"wp-block-media-text__media\"><img loading=\"lazy\" decoding=\"async\" width=\"1024\" height=\"576\" src=\"https:\/\/go-comida.com\/wp-content\/uploads\/2018\/02\/DSC_0453-1024x576.jpg\" alt=\"\" class=\"wp-image-29 size-full\" srcset=\"https:\/\/go-comida.com\/wp-content\/uploads\/2018\/02\/DSC_0453-1024x576.jpg 1024w, https:\/\/go-comida.com\/wp-content\/uploads\/2018\/02\/DSC_0453-300x169.jpg 300w, https:\/\/go-comida.com\/wp-content\/uploads\/2018\/02\/DSC_0453-768x432.jpg 768w\" sizes=\"auto, (max-width: 1024px) 100vw, 1024px\" \/><\/figure><div class=\"wp-block-media-text__content\">\n<p>Gianfranco ha lavorato per molti anni nel centro-Italia e a Londra. Parla Inglese molto bene (con un po\u2019 di accento alla Gino D\u2019Acampo!) e Francese con qualche incertezza a causa del mix di terminologia e grammatica delle 4 lingue conosciute (anche il Sardo \u00e8 una lingua!). \u00c8 appassionato di gastronomia, vini e cultura locali. \u00c8 qualificato come Guida Ambientale Escursionistica (AIGAE) e Sommelier (WSET) ed \u00e8 in grado di offrire tour dei siti locali, vigneti e sentieri escursionistici su richiesta. Quando le sue competenze si combinano, potete aspettarvi di esplorare i bellissimi spazi all\u2019aria aperta e ad un certo punto potrebbe anche comparire un grandioso rosso e una vista spettacolare. Visitate la nostra pagina <a aria-label=\" (opens in a new tab)\" href=\"https:\/\/go-comida.com\/it\/hiking-in-ogliastra\/\" target=\"_blank\" rel=\"noreferrer noopener\">Escursioni <\/a>per ulteriori informazioni.<\/p>\n\n\n\n<p>Juliet \u00e8 cresciuta nello Yorkshire (Inghilterra). Ama la vita all&#8217;aria aperta, il contatto con persone di tutte le culture e, dopo aver incontrato Gianfranco a Londra, hanno insieme deciso di aprire la propria casa allo scambio culturale. Juliet \u00e8 una Fisioterapista e istruttrice qualificata di Pilates (APPI); \u00e8 in grado di offrire trattamenti fisioterapici e lezioni di Pilates, sia private che di gruppo ai turisti che soggiornano nella zona. Guardate la nostra pagina <a aria-label=\" (opens in a new tab)\" href=\"https:\/\/go-comida.com\/it\/pilates-and-yoga\/\" target=\"_blank\" rel=\"noreferrer noopener\">Pilates &amp;&nbsp;Yoga<\/a> per maggiori informazioni.<\/p>\n\n\n\n<p>Ci piacerebbe accogliervi nella nostra casa ed aiutarvi a scoprire la Vera Sardegna, lontano dal turismo di massa. Juliet \u00e8 celiaca e Gianfranco intollerante al fruttosio quindi entrambi hanno una sensibilit\u00e0 particolare e capiscono l&#8217;importanza di sentirsi sicuri quando si viene offerti del cibo. Siamo in grado di suggerire i migliori ristoranti, bar e chioschi dove trovare cibi e bevande per una serie di necessit\u00e0 alimentari dovute ad allergie e intolleranze in modo da poter godere il pranzo (e la vacanza) in completa sicurezza. Resterete sorpresi da quanti sono coloro in grado di offrirvi supporto e scelta per soddisfare tali necessit\u00e0.<\/p>\n<\/div><\/div>","protected":false},"excerpt":{"rendered":"<p>Vi ringraziamo per aver scelto di visitare la nostra pagina. Qui troverete qualcosa in pi\u00f9 su di noi, cos\u00ec che saprete con chi starete durante la vostra vacanza. Mia moglie Juliet \u00e8 una grandissima fan di ci\u00f2 che lei definisce \u201cDivertimento Organizzato\u201d! Quando ci siamo incontrati per la prima volta non riuscivo a capire la&hellip; <a href=\"https:\/\/go-comida.com\/it\/who-we-are\/\">Continue reading&#8230;<\/a><\/p>\n","protected":false},"author":1,"featured_media":0,"parent":0,"menu_order":0,"comment_status":"closed","ping_status":"closed","template":"","meta":{"nf_dc_page":"","footnotes":""},"class_list":["post-1793","page","type-page","status-publish","hentry"],"_links":{"self":[{"href":"https:\/\/go-comida.com\/it\/wp-json\/wp\/v2\/pages\/1793","targetHints":{"allow":["GET"]}}],"collection":[{"href":"https:\/\/go-comida.com\/it\/wp-json\/wp\/v2\/pages"}],"about":[{"href":"https:\/\/go-comida.com\/it\/wp-json\/wp\/v2\/types\/page"}],"author":[{"embeddable":true,"href":"https:\/\/go-comida.com\/it\/wp-json\/wp\/v2\/users\/1"}],"replies":[{"embeddable":true,"href":"https:\/\/go-comida.com\/it\/wp-json\/wp\/v2\/comments?post=1793"}],"version-history":[{"count":0,"href":"https:\/\/go-comida.com\/it\/wp-json\/wp\/v2\/pages\/1793\/revisions"}],"wp:attachment":[{"href":"https:\/\/go-comida.com\/it\/wp-json\/wp\/v2\/media?parent=1793"}],"curies":[{"name":"wp","href":"https:\/\/api.w.org\/{rel}","templated":true}]}}