{"id":104,"date":"2018-02-14T14:49:38","date_gmt":"2018-02-14T14:49:38","guid":{"rendered":"https:\/\/go-comida.com\/?page_id=104"},"modified":"2019-01-10T08:43:52","modified_gmt":"2019-01-10T07:43:52","slug":"pilates-and-yoga","status":"publish","type":"page","link":"https:\/\/go-comida.com\/it\/pilates-and-yoga\/","title":{"rendered":"<h1 style=\"text-align: center;\">Pilates e Yoga"},"content":{"rendered":"<h4 class=\"wp-block-heading\" style=\"text-align:center\">***<\/h4>\n\n\n\n<h2 class=\"wp-block-heading\" style=\"text-align:center\">Prezzi a partire da \u20ac5 a persona per una lezione di gruppo<\/h2>\n\n\n\n<h4 class=\"wp-block-heading\" style=\"text-align:center\">***<\/h4>\n\n\n\n<p><\/p>\n\n\n\n<h2 class=\"wp-block-heading\">Pilates in Ogliastra &#8211; in Italiano e Inglese<\/h2>\n\n\n\n<p>Juliet \u00e8 laureata in Fisioterapia ed \u00e8 istruttrice qualificata di Pilates. Originaria del West Yorkshire (Regno Unito), Juliet vive ora a Tortol\u00ec e&nbsp;offre trattamenti fisioterapici e lezioni di Pilates, private o di gruppo per turisti e residenti, sia in italiano che in inglese.<\/p>\n\n\n\n<h3 class=\"wp-block-heading\">Perfetto per tutti: dal livello principiante a quello avanzato<\/h3>\n\n\n\n<p>Cosa c&#8217;\u00e8 di meglio di un rientro a casa dalle vacanze sentendosi pienamente ringiovaniti, pi\u00f9 agili e pi\u00f9 forti? Il Pilates \u00e8 un tipo di esercizio adatto a qualsiasi livello di fitness e abilit\u00e0. Non preoccuparti se non hai mai provato il pilates prima d&#8217;ora; Juliet sar\u00e0 in grado di insegnarti le basi per farti iniziare in completa sicurezza. Se gi\u00e0 fai Pilates a casa regolarmente, continua a migliorarti durante le vacanze con delle lezioni personalizzate. Possiamo fare una sessione di riscaldamento prima di colazione&nbsp;nel nostro cortile; alternativamente possiamo andare in spiaggia o in campagna per completare la sessione circondati dalla natura. Juliet insegna Pilates con esercizi da svolgersi sul tappetino e con l&#8217;uso di piccoli attrezzi come la fascia elastica, palle e cerchi magici.<\/p>\n\n\n\n<p>E&#8217; stato dimostrato che il Pilates\u00a0abbia un ruolo efficace nell&#8217;aiutare le persone a risolvere i dolori pi\u00f9 comuni come quelli afferenti schiena, collo e spalle. Gli esercizi possono essere adattati per prevenire l&#8217;esacerbarsi di condizioni pre-esistenti tramite l&#8217;uso di una variet\u00e0 di posture:\u00a0in piedi, seduti e sdraiati. Come Fisioterapista, Juliet ha le conoscenze e l&#8217;esperienza necessaria per farti svolgere tutti gli esercizi in completa sicurezza. Juliet usa spesso gli esercizi di Pilates come trattamento per i suoi pazienti in quanto ha potuto constatarne i benefici nell&#8217;arco di molti anni di esperienza. Anche tu potresti sperimentare dei miglioramenti posturali e la riduzione di comuni dolori e fastidi che si tende ad ascrivere al nostro stile di vita.<\/p>\n\n\n\n<h2 class=\"wp-block-heading\">Yoga<\/h2>\n\n\n\n<p>Siamo anche in contatto con istruttori di Yoga qui in Ogliastra che sono in grado di offrire sessioni in inglese o in italiano. Le sessioni possono aver luogo in una variet\u00e0 di luoghi tra cui alcune speciali yurte per Yoga situate nelle colline circostanti.<\/p>\n\n\n\n<h2 class=\"wp-block-heading\">Prenotazioni e ulteriori informazioni<\/h2>\n\n\n\n<p>Contattateci tramite il link di&nbsp;<a aria-label=\" (opens in a new tab)\" href=\"https:\/\/go-comida.com\/it\/contact-us-2\/\" target=\"_blank\" rel=\"noreferrer noopener\">contatto<\/a> per ulteriori informazioni inclusi prenotazioni e costi. Juliet \u00e8 disponibile a discutere dei vostri problemi per telefono o via mail per capire se potreste beneficiare dei suoi servizi.<\/p>\n\n\n\n<p><\/p>","protected":false},"excerpt":{"rendered":"<p>*** Prezzi a partire da \u20ac5 a persona per una lezione di gruppo *** Pilates in Ogliastra &#8211; in Italiano e Inglese Juliet \u00e8 laureata in Fisioterapia ed \u00e8 istruttrice qualificata di Pilates. Originaria del West Yorkshire (Regno Unito), Juliet vive ora a Tortol\u00ec e&nbsp;offre trattamenti fisioterapici e lezioni di Pilates, private o di gruppo&hellip; <a href=\"https:\/\/go-comida.com\/it\/pilates-and-yoga\/\">Continue reading&#8230;<\/a><\/p>\n","protected":false},"author":1,"featured_media":0,"parent":0,"menu_order":0,"comment_status":"closed","ping_status":"closed","template":"","meta":{"nf_dc_page":"","footnotes":""},"class_list":["post-104","page","type-page","status-publish","hentry"],"_links":{"self":[{"href":"https:\/\/go-comida.com\/it\/wp-json\/wp\/v2\/pages\/104","targetHints":{"allow":["GET"]}}],"collection":[{"href":"https:\/\/go-comida.com\/it\/wp-json\/wp\/v2\/pages"}],"about":[{"href":"https:\/\/go-comida.com\/it\/wp-json\/wp\/v2\/types\/page"}],"author":[{"embeddable":true,"href":"https:\/\/go-comida.com\/it\/wp-json\/wp\/v2\/users\/1"}],"replies":[{"embeddable":true,"href":"https:\/\/go-comida.com\/it\/wp-json\/wp\/v2\/comments?post=104"}],"version-history":[{"count":0,"href":"https:\/\/go-comida.com\/it\/wp-json\/wp\/v2\/pages\/104\/revisions"}],"wp:attachment":[{"href":"https:\/\/go-comida.com\/it\/wp-json\/wp\/v2\/media?parent=104"}],"curies":[{"name":"wp","href":"https:\/\/api.w.org\/{rel}","templated":true}]}}